{"id":2222,"date":"2023-05-18T22:01:31","date_gmt":"2023-05-18T22:01:31","guid":{"rendered":"https:\/\/ohmygreenland.com\/?page_id=2222"},"modified":"2023-06-09T21:19:13","modified_gmt":"2023-06-09T21:19:13","slug":"glamping","status":"publish","type":"page","link":"https:\/\/ohmygreenland.com\/da\/glamping\/","title":{"rendered":"Glamping"},"content":{"rendered":"\t\t<div data-elementor-type=\"wp-page\" data-elementor-id=\"2222\" class=\"elementor elementor-2222\" data-elementor-post-type=\"page\">\n\t\t\t\t\t\t<section class=\"elementor-section elementor-top-section elementor-element elementor-element-6421c5b elementor-section-boxed elementor-section-height-default elementor-section-height-default\" data-id=\"6421c5b\" data-element_type=\"section\" data-settings=\"{&quot;background_background&quot;:&quot;classic&quot;}\">\n\t\t\t\t\t\t<div class=\"elementor-container elementor-column-gap-default\">\n\t\t\t\t\t<div class=\"elementor-column elementor-col-100 elementor-top-column elementor-element elementor-element-859ed51\" data-id=\"859ed51\" data-element_type=\"column\">\n\t\t\t<div class=\"elementor-widget-wrap elementor-element-populated\">\n\t\t\t\t\t\t<div class=\"elementor-element elementor-element-002f0e4 elementor-widget elementor-widget-heading\" data-id=\"002f0e4\" data-element_type=\"widget\" data-widget_type=\"heading.default\">\n\t\t\t\t<div class=\"elementor-widget-container\">\n\t\t\t<h1 class=\"elementor-heading-title elementor-size-default\">~ Glamping ~<\/h1>\t\t<\/div>\n\t\t\t\t<\/div>\n\t\t\t\t<section class=\"elementor-section elementor-inner-section elementor-element elementor-element-2e5a15f elementor-section-full_width elementor-section-content-middle elementor-section-height-default elementor-section-height-default\" data-id=\"2e5a15f\" data-element_type=\"section\">\n\t\t\t\t\t\t<div class=\"elementor-container elementor-column-gap-default\">\n\t\t\t\t\t<div class=\"elementor-column elementor-col-50 elementor-inner-column elementor-element elementor-element-a8412b7\" data-id=\"a8412b7\" data-element_type=\"column\">\n\t\t\t<div class=\"elementor-widget-wrap elementor-element-populated\">\n\t\t\t\t\t\t<div class=\"elementor-element elementor-element-94ceb48 elementor-widget__width-initial elementor-widget elementor-widget-image\" data-id=\"94ceb48\" data-element_type=\"widget\" data-widget_type=\"image.default\">\n\t\t\t\t<div class=\"elementor-widget-container\">\n\t\t\t\t\t\t\t\t\t\t\t\t\t<img fetchpriority=\"high\" decoding=\"async\" width=\"768\" height=\"422\" src=\"https:\/\/ohmygreenland.com\/wp-content\/uploads\/2023\/05\/glamping1-768x422.jpg\" class=\"attachment-medium_large size-medium_large wp-image-2224\" alt=\"\" srcset=\"https:\/\/ohmygreenland.com\/wp-content\/uploads\/2023\/05\/glamping1-768x422.jpg 768w, https:\/\/ohmygreenland.com\/wp-content\/uploads\/2023\/05\/glamping1-600x330.jpg 600w, https:\/\/ohmygreenland.com\/wp-content\/uploads\/2023\/05\/glamping1-300x165.jpg 300w, https:\/\/ohmygreenland.com\/wp-content\/uploads\/2023\/05\/glamping1.jpg 1000w\" sizes=\"(max-width: 768px) 100vw, 768px\" \/>\t\t\t\t\t\t\t\t\t\t\t\t\t<\/div>\n\t\t\t\t<\/div>\n\t\t\t\t\t<\/div>\n\t\t<\/div>\n\t\t\t\t<div class=\"elementor-column elementor-col-50 elementor-inner-column elementor-element elementor-element-8d94d76\" data-id=\"8d94d76\" data-element_type=\"column\">\n\t\t\t<div class=\"elementor-widget-wrap elementor-element-populated\">\n\t\t\t\t\t\t<div class=\"elementor-element elementor-element-5c660b8 elementor-align-left elementor-icon-list--layout-traditional elementor-list-item-link-full_width elementor-widget elementor-widget-icon-list\" data-id=\"5c660b8\" data-element_type=\"widget\" data-widget_type=\"icon-list.default\">\n\t\t\t\t<div class=\"elementor-widget-container\">\n\t\t\t\t\t<ul class=\"elementor-icon-list-items\">\n\t\t\t\t\t\t\t<li class=\"elementor-icon-list-item\">\n\t\t\t\t\t\t\t\t\t\t\t<span class=\"elementor-icon-list-icon\">\n\t\t\t\t\t\t\t<i aria-hidden=\"true\" class=\"fas fa-coins\"><\/i>\t\t\t\t\t\t<\/span>\n\t\t\t\t\t\t\t\t\t\t<span class=\"elementor-icon-list-text\">pris 1.650,- dkr\/pr person<\/span>\n\t\t\t\t\t\t\t\t\t<\/li>\n\t\t\t\t\t\t\t\t<li class=\"elementor-icon-list-item\">\n\t\t\t\t\t\t\t\t\t\t\t<span class=\"elementor-icon-list-icon\">\n\t\t\t\t\t\t\t<i aria-hidden=\"true\" class=\"fas fa-clock\"><\/i>\t\t\t\t\t\t<\/span>\n\t\t\t\t\t\t\t\t\t\t<span class=\"elementor-icon-list-text\">pr\/dag<\/span>\n\t\t\t\t\t\t\t\t\t<\/li>\n\t\t\t\t\t\t\t\t<li class=\"elementor-icon-list-item\">\n\t\t\t\t\t\t\t\t\t\t\t<span class=\"elementor-icon-list-icon\">\n\t\t\t\t\t\t\t<i aria-hidden=\"true\" class=\"far fa-star\"><\/i>\t\t\t\t\t\t<\/span>\n\t\t\t\t\t\t\t\t\t\t<span class=\"elementor-icon-list-text\">tur\/retur inkluderet<\/span>\n\t\t\t\t\t\t\t\t\t<\/li>\n\t\t\t\t\t\t\t\t<li class=\"elementor-icon-list-item\">\n\t\t\t\t\t\t\t\t\t\t\t<span class=\"elementor-icon-list-icon\">\n\t\t\t\t\t\t\t<i aria-hidden=\"true\" class=\"fas fa-bread-slice\"><\/i>\t\t\t\t\t\t<\/span>\n\t\t\t\t\t\t\t\t\t\t<span class=\"elementor-icon-list-text\">morgenmad inkluderet<\/span>\n\t\t\t\t\t\t\t\t\t<\/li>\n\t\t\t\t\t\t<\/ul>\n\t\t\t\t<\/div>\n\t\t\t\t<\/div>\n\t\t\t\t\t<\/div>\n\t\t<\/div>\n\t\t\t\t\t<\/div>\n\t\t<\/section>\n\t\t\t\t<div class=\"elementor-element elementor-element-70cbc3b elementor-align-center elementor-widget elementor-widget-button\" data-id=\"70cbc3b\" data-element_type=\"widget\" data-widget_type=\"button.default\">\n\t\t\t\t<div class=\"elementor-widget-container\">\n\t\t\t\t\t\t\t<div class=\"elementor-button-wrapper\">\n\t\t\t\t\t<a class=\"elementor-button elementor-button-link elementor-size-sm\" href=\"#calendar\">\n\t\t\t\t\t\t<span class=\"elementor-button-content-wrapper\">\n\t\t\t\t\t\t\t\t\t<span class=\"elementor-button-text\">Book tur<\/span>\n\t\t\t\t\t<\/span>\n\t\t\t\t\t<\/a>\n\t\t\t\t<\/div>\n\t\t\t\t\t\t<\/div>\n\t\t\t\t<\/div>\n\t\t\t\t<div class=\"elementor-element elementor-element-a738548 elementor-widget elementor-widget-text-editor\" data-id=\"a738548\" data-element_type=\"widget\" data-widget_type=\"text-editor.default\">\n\t\t\t\t<div class=\"elementor-widget-container\">\n\t\t\t\t\t\t\t<p>Sov under stjernerne og bliv v\u00e6kket af fuglefl\u00f8jt.<\/p><p>Glamping er den hurtigst voksende og mest popul\u00e6re overnatningsform, forst\u00e5eligt nok.<\/p><p>Omgivet af h\u00f8je bjerge og med udsigt til Sulussugutit-bugten, bliver det ikke bedre end det her.<\/p><p>Sulussugutip Kangerlua er det perfekte sted at overnatte.<\/p><p>Unplug fra omverdenen og slap af &#8211; s\u00e5dan heeelt af.<\/p><p>Oplev naturen first hand, g\u00e5 p\u00e5 vandreture,\u00a0 tag fiskestangen eller nyd en tur i bugten med havkajak.<\/p>\t\t\t\t\t\t<\/div>\n\t\t\t\t<\/div>\n\t\t\t\t<div class=\"elementor-element elementor-element-6c8f16d elementor-widget-divider--view-line elementor-widget elementor-widget-divider\" data-id=\"6c8f16d\" data-element_type=\"widget\" data-widget_type=\"divider.default\">\n\t\t\t\t<div class=\"elementor-widget-container\">\n\t\t\t\t\t<div class=\"elementor-divider\">\n\t\t\t<span class=\"elementor-divider-separator\">\n\t\t\t\t\t\t<\/span>\n\t\t<\/div>\n\t\t\t\t<\/div>\n\t\t\t\t<\/div>\n\t\t\t\t<div class=\"elementor-element elementor-element-dbef7d5 elementor-widget-divider--view-line elementor-widget elementor-widget-divider\" data-id=\"dbef7d5\" data-element_type=\"widget\" data-widget_type=\"divider.default\">\n\t\t\t\t<div class=\"elementor-widget-container\">\n\t\t\t\t\t<div class=\"elementor-divider\">\n\t\t\t<span class=\"elementor-divider-separator\">\n\t\t\t\t\t\t<\/span>\n\t\t<\/div>\n\t\t\t\t<\/div>\n\t\t\t\t<\/div>\n\t\t\t\t<div class=\"elementor-element elementor-element-dd7ccd2 elementor-widget-divider--view-line elementor-widget elementor-widget-divider\" data-id=\"dd7ccd2\" data-element_type=\"widget\" data-widget_type=\"divider.default\">\n\t\t\t\t<div class=\"elementor-widget-container\">\n\t\t\t\t\t<div class=\"elementor-divider\">\n\t\t\t<span class=\"elementor-divider-separator\">\n\t\t\t\t\t\t<\/span>\n\t\t<\/div>\n\t\t\t\t<\/div>\n\t\t\t\t<\/div>\n\t\t\t\t<div class=\"elementor-element elementor-element-49d972e elementor-position-left elementor-view-default elementor-mobile-position-top elementor-vertical-align-top elementor-widget elementor-widget-icon-box\" data-id=\"49d972e\" data-element_type=\"widget\" data-widget_type=\"icon-box.default\">\n\t\t\t\t<div class=\"elementor-widget-container\">\n\t\t\t\t\t<div class=\"elementor-icon-box-wrapper\">\n\n\t\t\t\t\t\t<div class=\"elementor-icon-box-icon\">\n\t\t\t\t<span  class=\"elementor-icon elementor-animation-\">\n\t\t\t\t<i aria-hidden=\"true\" class=\"fas fa-info-circle\"><\/i>\t\t\t\t<\/span>\n\t\t\t<\/div>\n\t\t\t\n\t\t\t\t\t\t<div class=\"elementor-icon-box-content\">\n\n\t\t\t\t\t\t\t\t\t<h3 class=\"elementor-icon-box-title\">\n\t\t\t\t\t\t<span  >\n\t\t\t\t\t\t\tOvernatning er inkl morgenmad - resten af dagens m\u00e5ltider s\u00f8rger man selv for.\t\t\t\t\t\t<\/span>\n\t\t\t\t\t<\/h3>\n\t\t\t\t\n\t\t\t\t\n\t\t\t<\/div>\n\t\t\t\n\t\t<\/div>\n\t\t\t\t<\/div>\n\t\t\t\t<\/div>\n\t\t\t\t<div class=\"elementor-element elementor-element-84ef73a elementor-widget elementor-widget-text-editor\" data-id=\"84ef73a\" data-element_type=\"widget\" data-widget_type=\"text-editor.default\">\n\t\t\t\t<div class=\"elementor-widget-container\">\n\t\t\t\t\t\t\t<p>Teltene er opvarmet med V\u00e6geovne og indrettet med rigtige senge, som du kan hvile dig i efter en hel dag med oplevelser.<\/p>\t\t\t\t\t\t<\/div>\n\t\t\t\t<\/div>\n\t\t\t\t\t<\/div>\n\t\t<\/div>\n\t\t\t\t\t<\/div>\n\t\t<\/section>\n\t\t\t\t<section class=\"elementor-section elementor-top-section elementor-element elementor-element-9c2508b elementor-section-boxed elementor-section-height-default elementor-section-height-default\" data-id=\"9c2508b\" data-element_type=\"section\" data-settings=\"{&quot;background_background&quot;:&quot;classic&quot;}\">\n\t\t\t\t\t\t<div class=\"elementor-container elementor-column-gap-default\">\n\t\t\t\t\t<div class=\"elementor-column elementor-col-33 elementor-top-column elementor-element elementor-element-31c3a3c\" data-id=\"31c3a3c\" data-element_type=\"column\">\n\t\t\t<div class=\"elementor-widget-wrap elementor-element-populated\">\n\t\t\t\t\t\t<div class=\"elementor-element elementor-element-f32cb52 elementor-widget elementor-widget-image\" data-id=\"f32cb52\" data-element_type=\"widget\" data-settings=\"{&quot;_animation&quot;:&quot;none&quot;}\" data-widget_type=\"image.default\">\n\t\t\t\t<div class=\"elementor-widget-container\">\n\t\t\t\t\t\t\t\t\t\t\t\t\t<img decoding=\"async\" width=\"800\" height=\"531\" src=\"https:\/\/ohmygreenland.com\/wp-content\/uploads\/2023\/05\/havoern.jpg\" class=\"attachment-large size-large wp-image-1682\" alt=\"\" srcset=\"https:\/\/ohmygreenland.com\/wp-content\/uploads\/2023\/05\/havoern.jpg 800w, https:\/\/ohmygreenland.com\/wp-content\/uploads\/2023\/05\/havoern-600x398.jpg 600w, https:\/\/ohmygreenland.com\/wp-content\/uploads\/2023\/05\/havoern-300x199.jpg 300w, https:\/\/ohmygreenland.com\/wp-content\/uploads\/2023\/05\/havoern-768x510.jpg 768w\" sizes=\"(max-width: 800px) 100vw, 800px\" \/>\t\t\t\t\t\t\t\t\t\t\t\t\t<\/div>\n\t\t\t\t<\/div>\n\t\t\t\t\t<\/div>\n\t\t<\/div>\n\t\t\t\t<div class=\"elementor-column elementor-col-33 elementor-top-column elementor-element elementor-element-219505a\" data-id=\"219505a\" data-element_type=\"column\">\n\t\t\t<div class=\"elementor-widget-wrap elementor-element-populated\">\n\t\t\t\t\t\t<div class=\"elementor-element elementor-element-edc17b6 elementor-widget elementor-widget-image\" data-id=\"edc17b6\" data-element_type=\"widget\" data-widget_type=\"image.default\">\n\t\t\t\t<div class=\"elementor-widget-container\">\n\t\t\t\t\t\t\t\t\t\t\t\t\t<img decoding=\"async\" width=\"800\" height=\"532\" src=\"https:\/\/ohmygreenland.com\/wp-content\/uploads\/2023\/05\/rensdyr-1024x681.jpg\" class=\"attachment-large size-large wp-image-2228\" alt=\"\" srcset=\"https:\/\/ohmygreenland.com\/wp-content\/uploads\/2023\/05\/rensdyr-1024x681.jpg 1024w, https:\/\/ohmygreenland.com\/wp-content\/uploads\/2023\/05\/rensdyr-600x399.jpg 600w, https:\/\/ohmygreenland.com\/wp-content\/uploads\/2023\/05\/rensdyr-300x199.jpg 300w, https:\/\/ohmygreenland.com\/wp-content\/uploads\/2023\/05\/rensdyr-768x511.jpg 768w, https:\/\/ohmygreenland.com\/wp-content\/uploads\/2023\/05\/rensdyr.jpg 1280w\" sizes=\"(max-width: 800px) 100vw, 800px\" \/>\t\t\t\t\t\t\t\t\t\t\t\t\t<\/div>\n\t\t\t\t<\/div>\n\t\t\t\t\t<\/div>\n\t\t<\/div>\n\t\t\t\t<div class=\"elementor-column elementor-col-33 elementor-top-column elementor-element elementor-element-c2f372d\" data-id=\"c2f372d\" data-element_type=\"column\">\n\t\t\t<div class=\"elementor-widget-wrap elementor-element-populated\">\n\t\t\t\t\t\t<div class=\"elementor-element elementor-element-03b2f04 elementor-widget elementor-widget-image\" data-id=\"03b2f04\" data-element_type=\"widget\" data-widget_type=\"image.default\">\n\t\t\t\t<div class=\"elementor-widget-container\">\n\t\t\t\t\t\t\t\t\t\t\t\t\t<img loading=\"lazy\" decoding=\"async\" width=\"930\" height=\"500\" src=\"https:\/\/ohmygreenland.com\/wp-content\/uploads\/2023\/05\/Sulussugutit.jpg\" class=\"attachment-full size-full wp-image-2232\" alt=\"\" srcset=\"https:\/\/ohmygreenland.com\/wp-content\/uploads\/2023\/05\/Sulussugutit.jpg 930w, https:\/\/ohmygreenland.com\/wp-content\/uploads\/2023\/05\/Sulussugutit-600x323.jpg 600w, https:\/\/ohmygreenland.com\/wp-content\/uploads\/2023\/05\/Sulussugutit-300x161.jpg 300w, https:\/\/ohmygreenland.com\/wp-content\/uploads\/2023\/05\/Sulussugutit-768x413.jpg 768w\" sizes=\"(max-width: 930px) 100vw, 930px\" \/>\t\t\t\t\t\t\t\t\t\t\t\t\t<\/div>\n\t\t\t\t<\/div>\n\t\t\t\t\t<\/div>\n\t\t<\/div>\n\t\t\t\t\t<\/div>\n\t\t<\/section>\n\t\t\t\t<\/div>\n\t\t","protected":false},"excerpt":{"rendered":"<p>~ Glamping ~ pris 1.650,- dkr\/pr person pr\/dag tur\/retur inkluderet morgenmad inkluderet Book tur Sov under stjernerne og bliv v\u00e6kket af fuglefl\u00f8jt. Glamping er den hurtigst voksende og mest popul\u00e6re overnatningsform, forst\u00e5eligt nok. Omgivet af h\u00f8je bjerge og med udsigt til Sulussugutit-bugten, bliver det ikke bedre end det her. Sulussugutip Kangerlua er det perfekte sted [&hellip;]<\/p>\n","protected":false},"author":1,"featured_media":0,"parent":0,"menu_order":0,"comment_status":"closed","ping_status":"closed","template":"","meta":{"_acf_changed":false,"footnotes":""},"categories":[],"tags":[],"class_list":["post-2222","page","type-page","status-publish","hentry"],"acf":[],"yoast_head":"<!-- This site is optimized with the Yoast SEO plugin v23.8 - https:\/\/yoast.com\/wordpress\/plugins\/seo\/ -->\n<title>Glamping - OhMyGreenland | Discover Greenland<\/title>\n<meta name=\"robots\" content=\"index, follow, max-snippet:-1, max-image-preview:large, max-video-preview:-1\" \/>\n<link rel=\"canonical\" href=\"https:\/\/ohmygreenland.com\/da\/glamping\/\" \/>\n<meta property=\"og:locale\" content=\"da_DK\" \/>\n<meta property=\"og:type\" content=\"article\" \/>\n<meta property=\"og:title\" content=\"Glamping - OhMyGreenland | Discover Greenland\" \/>\n<meta property=\"og:description\" content=\"~ Glamping ~ pris 1.650,- dkr\/pr person pr\/dag tur\/retur inkluderet morgenmad inkluderet Book tur Sov under stjernerne og bliv v\u00e6kket af fuglefl\u00f8jt. Glamping er den hurtigst voksende og mest popul\u00e6re overnatningsform, forst\u00e5eligt nok. Omgivet af h\u00f8je bjerge og med udsigt til Sulussugutit-bugten, bliver det ikke bedre end det her. Sulussugutip Kangerlua er det perfekte sted [&hellip;]\" \/>\n<meta property=\"og:url\" content=\"https:\/\/ohmygreenland.com\/da\/glamping\/\" \/>\n<meta property=\"og:site_name\" content=\"OhMyGreenland | Discover Greenland\" \/>\n<meta property=\"article:modified_time\" content=\"2023-06-09T21:19:13+00:00\" \/>\n<meta property=\"og:image\" content=\"https:\/\/ohmygreenland.com\/wp-content\/uploads\/2023\/05\/glamping1-768x422.jpg\" \/>\n<meta name=\"twitter:card\" content=\"summary_large_image\" \/>\n<meta name=\"twitter:label1\" content=\"Estimeret l\u00e6setid\" \/>\n\t<meta name=\"twitter:data1\" content=\"2 minutter\" \/>\n<script type=\"application\/ld+json\" class=\"yoast-schema-graph\">{\"@context\":\"https:\/\/schema.org\",\"@graph\":[{\"@type\":\"WebPage\",\"@id\":\"https:\/\/ohmygreenland.com\/da\/glamping\/\",\"url\":\"https:\/\/ohmygreenland.com\/da\/glamping\/\",\"name\":\"Glamping - OhMyGreenland | Discover Greenland\",\"isPartOf\":{\"@id\":\"https:\/\/ohmygreenland.com\/da\/#website\"},\"primaryImageOfPage\":{\"@id\":\"https:\/\/ohmygreenland.com\/da\/glamping\/#primaryimage\"},\"image\":{\"@id\":\"https:\/\/ohmygreenland.com\/da\/glamping\/#primaryimage\"},\"thumbnailUrl\":\"https:\/\/ohmygreenland.com\/wp-content\/uploads\/2023\/05\/glamping1-768x422.jpg\",\"datePublished\":\"2023-05-18T22:01:31+00:00\",\"dateModified\":\"2023-06-09T21:19:13+00:00\",\"breadcrumb\":{\"@id\":\"https:\/\/ohmygreenland.com\/da\/glamping\/#breadcrumb\"},\"inLanguage\":\"da-DK\",\"potentialAction\":[{\"@type\":\"ReadAction\",\"target\":[\"https:\/\/ohmygreenland.com\/da\/glamping\/\"]}]},{\"@type\":\"ImageObject\",\"inLanguage\":\"da-DK\",\"@id\":\"https:\/\/ohmygreenland.com\/da\/glamping\/#primaryimage\",\"url\":\"https:\/\/ohmygreenland.com\/wp-content\/uploads\/2023\/05\/glamping1-768x422.jpg\",\"contentUrl\":\"https:\/\/ohmygreenland.com\/wp-content\/uploads\/2023\/05\/glamping1-768x422.jpg\"},{\"@type\":\"BreadcrumbList\",\"@id\":\"https:\/\/ohmygreenland.com\/da\/glamping\/#breadcrumb\",\"itemListElement\":[{\"@type\":\"ListItem\",\"position\":1,\"name\":\"Home\",\"item\":\"https:\/\/ohmygreenland.com\/da\/\"},{\"@type\":\"ListItem\",\"position\":2,\"name\":\"Glamping\"}]},{\"@type\":\"WebSite\",\"@id\":\"https:\/\/ohmygreenland.com\/da\/#website\",\"url\":\"https:\/\/ohmygreenland.com\/da\/\",\"name\":\"OhMyGreenland | Discover Greenland\",\"description\":\"\",\"potentialAction\":[{\"@type\":\"SearchAction\",\"target\":{\"@type\":\"EntryPoint\",\"urlTemplate\":\"https:\/\/ohmygreenland.com\/da\/?s={search_term_string}\"},\"query-input\":{\"@type\":\"PropertyValueSpecification\",\"valueRequired\":true,\"valueName\":\"search_term_string\"}}],\"inLanguage\":\"da-DK\"}]}<\/script>\n<!-- \/ Yoast SEO plugin. -->","yoast_head_json":{"title":"Glamping - OhMyGreenland | Discover Greenland","robots":{"index":"index","follow":"follow","max-snippet":"max-snippet:-1","max-image-preview":"max-image-preview:large","max-video-preview":"max-video-preview:-1"},"canonical":"https:\/\/ohmygreenland.com\/da\/glamping\/","og_locale":"da_DK","og_type":"article","og_title":"Glamping - OhMyGreenland | Discover Greenland","og_description":"~ Glamping ~ pris 1.650,- dkr\/pr person pr\/dag tur\/retur inkluderet morgenmad inkluderet Book tur Sov under stjernerne og bliv v\u00e6kket af fuglefl\u00f8jt. Glamping er den hurtigst voksende og mest popul\u00e6re overnatningsform, forst\u00e5eligt nok. Omgivet af h\u00f8je bjerge og med udsigt til Sulussugutit-bugten, bliver det ikke bedre end det her. Sulussugutip Kangerlua er det perfekte sted [&hellip;]","og_url":"https:\/\/ohmygreenland.com\/da\/glamping\/","og_site_name":"OhMyGreenland | Discover Greenland","article_modified_time":"2023-06-09T21:19:13+00:00","og_image":[{"url":"https:\/\/ohmygreenland.com\/wp-content\/uploads\/2023\/05\/glamping1-768x422.jpg"}],"twitter_card":"summary_large_image","twitter_misc":{"Estimeret l\u00e6setid":"2 minutter"},"schema":{"@context":"https:\/\/schema.org","@graph":[{"@type":"WebPage","@id":"https:\/\/ohmygreenland.com\/da\/glamping\/","url":"https:\/\/ohmygreenland.com\/da\/glamping\/","name":"Glamping - OhMyGreenland | Discover Greenland","isPartOf":{"@id":"https:\/\/ohmygreenland.com\/da\/#website"},"primaryImageOfPage":{"@id":"https:\/\/ohmygreenland.com\/da\/glamping\/#primaryimage"},"image":{"@id":"https:\/\/ohmygreenland.com\/da\/glamping\/#primaryimage"},"thumbnailUrl":"https:\/\/ohmygreenland.com\/wp-content\/uploads\/2023\/05\/glamping1-768x422.jpg","datePublished":"2023-05-18T22:01:31+00:00","dateModified":"2023-06-09T21:19:13+00:00","breadcrumb":{"@id":"https:\/\/ohmygreenland.com\/da\/glamping\/#breadcrumb"},"inLanguage":"da-DK","potentialAction":[{"@type":"ReadAction","target":["https:\/\/ohmygreenland.com\/da\/glamping\/"]}]},{"@type":"ImageObject","inLanguage":"da-DK","@id":"https:\/\/ohmygreenland.com\/da\/glamping\/#primaryimage","url":"https:\/\/ohmygreenland.com\/wp-content\/uploads\/2023\/05\/glamping1-768x422.jpg","contentUrl":"https:\/\/ohmygreenland.com\/wp-content\/uploads\/2023\/05\/glamping1-768x422.jpg"},{"@type":"BreadcrumbList","@id":"https:\/\/ohmygreenland.com\/da\/glamping\/#breadcrumb","itemListElement":[{"@type":"ListItem","position":1,"name":"Home","item":"https:\/\/ohmygreenland.com\/da\/"},{"@type":"ListItem","position":2,"name":"Glamping"}]},{"@type":"WebSite","@id":"https:\/\/ohmygreenland.com\/da\/#website","url":"https:\/\/ohmygreenland.com\/da\/","name":"OhMyGreenland | Discover Greenland","description":"","potentialAction":[{"@type":"SearchAction","target":{"@type":"EntryPoint","urlTemplate":"https:\/\/ohmygreenland.com\/da\/?s={search_term_string}"},"query-input":{"@type":"PropertyValueSpecification","valueRequired":true,"valueName":"search_term_string"}}],"inLanguage":"da-DK"}]}},"_links":{"self":[{"href":"https:\/\/ohmygreenland.com\/da\/wp-json\/wp\/v2\/pages\/2222","targetHints":{"allow":["GET"]}}],"collection":[{"href":"https:\/\/ohmygreenland.com\/da\/wp-json\/wp\/v2\/pages"}],"about":[{"href":"https:\/\/ohmygreenland.com\/da\/wp-json\/wp\/v2\/types\/page"}],"author":[{"embeddable":true,"href":"https:\/\/ohmygreenland.com\/da\/wp-json\/wp\/v2\/users\/1"}],"replies":[{"embeddable":true,"href":"https:\/\/ohmygreenland.com\/da\/wp-json\/wp\/v2\/comments?post=2222"}],"version-history":[{"count":43,"href":"https:\/\/ohmygreenland.com\/da\/wp-json\/wp\/v2\/pages\/2222\/revisions"}],"predecessor-version":[{"id":4373,"href":"https:\/\/ohmygreenland.com\/da\/wp-json\/wp\/v2\/pages\/2222\/revisions\/4373"}],"wp:attachment":[{"href":"https:\/\/ohmygreenland.com\/da\/wp-json\/wp\/v2\/media?parent=2222"}],"wp:term":[{"taxonomy":"category","embeddable":true,"href":"https:\/\/ohmygreenland.com\/da\/wp-json\/wp\/v2\/categories?post=2222"},{"taxonomy":"post_tag","embeddable":true,"href":"https:\/\/ohmygreenland.com\/da\/wp-json\/wp\/v2\/tags?post=2222"}],"curies":[{"name":"wp","href":"https:\/\/api.w.org\/{rel}","templated":true}]}}