{"id":3364,"date":"2023-05-26T06:48:52","date_gmt":"2023-05-26T06:48:52","guid":{"rendered":"https:\/\/ohmygreenland.com\/?page_id=3364"},"modified":"2023-05-30T08:04:52","modified_gmt":"2023-05-30T08:04:52","slug":"tour-booking","status":"publish","type":"page","link":"https:\/\/ohmygreenland.com\/da\/tour-booking\/","title":{"rendered":"Tour Booking"},"content":{"rendered":"\t\t<div data-elementor-type=\"wp-page\" data-elementor-id=\"3364\" class=\"elementor elementor-3364\" data-elementor-post-type=\"page\">\n\t\t\t\t\t\t<section class=\"elementor-section elementor-top-section elementor-element elementor-element-15cbbfc elementor-section-boxed elementor-section-height-default elementor-section-height-default\" data-id=\"15cbbfc\" data-element_type=\"section\">\n\t\t\t\t\t\t<div class=\"elementor-container elementor-column-gap-default\">\n\t\t\t\t\t<div class=\"elementor-column elementor-col-100 elementor-top-column elementor-element elementor-element-e2ed1bf\" data-id=\"e2ed1bf\" data-element_type=\"column\">\n\t\t\t<div class=\"elementor-widget-wrap elementor-element-populated\">\n\t\t\t\t\t\t<div class=\"elementor-element elementor-element-f4dd58f tour_nm elementor-widget elementor-widget-heading\" data-id=\"f4dd58f\" data-element_type=\"widget\" data-widget_type=\"heading.default\">\n\t\t\t\t<div class=\"elementor-widget-container\">\n\t\t\t<h2 class=\"elementor-heading-title elementor-size-default\">Add Your Heading Text Here<\/h2>\t\t<\/div>\n\t\t\t\t<\/div>\n\t\t\t\t<div class=\"elementor-element elementor-element-14bbc43 elementor-widget elementor-widget-text-editor\" data-id=\"14bbc43\" data-element_type=\"widget\" data-widget_type=\"text-editor.default\">\n\t\t\t\t<div class=\"elementor-widget-container\">\n\t\t\t\t\t\t\t<p style=\"text-align: center;\">Udfyld blot nedenst\u00e5ende felter, klik p\u00e5 &#8216;Book Now&#8217; og afvent, at vi kontakter dig.<\/p><p style=\"text-align: center;\">Vi ringer til dig indenfor et par timer for at planl\u00e6gge den perfekte tur.<\/p>\t\t\t\t\t\t<\/div>\n\t\t\t\t<\/div>\n\t\t\t\t<div class=\"elementor-element elementor-element-9e10cd4 event-form elementor-widget elementor-widget-shortcode\" data-id=\"9e10cd4\" data-element_type=\"widget\" data-widget_type=\"shortcode.default\">\n\t\t\t\t<div class=\"elementor-widget-container\">\n\t\t\t\t\t<div class=\"elementor-shortcode\">\n<div class=\"wpcf7 no-js\" id=\"wpcf7-f3493-o1\" lang=\"en-US\" dir=\"ltr\" data-wpcf7-id=\"3493\">\n<div class=\"screen-reader-response\"><p role=\"status\" aria-live=\"polite\" aria-atomic=\"true\"><\/p> <ul><\/ul><\/div>\n<form action=\"\/da\/wp-json\/wp\/v2\/pages\/3364#wpcf7-f3493-o1\" method=\"post\" class=\"wpcf7-form init\" aria-label=\"Contact form\" novalidate=\"novalidate\" data-status=\"init\">\n<div style=\"display: none;\">\n<input type=\"hidden\" name=\"_wpcf7\" value=\"3493\" \/>\n<input type=\"hidden\" name=\"_wpcf7_version\" value=\"6.0\" \/>\n<input type=\"hidden\" name=\"_wpcf7_locale\" value=\"en_US\" \/>\n<input type=\"hidden\" name=\"_wpcf7_unit_tag\" value=\"wpcf7-f3493-o1\" \/>\n<input type=\"hidden\" name=\"_wpcf7_container_post\" value=\"0\" \/>\n<input type=\"hidden\" name=\"_wpcf7_posted_data_hash\" value=\"\" \/>\n<\/div>\n<p><label>Navn:<br \/>\n<span class=\"wpcf7-form-control-wrap\" data-name=\"your-name\"><input size=\"40\" maxlength=\"400\" class=\"wpcf7-form-control wpcf7-text wpcf7-validates-as-required\" autocomplete=\"name\" aria-required=\"true\" aria-invalid=\"false\" value=\"\" type=\"text\" name=\"your-name\" \/><\/span> <\/label><br \/>\n<label>Telefonnummer:<br \/>\n<span class=\"wpcf7-form-control-wrap\" data-name=\"phonenumber\"><input size=\"40\" maxlength=\"400\" class=\"wpcf7-form-control wpcf7-text wpcf7-validates-as-required\" aria-required=\"true\" aria-invalid=\"false\" value=\"\" type=\"text\" name=\"phonenumber\" \/><\/span> <\/label><br \/>\n<label>E-mail<br \/>\n<span class=\"wpcf7-form-control-wrap\" data-name=\"your-email\"><input size=\"40\" maxlength=\"400\" class=\"wpcf7-form-control wpcf7-email wpcf7-validates-as-required wpcf7-text wpcf7-validates-as-email\" autocomplete=\"email\" aria-required=\"true\" aria-invalid=\"false\" value=\"\" type=\"email\" name=\"your-email\" \/><\/span> <\/label><br \/>\n<label>Antal personer<br \/>\n<span class=\"wpcf7-form-control-wrap\" data-name=\"people\"><input class=\"wpcf7-form-control wpcf7-number wpcf7-validates-as-required wpcf7-validates-as-number\" aria-required=\"true\" aria-invalid=\"false\" value=\"\" type=\"number\" name=\"people\" \/><\/span> <\/label><br \/>\n<label>\n\t<input class=\"wpcf7-form-control wpcf7-hidden\" id=\"tour-date\" value=\"\" type=\"hidden\" name=\"tour_details\" \/> <\/label>\n<\/p>\n<p><input class=\"wpcf7-form-control wpcf7-submit has-spinner\" type=\"submit\" value=\"Book Nu\" \/>\n<\/p><input type='hidden' class='wpcf7-pum' value='{\"closepopup\":false,\"closedelay\":0,\"openpopup\":false,\"openpopup_id\":0}' \/><div class=\"wpcf7-response-output\" aria-hidden=\"true\"><\/div>\n<\/form>\n<\/div>\n<\/div>\n\t\t\t\t<\/div>\n\t\t\t\t<\/div>\n\t\t\t\t<div class=\"elementor-element elementor-element-304ac3e elementor-widget elementor-widget-html\" data-id=\"304ac3e\" data-element_type=\"widget\" data-widget_type=\"html.default\">\n\t\t\t\t<div class=\"elementor-widget-container\">\n\t\t\t<script>\r\nvar getUrlParameter = function getUrlParameter(sParam) {\r\n    var sPageURL = window.location.search.substring(1),\r\n        sURLVariables = sPageURL.split('&'),\r\n        sParameterName,\r\n        i;\r\n\r\n    for (i = 0; i < sURLVariables.length; i++) {\r\n        sParameterName = sURLVariables[i].split('=');\r\n\r\n        if (sParameterName[0] === sParam) {\r\n            return sParameterName[1] === undefined ? true : decodeURIComponent(sParameterName[1]);\r\n        }\r\n    }\r\n    return false;\r\n};\r\nvar tour_info = getUrlParameter('tour_info');\r\nif(tour_info) {\r\n\tjQuery(\".tour_nm h2\").text(tour_info);\r\n\tjQuery(\"#tour-date\").val(tour_info);\r\n}\r\n<\/script>\t\t<\/div>\n\t\t\t\t<\/div>\n\t\t\t\t\t<\/div>\n\t\t<\/div>\n\t\t\t\t\t<\/div>\n\t\t<\/section>\n\t\t\t\t<\/div>\n\t\t","protected":false},"excerpt":{"rendered":"<p>Add Your Heading Text Here Udfyld blot nedenst\u00e5ende felter, klik p\u00e5 &#8216;Book Now&#8217; og afvent, at vi kontakter dig. Vi ringer til dig indenfor et par timer for at planl\u00e6gge den perfekte tur.<\/p>\n","protected":false},"author":1,"featured_media":0,"parent":0,"menu_order":0,"comment_status":"closed","ping_status":"closed","template":"","meta":{"_acf_changed":false,"footnotes":""},"class_list":["post-3364","page","type-page","status-publish","hentry"],"acf":[],"yoast_head":"<!-- This site is optimized with the Yoast SEO plugin v23.8 - https:\/\/yoast.com\/wordpress\/plugins\/seo\/ -->\n<title>Tour Booking - OhMyGreenland | Discover Greenland<\/title>\n<meta name=\"robots\" content=\"index, follow, max-snippet:-1, max-image-preview:large, max-video-preview:-1\" \/>\n<link rel=\"canonical\" href=\"https:\/\/ohmygreenland.com\/da\/tour-booking\/\" \/>\n<meta property=\"og:locale\" content=\"da_DK\" \/>\n<meta property=\"og:type\" content=\"article\" \/>\n<meta property=\"og:title\" content=\"Tour Booking - OhMyGreenland | Discover Greenland\" \/>\n<meta property=\"og:description\" content=\"Add Your Heading Text Here Udfyld blot nedenst\u00e5ende felter, klik p\u00e5 &#8216;Book Now&#8217; og afvent, at vi kontakter dig. Vi ringer til dig indenfor et par timer for at planl\u00e6gge den perfekte tur.\" \/>\n<meta property=\"og:url\" content=\"https:\/\/ohmygreenland.com\/da\/tour-booking\/\" \/>\n<meta property=\"og:site_name\" content=\"OhMyGreenland | Discover Greenland\" \/>\n<meta property=\"article:modified_time\" content=\"2023-05-30T08:04:52+00:00\" \/>\n<meta name=\"twitter:card\" content=\"summary_large_image\" \/>\n<script type=\"application\/ld+json\" class=\"yoast-schema-graph\">{\"@context\":\"https:\/\/schema.org\",\"@graph\":[{\"@type\":\"WebPage\",\"@id\":\"https:\/\/ohmygreenland.com\/da\/tour-booking\/\",\"url\":\"https:\/\/ohmygreenland.com\/da\/tour-booking\/\",\"name\":\"Tour Booking - OhMyGreenland | Discover Greenland\",\"isPartOf\":{\"@id\":\"https:\/\/ohmygreenland.com\/da\/#website\"},\"datePublished\":\"2023-05-26T06:48:52+00:00\",\"dateModified\":\"2023-05-30T08:04:52+00:00\",\"breadcrumb\":{\"@id\":\"https:\/\/ohmygreenland.com\/da\/tour-booking\/#breadcrumb\"},\"inLanguage\":\"da-DK\",\"potentialAction\":[{\"@type\":\"ReadAction\",\"target\":[\"https:\/\/ohmygreenland.com\/da\/tour-booking\/\"]}]},{\"@type\":\"BreadcrumbList\",\"@id\":\"https:\/\/ohmygreenland.com\/da\/tour-booking\/#breadcrumb\",\"itemListElement\":[{\"@type\":\"ListItem\",\"position\":1,\"name\":\"Home\",\"item\":\"https:\/\/ohmygreenland.com\/da\/\"},{\"@type\":\"ListItem\",\"position\":2,\"name\":\"Tour Booking\"}]},{\"@type\":\"WebSite\",\"@id\":\"https:\/\/ohmygreenland.com\/da\/#website\",\"url\":\"https:\/\/ohmygreenland.com\/da\/\",\"name\":\"OhMyGreenland | Discover Greenland\",\"description\":\"\",\"potentialAction\":[{\"@type\":\"SearchAction\",\"target\":{\"@type\":\"EntryPoint\",\"urlTemplate\":\"https:\/\/ohmygreenland.com\/da\/?s={search_term_string}\"},\"query-input\":{\"@type\":\"PropertyValueSpecification\",\"valueRequired\":true,\"valueName\":\"search_term_string\"}}],\"inLanguage\":\"da-DK\"}]}<\/script>\n<!-- \/ Yoast SEO plugin. -->","yoast_head_json":{"title":"Tour Booking - OhMyGreenland | Discover Greenland","robots":{"index":"index","follow":"follow","max-snippet":"max-snippet:-1","max-image-preview":"max-image-preview:large","max-video-preview":"max-video-preview:-1"},"canonical":"https:\/\/ohmygreenland.com\/da\/tour-booking\/","og_locale":"da_DK","og_type":"article","og_title":"Tour Booking - OhMyGreenland | Discover Greenland","og_description":"Add Your Heading Text Here Udfyld blot nedenst\u00e5ende felter, klik p\u00e5 &#8216;Book Now&#8217; og afvent, at vi kontakter dig. Vi ringer til dig indenfor et par timer for at planl\u00e6gge den perfekte tur.","og_url":"https:\/\/ohmygreenland.com\/da\/tour-booking\/","og_site_name":"OhMyGreenland | Discover Greenland","article_modified_time":"2023-05-30T08:04:52+00:00","twitter_card":"summary_large_image","schema":{"@context":"https:\/\/schema.org","@graph":[{"@type":"WebPage","@id":"https:\/\/ohmygreenland.com\/da\/tour-booking\/","url":"https:\/\/ohmygreenland.com\/da\/tour-booking\/","name":"Tour Booking - OhMyGreenland | Discover Greenland","isPartOf":{"@id":"https:\/\/ohmygreenland.com\/da\/#website"},"datePublished":"2023-05-26T06:48:52+00:00","dateModified":"2023-05-30T08:04:52+00:00","breadcrumb":{"@id":"https:\/\/ohmygreenland.com\/da\/tour-booking\/#breadcrumb"},"inLanguage":"da-DK","potentialAction":[{"@type":"ReadAction","target":["https:\/\/ohmygreenland.com\/da\/tour-booking\/"]}]},{"@type":"BreadcrumbList","@id":"https:\/\/ohmygreenland.com\/da\/tour-booking\/#breadcrumb","itemListElement":[{"@type":"ListItem","position":1,"name":"Home","item":"https:\/\/ohmygreenland.com\/da\/"},{"@type":"ListItem","position":2,"name":"Tour Booking"}]},{"@type":"WebSite","@id":"https:\/\/ohmygreenland.com\/da\/#website","url":"https:\/\/ohmygreenland.com\/da\/","name":"OhMyGreenland | Discover Greenland","description":"","potentialAction":[{"@type":"SearchAction","target":{"@type":"EntryPoint","urlTemplate":"https:\/\/ohmygreenland.com\/da\/?s={search_term_string}"},"query-input":{"@type":"PropertyValueSpecification","valueRequired":true,"valueName":"search_term_string"}}],"inLanguage":"da-DK"}]}},"_links":{"self":[{"href":"https:\/\/ohmygreenland.com\/da\/wp-json\/wp\/v2\/pages\/3364","targetHints":{"allow":["GET"]}}],"collection":[{"href":"https:\/\/ohmygreenland.com\/da\/wp-json\/wp\/v2\/pages"}],"about":[{"href":"https:\/\/ohmygreenland.com\/da\/wp-json\/wp\/v2\/types\/page"}],"author":[{"embeddable":true,"href":"https:\/\/ohmygreenland.com\/da\/wp-json\/wp\/v2\/users\/1"}],"replies":[{"embeddable":true,"href":"https:\/\/ohmygreenland.com\/da\/wp-json\/wp\/v2\/comments?post=3364"}],"version-history":[{"count":43,"href":"https:\/\/ohmygreenland.com\/da\/wp-json\/wp\/v2\/pages\/3364\/revisions"}],"predecessor-version":[{"id":3496,"href":"https:\/\/ohmygreenland.com\/da\/wp-json\/wp\/v2\/pages\/3364\/revisions\/3496"}],"wp:attachment":[{"href":"https:\/\/ohmygreenland.com\/da\/wp-json\/wp\/v2\/media?parent=3364"}],"curies":[{"name":"wp","href":"https:\/\/api.w.org\/{rel}","templated":true}]}}