{"id":4162,"date":"2023-06-03T17:59:15","date_gmt":"2023-06-03T17:59:15","guid":{"rendered":"https:\/\/ohmygreenland.com\/practical-information\/"},"modified":"2023-06-03T18:45:13","modified_gmt":"2023-06-03T18:45:13","slug":"practical-information","status":"publish","type":"page","link":"https:\/\/ohmygreenland.com\/da\/practical-information\/","title":{"rendered":"Praktisk Information"},"content":{"rendered":"\t\t<div data-elementor-type=\"wp-page\" data-elementor-id=\"4162\" class=\"elementor elementor-4162\" data-elementor-post-type=\"page\">\n\t\t\t\t\t\t<section class=\"elementor-section elementor-top-section elementor-element elementor-element-80355cd elementor-section-boxed elementor-section-height-default elementor-section-height-default\" data-id=\"80355cd\" data-element_type=\"section\" data-settings=\"{&quot;background_background&quot;:&quot;classic&quot;}\">\n\t\t\t\t\t\t<div class=\"elementor-container elementor-column-gap-default\">\n\t\t\t\t\t<div class=\"elementor-column elementor-col-100 elementor-top-column elementor-element elementor-element-1854335\" data-id=\"1854335\" data-element_type=\"column\">\n\t\t\t<div class=\"elementor-widget-wrap elementor-element-populated\">\n\t\t\t\t\t\t<div class=\"elementor-element elementor-element-b99a964 elementor-widget elementor-widget-heading\" data-id=\"b99a964\" data-element_type=\"widget\" data-widget_type=\"heading.default\">\n\t\t\t\t<div class=\"elementor-widget-container\">\n\t\t\t<h1 class=\"elementor-heading-title elementor-size-default\">Praktisk Information<\/h1>\t\t<\/div>\n\t\t\t\t<\/div>\n\t\t\t\t<div class=\"elementor-element elementor-element-66ae947 elementor-widget elementor-widget-heading\" data-id=\"66ae947\" data-element_type=\"widget\" data-widget_type=\"heading.default\">\n\t\t\t\t<div class=\"elementor-widget-container\">\n\t\t\t<h2 class=\"elementor-heading-title elementor-size-default\">Forberedelse til din b\u00e5dtur<\/h2>\t\t<\/div>\n\t\t\t\t<\/div>\n\t\t\t\t<div class=\"elementor-element elementor-element-c78d652 elementor-widget elementor-widget-heading\" data-id=\"c78d652\" data-element_type=\"widget\" data-widget_type=\"heading.default\">\n\t\t\t\t<div class=\"elementor-widget-container\">\n\t\t\t<h2 class=\"elementor-heading-title elementor-size-default\">T\u00f8j og udstyr:<\/h2>\t\t<\/div>\n\t\t\t\t<\/div>\n\t\t\t\t<section class=\"elementor-section elementor-inner-section elementor-element elementor-element-f1d6620 elementor-section-boxed elementor-section-height-default elementor-section-height-default\" data-id=\"f1d6620\" data-element_type=\"section\">\n\t\t\t\t\t\t<div class=\"elementor-container elementor-column-gap-default\">\n\t\t\t\t\t<div class=\"elementor-column elementor-col-100 elementor-inner-column elementor-element elementor-element-6e63dda\" data-id=\"6e63dda\" data-element_type=\"column\">\n\t\t\t<div class=\"elementor-widget-wrap elementor-element-populated\">\n\t\t\t\t\t\t<div class=\"elementor-element elementor-element-514cbf9 elementor-widget elementor-widget-text-editor\" data-id=\"514cbf9\" data-element_type=\"widget\" data-widget_type=\"text-editor.default\">\n\t\t\t\t<div class=\"elementor-widget-container\">\n\t\t\t\t\t\t\t<ul><li>Kl\u00e6d dig i lag: Gr\u00f8nlands vejr kan v\u00e6re uforudsigeligt. Brug lag-p\u00e5-lag princippet for at kunne tilpasse dig de skiftende forhold i l\u00f8bet af dagen.<\/li><li>Varmt og vandt\u00e6t t\u00f8j: Medbring en vandt\u00e6t jakke for at holde dig t\u00f8r og varm under turen.<\/li><li>Ekstra t\u00f8j: Det er altid en god id\u00e9 at medbringe ekstra t\u00f8j i tilf\u00e6lde af uventede vejr\u00e6ndringer eller hvis du bliver v\u00e5d under udflugten.<\/li><li>Solbeskyttelse: Husk at bruge solbriller, solcreme og en hat for at beskytte dig mod solens str\u00e5ler, som stadig kan v\u00e6re intense i de kolde klimaer.<\/li><li>Fodt\u00f8j: V\u00e6lg solide og behagelige sko, der er velegnede b\u00e5de til b\u00e5den og til at udforske omr\u00e5det p\u00e5 land, s\u00e5fremt det indg\u00e5r i turen.<\/li><\/ul>\t\t\t\t\t\t<\/div>\n\t\t\t\t<\/div>\n\t\t\t\t<div class=\"elementor-element elementor-element-8d589cb elementor-widget elementor-widget-heading\" data-id=\"8d589cb\" data-element_type=\"widget\" data-widget_type=\"heading.default\">\n\t\t\t\t<div class=\"elementor-widget-container\">\n\t\t\t<h2 class=\"elementor-heading-title elementor-size-default\">Sikkerhed:<\/h2>\t\t<\/div>\n\t\t\t\t<\/div>\n\t\t\t\t<div class=\"elementor-element elementor-element-b5e2dca elementor-widget elementor-widget-text-editor\" data-id=\"b5e2dca\" data-element_type=\"widget\" data-widget_type=\"text-editor.default\">\n\t\t\t\t<div class=\"elementor-widget-container\">\n\t\t\t\t\t\t\t<ul><li>Redningsveste: Din sikkerhed er vores prioritet. Redningsveste er tilg\u00e6ngelige om bord.<\/li><li>N\u00f8dprocedurer: Du kan v\u00e6re tryg. Vi har sikkerhedsforanstaltninger p\u00e5 plads. I tilf\u00e6lde af n\u00f8dsituationer er kaptajnen tr\u00e6net til at h\u00e5ndtere situationen hurtigt. Skriv kontaktoplysningerne til lokale myndigheder ned i tilf\u00e6lde af n\u00f8dsituationer.<\/li><li>Sundhedsovervejelser: Informer os venligst om eventuelle helbredsproblemer eller fysiske begr\u00e6nsninger, der kan p\u00e5virke din deltagelse i b\u00e5dturen. Vi \u00f8nsker at sikre din komfort og sikkerhed.<\/li><\/ul>\t\t\t\t\t\t<\/div>\n\t\t\t\t<\/div>\n\t\t\t\t<div class=\"elementor-element elementor-element-95d50e9 elementor-widget elementor-widget-heading\" data-id=\"95d50e9\" data-element_type=\"widget\" data-widget_type=\"heading.default\">\n\t\t\t\t<div class=\"elementor-widget-container\">\n\t\t\t<h2 class=\"elementor-heading-title elementor-size-default\">Klima og vejr:<\/h2>\t\t<\/div>\n\t\t\t\t<\/div>\n\t\t\t\t<div class=\"elementor-element elementor-element-0629e01 elementor-widget elementor-widget-text-editor\" data-id=\"0629e01\" data-element_type=\"widget\" data-widget_type=\"text-editor.default\">\n\t\t\t\t<div class=\"elementor-widget-container\">\n\t\t\t\t\t\t\t<ul><li>\u00c5rstidsvariationer: Omr\u00e5det omkring Nuuk oplever tydelige \u00e5rstider. S\u00e6t dig ind i temperaturerne, antallet af soltimer og vejrm\u00f8nstrene for den s\u00e6son, du planl\u00e6gger at bes\u00f8ge.<\/li><li>Vejrforhold: Forvent forskellige vejrforhold under din tur. V\u00e6r forberedt p\u00e5 \u00e6ndringer og s\u00f8rg for, at dit t\u00f8j og udstyr kan klare elementerne.<\/li><li>Vejrudsigter: Tjek p\u00e5lidelige kilder for vejrudsigter inden din b\u00e5dtur. Hold dig opdateret om eventuelle \u00e6ndringer, der kan p\u00e5virke din oplevelse.<\/li><\/ul>\t\t\t\t\t\t<\/div>\n\t\t\t\t<\/div>\n\t\t\t\t<div class=\"elementor-element elementor-element-146ec84 elementor-widget elementor-widget-heading\" data-id=\"146ec84\" data-element_type=\"widget\" data-widget_type=\"heading.default\">\n\t\t\t\t<div class=\"elementor-widget-container\">\n\t\t\t<h2 class=\"elementor-heading-title elementor-size-default\">Rejseplan og aktiviteter:<\/h2>\t\t<\/div>\n\t\t\t\t<\/div>\n\t\t\t\t<div class=\"elementor-element elementor-element-8d889a1 elementor-widget elementor-widget-text-editor\" data-id=\"8d889a1\" data-element_type=\"widget\" data-widget_type=\"text-editor.default\">\n\t\t\t\t<div class=\"elementor-widget-container\">\n\t\t\t\t\t\t\t<ul><li>Varighed og tidsplan: Afgangs- og ankomsttider er angivet i din bookingbekr\u00e6ftelse.<\/li><li>Sev\u00e6rdigheder: G\u00f8r dig klar til at opleve betagende landskaber, unikt dyreliv og bem\u00e6rkelsesv\u00e6rdige vartegn under din rejse. Hold dit kamera klar!<\/li><li>Valgfrie aktiviteter: Hvis du er interesseret, tilbyder vi ekstra aktiviteter som fiskeri eller kajaksejlads. Lad os vide p\u00e5 forh\u00e5nd, hvis du gerne vil inkludere disse i din tur.<\/li><\/ul>\t\t\t\t\t\t<\/div>\n\t\t\t\t<\/div>\n\t\t\t\t<div class=\"elementor-element elementor-element-f185862 elementor-widget elementor-widget-heading\" data-id=\"f185862\" data-element_type=\"widget\" data-widget_type=\"heading.default\">\n\t\t\t\t<div class=\"elementor-widget-container\">\n\t\t\t<h2 class=\"elementor-heading-title elementor-size-default\">B\u00e6redygtighed og ansvarlig turisme:<\/h2>\t\t<\/div>\n\t\t\t\t<\/div>\n\t\t\t\t<div class=\"elementor-element elementor-element-d53917d elementor-widget elementor-widget-text-editor\" data-id=\"d53917d\" data-element_type=\"widget\" data-widget_type=\"text-editor.default\">\n\t\t\t\t<div class=\"elementor-widget-container\">\n\t\t\t\t\t\t\t<ul><li>Milj\u00f8bevidsthed: Hj\u00e6lp os med at bevare Gr\u00f8nlands uber\u00f8rte sk\u00f8nhed. Venligst bortskaf affaldet forsvarligt og f\u00f8lg vores retningslinjer for at minimere p\u00e5virkningen af omr\u00e5det. Lad os kun efterlade fodspor.<\/li><li>Lokale skikke: Vis respekt for den lokale kultur og traditioner. Bliv bekendt med skikke og praksis fra det gr\u00f8nlandske samfund, som du vil m\u00f8de under din rejse.<\/li><\/ul>\t\t\t\t\t\t<\/div>\n\t\t\t\t<\/div>\n\t\t\t\t<div class=\"elementor-element elementor-element-93de6c7 elementor-widget elementor-widget-text-editor\" data-id=\"93de6c7\" data-element_type=\"widget\" data-widget_type=\"text-editor.default\">\n\t\t\t\t<div class=\"elementor-widget-container\">\n\t\t\t\t\t\t\t<p>Vi h\u00e5ber, at disse informationer giver dig de bedste betingelser for, at du kan f\u00e5 mest muligt ud af din b\u00e5dtur. Hvis du har yderligere sp\u00f8rgsm\u00e5l eller har brug for hj\u00e6lp, s\u00e5 t\u00f8v ikke med at kontakte os.<\/p>\t\t\t\t\t\t<\/div>\n\t\t\t\t<\/div>\n\t\t\t\t\t<\/div>\n\t\t<\/div>\n\t\t\t\t\t<\/div>\n\t\t<\/section>\n\t\t\t\t\t<\/div>\n\t\t<\/div>\n\t\t\t\t\t<\/div>\n\t\t<\/section>\n\t\t\t\t<\/div>\n\t\t","protected":false},"excerpt":{"rendered":"<p>Praktisk Information Forberedelse til din b\u00e5dtur T\u00f8j og udstyr: Kl\u00e6d dig i lag: Gr\u00f8nlands vejr kan v\u00e6re uforudsigeligt. Brug lag-p\u00e5-lag princippet for at kunne tilpasse dig de skiftende forhold i l\u00f8bet af dagen. Varmt og vandt\u00e6t t\u00f8j: Medbring en vandt\u00e6t jakke for at holde dig t\u00f8r og varm under turen. Ekstra t\u00f8j: Det er altid [&hellip;]<\/p>\n","protected":false},"author":1,"featured_media":0,"parent":0,"menu_order":0,"comment_status":"closed","ping_status":"closed","template":"","meta":{"_acf_changed":false,"footnotes":""},"categories":[],"tags":[],"class_list":["post-4162","page","type-page","status-publish","hentry"],"acf":[],"yoast_head":"<!-- This site is optimized with the Yoast SEO plugin v23.8 - https:\/\/yoast.com\/wordpress\/plugins\/seo\/ -->\n<title>Praktisk Information - OhMyGreenland | Discover Greenland<\/title>\n<meta name=\"robots\" content=\"index, follow, max-snippet:-1, max-image-preview:large, max-video-preview:-1\" \/>\n<link rel=\"canonical\" href=\"https:\/\/ohmygreenland.com\/da\/practical-information\/\" \/>\n<meta property=\"og:locale\" content=\"da_DK\" \/>\n<meta property=\"og:type\" content=\"article\" \/>\n<meta property=\"og:title\" content=\"Praktisk Information - OhMyGreenland | Discover Greenland\" \/>\n<meta property=\"og:description\" content=\"Praktisk Information Forberedelse til din b\u00e5dtur T\u00f8j og udstyr: Kl\u00e6d dig i lag: Gr\u00f8nlands vejr kan v\u00e6re uforudsigeligt. Brug lag-p\u00e5-lag princippet for at kunne tilpasse dig de skiftende forhold i l\u00f8bet af dagen. Varmt og vandt\u00e6t t\u00f8j: Medbring en vandt\u00e6t jakke for at holde dig t\u00f8r og varm under turen. Ekstra t\u00f8j: Det er altid [&hellip;]\" \/>\n<meta property=\"og:url\" content=\"https:\/\/ohmygreenland.com\/da\/practical-information\/\" \/>\n<meta property=\"og:site_name\" content=\"OhMyGreenland | Discover Greenland\" \/>\n<meta property=\"article:modified_time\" content=\"2023-06-03T18:45:13+00:00\" \/>\n<meta name=\"twitter:card\" content=\"summary_large_image\" \/>\n<meta name=\"twitter:label1\" content=\"Estimeret l\u00e6setid\" \/>\n\t<meta name=\"twitter:data1\" content=\"2 minutter\" \/>\n<script type=\"application\/ld+json\" class=\"yoast-schema-graph\">{\"@context\":\"https:\/\/schema.org\",\"@graph\":[{\"@type\":\"WebPage\",\"@id\":\"https:\/\/ohmygreenland.com\/da\/practical-information\/\",\"url\":\"https:\/\/ohmygreenland.com\/da\/practical-information\/\",\"name\":\"Praktisk Information - OhMyGreenland | Discover Greenland\",\"isPartOf\":{\"@id\":\"https:\/\/ohmygreenland.com\/da\/#website\"},\"datePublished\":\"2023-06-03T17:59:15+00:00\",\"dateModified\":\"2023-06-03T18:45:13+00:00\",\"breadcrumb\":{\"@id\":\"https:\/\/ohmygreenland.com\/da\/practical-information\/#breadcrumb\"},\"inLanguage\":\"da-DK\",\"potentialAction\":[{\"@type\":\"ReadAction\",\"target\":[\"https:\/\/ohmygreenland.com\/da\/practical-information\/\"]}]},{\"@type\":\"BreadcrumbList\",\"@id\":\"https:\/\/ohmygreenland.com\/da\/practical-information\/#breadcrumb\",\"itemListElement\":[{\"@type\":\"ListItem\",\"position\":1,\"name\":\"Home\",\"item\":\"https:\/\/ohmygreenland.com\/da\/\"},{\"@type\":\"ListItem\",\"position\":2,\"name\":\"Praktisk Information\"}]},{\"@type\":\"WebSite\",\"@id\":\"https:\/\/ohmygreenland.com\/da\/#website\",\"url\":\"https:\/\/ohmygreenland.com\/da\/\",\"name\":\"OhMyGreenland | Discover Greenland\",\"description\":\"\",\"potentialAction\":[{\"@type\":\"SearchAction\",\"target\":{\"@type\":\"EntryPoint\",\"urlTemplate\":\"https:\/\/ohmygreenland.com\/da\/?s={search_term_string}\"},\"query-input\":{\"@type\":\"PropertyValueSpecification\",\"valueRequired\":true,\"valueName\":\"search_term_string\"}}],\"inLanguage\":\"da-DK\"}]}<\/script>\n<!-- \/ Yoast SEO plugin. -->","yoast_head_json":{"title":"Praktisk Information - OhMyGreenland | Discover Greenland","robots":{"index":"index","follow":"follow","max-snippet":"max-snippet:-1","max-image-preview":"max-image-preview:large","max-video-preview":"max-video-preview:-1"},"canonical":"https:\/\/ohmygreenland.com\/da\/practical-information\/","og_locale":"da_DK","og_type":"article","og_title":"Praktisk Information - OhMyGreenland | Discover Greenland","og_description":"Praktisk Information Forberedelse til din b\u00e5dtur T\u00f8j og udstyr: Kl\u00e6d dig i lag: Gr\u00f8nlands vejr kan v\u00e6re uforudsigeligt. Brug lag-p\u00e5-lag princippet for at kunne tilpasse dig de skiftende forhold i l\u00f8bet af dagen. Varmt og vandt\u00e6t t\u00f8j: Medbring en vandt\u00e6t jakke for at holde dig t\u00f8r og varm under turen. Ekstra t\u00f8j: Det er altid [&hellip;]","og_url":"https:\/\/ohmygreenland.com\/da\/practical-information\/","og_site_name":"OhMyGreenland | Discover Greenland","article_modified_time":"2023-06-03T18:45:13+00:00","twitter_card":"summary_large_image","twitter_misc":{"Estimeret l\u00e6setid":"2 minutter"},"schema":{"@context":"https:\/\/schema.org","@graph":[{"@type":"WebPage","@id":"https:\/\/ohmygreenland.com\/da\/practical-information\/","url":"https:\/\/ohmygreenland.com\/da\/practical-information\/","name":"Praktisk Information - OhMyGreenland | Discover Greenland","isPartOf":{"@id":"https:\/\/ohmygreenland.com\/da\/#website"},"datePublished":"2023-06-03T17:59:15+00:00","dateModified":"2023-06-03T18:45:13+00:00","breadcrumb":{"@id":"https:\/\/ohmygreenland.com\/da\/practical-information\/#breadcrumb"},"inLanguage":"da-DK","potentialAction":[{"@type":"ReadAction","target":["https:\/\/ohmygreenland.com\/da\/practical-information\/"]}]},{"@type":"BreadcrumbList","@id":"https:\/\/ohmygreenland.com\/da\/practical-information\/#breadcrumb","itemListElement":[{"@type":"ListItem","position":1,"name":"Home","item":"https:\/\/ohmygreenland.com\/da\/"},{"@type":"ListItem","position":2,"name":"Praktisk Information"}]},{"@type":"WebSite","@id":"https:\/\/ohmygreenland.com\/da\/#website","url":"https:\/\/ohmygreenland.com\/da\/","name":"OhMyGreenland | Discover Greenland","description":"","potentialAction":[{"@type":"SearchAction","target":{"@type":"EntryPoint","urlTemplate":"https:\/\/ohmygreenland.com\/da\/?s={search_term_string}"},"query-input":{"@type":"PropertyValueSpecification","valueRequired":true,"valueName":"search_term_string"}}],"inLanguage":"da-DK"}]}},"_links":{"self":[{"href":"https:\/\/ohmygreenland.com\/da\/wp-json\/wp\/v2\/pages\/4162","targetHints":{"allow":["GET"]}}],"collection":[{"href":"https:\/\/ohmygreenland.com\/da\/wp-json\/wp\/v2\/pages"}],"about":[{"href":"https:\/\/ohmygreenland.com\/da\/wp-json\/wp\/v2\/types\/page"}],"author":[{"embeddable":true,"href":"https:\/\/ohmygreenland.com\/da\/wp-json\/wp\/v2\/users\/1"}],"replies":[{"embeddable":true,"href":"https:\/\/ohmygreenland.com\/da\/wp-json\/wp\/v2\/comments?post=4162"}],"version-history":[{"count":4,"href":"https:\/\/ohmygreenland.com\/da\/wp-json\/wp\/v2\/pages\/4162\/revisions"}],"predecessor-version":[{"id":4167,"href":"https:\/\/ohmygreenland.com\/da\/wp-json\/wp\/v2\/pages\/4162\/revisions\/4167"}],"wp:attachment":[{"href":"https:\/\/ohmygreenland.com\/da\/wp-json\/wp\/v2\/media?parent=4162"}],"wp:term":[{"taxonomy":"category","embeddable":true,"href":"https:\/\/ohmygreenland.com\/da\/wp-json\/wp\/v2\/categories?post=4162"},{"taxonomy":"post_tag","embeddable":true,"href":"https:\/\/ohmygreenland.com\/da\/wp-json\/wp\/v2\/tags?post=4162"}],"curies":[{"name":"wp","href":"https:\/\/api.w.org\/{rel}","templated":true}]}}