{"id":4875,"date":"2023-06-03T18:47:51","date_gmt":"2023-06-03T18:47:51","guid":{"rendered":"https:\/\/ohmygreenland.com\/?page_id=4875"},"modified":"2023-06-11T22:41:57","modified_gmt":"2023-06-11T22:41:57","slug":"tips-til-turen","status":"publish","type":"page","link":"https:\/\/ohmygreenland.com\/da\/tips-til-turen\/","title":{"rendered":"Tips til turen"},"content":{"rendered":"\t\t<div data-elementor-type=\"wp-page\" data-elementor-id=\"4875\" class=\"elementor elementor-4875\" data-elementor-post-type=\"page\">\n\t\t\t\t\t\t<section class=\"elementor-section elementor-top-section elementor-element elementor-element-80355cd elementor-section-boxed elementor-section-height-default elementor-section-height-default\" data-id=\"80355cd\" data-element_type=\"section\" data-settings=\"{&quot;background_background&quot;:&quot;classic&quot;}\">\n\t\t\t\t\t\t<div class=\"elementor-container elementor-column-gap-default\">\n\t\t\t\t\t<div class=\"elementor-column elementor-col-100 elementor-top-column elementor-element elementor-element-1854335\" data-id=\"1854335\" data-element_type=\"column\">\n\t\t\t<div class=\"elementor-widget-wrap elementor-element-populated\">\n\t\t\t\t\t\t<div class=\"elementor-element elementor-element-c78d652 elementor-widget elementor-widget-heading\" data-id=\"c78d652\" data-element_type=\"widget\" data-widget_type=\"heading.default\">\n\t\t\t\t<div class=\"elementor-widget-container\">\n\t\t\t<h2 class=\"elementor-heading-title elementor-size-default\">Foto tips:<\/h2>\t\t<\/div>\n\t\t\t\t<\/div>\n\t\t\t\t<section class=\"elementor-section elementor-inner-section elementor-element elementor-element-f1d6620 elementor-section-boxed elementor-section-height-default elementor-section-height-default\" data-id=\"f1d6620\" data-element_type=\"section\">\n\t\t\t\t\t\t<div class=\"elementor-container elementor-column-gap-default\">\n\t\t\t\t\t<div class=\"elementor-column elementor-col-100 elementor-inner-column elementor-element elementor-element-6e63dda\" data-id=\"6e63dda\" data-element_type=\"column\">\n\t\t\t<div class=\"elementor-widget-wrap elementor-element-populated\">\n\t\t\t\t\t\t<div class=\"elementor-element elementor-element-514cbf9 elementor-widget elementor-widget-text-editor\" data-id=\"514cbf9\" data-element_type=\"widget\" data-widget_type=\"text-editor.default\">\n\t\t\t\t<div class=\"elementor-widget-container\">\n\t\t\t\t\t\t\t<ul><li>Indfangning af minder: Tag kameraet med for at fange Nuuk Fjords fantastiske sk\u00f8nhed. Overvej at medbringe et DSLR-kamera eller en smartphone af h\u00f8j kvalitet med et godt kamera..<\/li><li>Perfektionering af landskaber: For at fange de betagende landskaber kan du overveje at bruge et vidvinkelobjektiv eller panoramatilstand p\u00e5 dit kamera. Eksperimenter med forskellige vinkler og kompositioner.<\/li><li>Dyrelivsfotografering: T\u00e5lmodighed er n\u00f8glen, n\u00e5r man fotograferer dyreliv. Brug et teleobjektiv til at tage n\u00e6rbilleder uden at forstyrre dyrene. V\u00e6r respektfuld og observer fra en sikker afstand.<\/li><\/ul><p><a href=\"https:\/\/ohmygreenland.com\/photography\/\">Du kan l\u00e6se vores guide om fotografering i Gr\u00f8nland her<\/a><\/p>\t\t\t\t\t\t<\/div>\n\t\t\t\t<\/div>\n\t\t\t\t<div class=\"elementor-element elementor-element-8d589cb elementor-widget elementor-widget-heading\" data-id=\"8d589cb\" data-element_type=\"widget\" data-widget_type=\"heading.default\">\n\t\t\t\t<div class=\"elementor-widget-container\">\n\t\t\t<h2 class=\"elementor-heading-title elementor-size-default\">Genkend dyrene i arktis::<\/h2>\t\t<\/div>\n\t\t\t\t<\/div>\n\t\t\t\t<div class=\"elementor-element elementor-element-b5e2dca elementor-widget elementor-widget-text-editor\" data-id=\"b5e2dca\" data-element_type=\"widget\" data-widget_type=\"text-editor.default\">\n\t\t\t\t<div class=\"elementor-widget-container\">\n\t\t\t\t\t\t\t<ul><li>Havdyr: Hold \u00f8je med storsl\u00e5ede v\u00e6sner som pukkelhvaler, s\u00e6ler og forskellige fuglearter, herunder lundefugle og arktiske terner. L\u00e6r at identificere deres unikke egenskaber og adf\u00e6rd.<\/li><li>Landdyr: Gr\u00f8nland er ogs\u00e5 hjemsted for landdyr som polarr\u00e6ve og rensdyr. G\u00f8r dig bekendt med deres udseende for at forbedre din dyrelivsoplevelse.<\/li><\/ul>\t\t\t\t\t\t<\/div>\n\t\t\t\t<\/div>\n\t\t\t\t<div class=\"elementor-element elementor-element-95d50e9 elementor-widget elementor-widget-heading\" data-id=\"95d50e9\" data-element_type=\"widget\" data-widget_type=\"heading.default\">\n\t\t\t\t<div class=\"elementor-widget-container\">\n\t\t\t<h2 class=\"elementor-heading-title elementor-size-default\">Navigations- og sikkerhedsudstyr:<\/h2>\t\t<\/div>\n\t\t\t\t<\/div>\n\t\t\t\t<div class=\"elementor-element elementor-element-0629e01 elementor-widget elementor-widget-text-editor\" data-id=\"0629e01\" data-element_type=\"widget\" data-widget_type=\"text-editor.default\">\n\t\t\t\t<div class=\"elementor-widget-container\">\n\t\t\t\t\t\t\t<ul><li>Navigering i farvandet: Vores erfarne bes\u00e6tning bruger avanceret navigationsudstyr for at sikre en j\u00e6vn og forn\u00f8jelig rejse. L\u00e6r om de navigationsv\u00e6rkt\u00f8jer, vi bruger til at guide dig sikkert gennem fjorden.<\/li><li>Sikkerhedsforanstaltninger: Du kan v\u00e6re sikker p\u00e5, at vi har sikkerhedsudstyr om bord, herunder redningsveste og n\u00f8dkommunikationsenheder. Vores bes\u00e6tning er uddannet til at h\u00e5ndtere uforudsete omst\u00e6ndigheder.<\/li><\/ul>\t\t\t\t\t\t<\/div>\n\t\t\t\t<\/div>\n\t\t\t\t<div class=\"elementor-element elementor-element-146ec84 elementor-widget elementor-widget-heading\" data-id=\"146ec84\" data-element_type=\"widget\" data-widget_type=\"heading.default\">\n\t\t\t\t<div class=\"elementor-widget-container\">\n\t\t\t<h2 class=\"elementor-heading-title elementor-size-default\">Rejseforsikring:<\/h2>\t\t<\/div>\n\t\t\t\t<\/div>\n\t\t\t\t<div class=\"elementor-element elementor-element-8d889a1 elementor-widget elementor-widget-text-editor\" data-id=\"8d889a1\" data-element_type=\"widget\" data-widget_type=\"text-editor.default\">\n\t\t\t\t<div class=\"elementor-widget-container\">\n\t\t\t\t\t\t\t<ul><li>Beskyttelse af dit eventyr: Prioriter din ro i sindet ved at f\u00e5 rejseforsikring, der d\u00e6kker de aktiviteter og destinationer, du planl\u00e6gger at bes\u00f8ge. S\u00f8rg for, at den inkluderer tilstr\u00e6kkelig medicinsk d\u00e6kning og beskyttelse mod afbestilling af rejser.<\/li><\/ul>\t\t\t\t\t\t<\/div>\n\t\t\t\t<\/div>\n\t\t\t\t<div class=\"elementor-element elementor-element-f185862 elementor-widget elementor-widget-heading\" data-id=\"f185862\" data-element_type=\"widget\" data-widget_type=\"heading.default\">\n\t\t\t\t<div class=\"elementor-widget-container\">\n\t\t\t<h2 class=\"elementor-heading-title elementor-size-default\">Fysisk mobilitet, kondition og helbred<\/h2>\t\t<\/div>\n\t\t\t\t<\/div>\n\t\t\t\t<div class=\"elementor-element elementor-element-d53917d elementor-widget elementor-widget-text-editor\" data-id=\"d53917d\" data-element_type=\"widget\" data-widget_type=\"text-editor.default\">\n\t\t\t\t<div class=\"elementor-widget-container\">\n\t\t\t\t\t\t\t<ul><li>Vurdering af fysiske krav: Nogle af vores b\u00e5dture involverer at g\u00e5 p\u00e5 uj\u00e6vne overflader og potentialet for moderat fysisk aktivitet. Overvej dit fitnessniveau og eventuelle mobilitetsproblemer for at sikre en behagelig oplevelse p\u00e5 disse ture.<\/li><\/ul>\t\t\t\t\t\t<\/div>\n\t\t\t\t<\/div>\n\t\t\t\t<div class=\"elementor-element elementor-element-93de6c7 elementor-widget elementor-widget-text-editor\" data-id=\"93de6c7\" data-element_type=\"widget\" data-widget_type=\"text-editor.default\">\n\t\t\t\t<div class=\"elementor-widget-container\">\n\t\t\t\t\t\t\t<p>Vi h\u00e5ber, at disse oplysninger hj\u00e6lper dig med at f\u00e5 mest muligt ud af din sejltur i Gr\u00f8nland. Hvis du har yderligere sp\u00f8rgsm\u00e5l eller brug for hj\u00e6lp, s\u00e5 t\u00f8v ikke med at kontakte os.<\/p><p>\u00a0<\/p>\t\t\t\t\t\t<\/div>\n\t\t\t\t<\/div>\n\t\t\t\t\t<\/div>\n\t\t<\/div>\n\t\t\t\t\t<\/div>\n\t\t<\/section>\n\t\t\t\t\t<\/div>\n\t\t<\/div>\n\t\t\t\t\t<\/div>\n\t\t<\/section>\n\t\t\t\t<\/div>\n\t\t","protected":false},"excerpt":{"rendered":"<p>Foto tips: Indfangning af minder: Tag kameraet med for at fange Nuuk Fjords fantastiske sk\u00f8nhed. Overvej at medbringe et DSLR-kamera eller en smartphone af h\u00f8j kvalitet med et godt kamera.. Perfektionering af landskaber: For at fange de betagende landskaber kan du overveje at bruge et vidvinkelobjektiv eller panoramatilstand p\u00e5 dit kamera. Eksperimenter med forskellige vinkler [&hellip;]<\/p>\n","protected":false},"author":1,"featured_media":0,"parent":0,"menu_order":0,"comment_status":"closed","ping_status":"closed","template":"","meta":{"_acf_changed":false,"footnotes":""},"categories":[],"tags":[],"class_list":["post-4875","page","type-page","status-publish","hentry"],"acf":[],"yoast_head":"<!-- This site is optimized with the Yoast SEO plugin v23.8 - https:\/\/yoast.com\/wordpress\/plugins\/seo\/ -->\n<title>Tips til turen - OhMyGreenland | Discover Greenland<\/title>\n<meta name=\"robots\" content=\"index, follow, max-snippet:-1, max-image-preview:large, max-video-preview:-1\" \/>\n<link rel=\"canonical\" href=\"https:\/\/ohmygreenland.com\/da\/tips-til-turen\/\" \/>\n<meta property=\"og:locale\" content=\"da_DK\" \/>\n<meta property=\"og:type\" content=\"article\" \/>\n<meta property=\"og:title\" content=\"Tips til turen - OhMyGreenland | Discover Greenland\" \/>\n<meta property=\"og:description\" content=\"Foto tips: Indfangning af minder: Tag kameraet med for at fange Nuuk Fjords fantastiske sk\u00f8nhed. Overvej at medbringe et DSLR-kamera eller en smartphone af h\u00f8j kvalitet med et godt kamera.. Perfektionering af landskaber: For at fange de betagende landskaber kan du overveje at bruge et vidvinkelobjektiv eller panoramatilstand p\u00e5 dit kamera. Eksperimenter med forskellige vinkler [&hellip;]\" \/>\n<meta property=\"og:url\" content=\"https:\/\/ohmygreenland.com\/da\/tips-til-turen\/\" \/>\n<meta property=\"og:site_name\" content=\"OhMyGreenland | Discover Greenland\" \/>\n<meta property=\"article:modified_time\" content=\"2023-06-11T22:41:57+00:00\" \/>\n<meta name=\"twitter:card\" content=\"summary_large_image\" \/>\n<meta name=\"twitter:label1\" content=\"Estimeret l\u00e6setid\" \/>\n\t<meta name=\"twitter:data1\" content=\"2 minutter\" \/>\n<script type=\"application\/ld+json\" class=\"yoast-schema-graph\">{\"@context\":\"https:\/\/schema.org\",\"@graph\":[{\"@type\":\"WebPage\",\"@id\":\"https:\/\/ohmygreenland.com\/da\/tips-til-turen\/\",\"url\":\"https:\/\/ohmygreenland.com\/da\/tips-til-turen\/\",\"name\":\"Tips til turen - OhMyGreenland | Discover Greenland\",\"isPartOf\":{\"@id\":\"https:\/\/ohmygreenland.com\/da\/#website\"},\"datePublished\":\"2023-06-03T18:47:51+00:00\",\"dateModified\":\"2023-06-11T22:41:57+00:00\",\"breadcrumb\":{\"@id\":\"https:\/\/ohmygreenland.com\/da\/tips-til-turen\/#breadcrumb\"},\"inLanguage\":\"da-DK\",\"potentialAction\":[{\"@type\":\"ReadAction\",\"target\":[\"https:\/\/ohmygreenland.com\/da\/tips-til-turen\/\"]}]},{\"@type\":\"BreadcrumbList\",\"@id\":\"https:\/\/ohmygreenland.com\/da\/tips-til-turen\/#breadcrumb\",\"itemListElement\":[{\"@type\":\"ListItem\",\"position\":1,\"name\":\"Home\",\"item\":\"https:\/\/ohmygreenland.com\/da\/\"},{\"@type\":\"ListItem\",\"position\":2,\"name\":\"Tips til turen\"}]},{\"@type\":\"WebSite\",\"@id\":\"https:\/\/ohmygreenland.com\/da\/#website\",\"url\":\"https:\/\/ohmygreenland.com\/da\/\",\"name\":\"OhMyGreenland | Discover Greenland\",\"description\":\"\",\"potentialAction\":[{\"@type\":\"SearchAction\",\"target\":{\"@type\":\"EntryPoint\",\"urlTemplate\":\"https:\/\/ohmygreenland.com\/da\/?s={search_term_string}\"},\"query-input\":{\"@type\":\"PropertyValueSpecification\",\"valueRequired\":true,\"valueName\":\"search_term_string\"}}],\"inLanguage\":\"da-DK\"}]}<\/script>\n<!-- \/ Yoast SEO plugin. -->","yoast_head_json":{"title":"Tips til turen - OhMyGreenland | Discover Greenland","robots":{"index":"index","follow":"follow","max-snippet":"max-snippet:-1","max-image-preview":"max-image-preview:large","max-video-preview":"max-video-preview:-1"},"canonical":"https:\/\/ohmygreenland.com\/da\/tips-til-turen\/","og_locale":"da_DK","og_type":"article","og_title":"Tips til turen - OhMyGreenland | Discover Greenland","og_description":"Foto tips: Indfangning af minder: Tag kameraet med for at fange Nuuk Fjords fantastiske sk\u00f8nhed. Overvej at medbringe et DSLR-kamera eller en smartphone af h\u00f8j kvalitet med et godt kamera.. Perfektionering af landskaber: For at fange de betagende landskaber kan du overveje at bruge et vidvinkelobjektiv eller panoramatilstand p\u00e5 dit kamera. Eksperimenter med forskellige vinkler [&hellip;]","og_url":"https:\/\/ohmygreenland.com\/da\/tips-til-turen\/","og_site_name":"OhMyGreenland | Discover Greenland","article_modified_time":"2023-06-11T22:41:57+00:00","twitter_card":"summary_large_image","twitter_misc":{"Estimeret l\u00e6setid":"2 minutter"},"schema":{"@context":"https:\/\/schema.org","@graph":[{"@type":"WebPage","@id":"https:\/\/ohmygreenland.com\/da\/tips-til-turen\/","url":"https:\/\/ohmygreenland.com\/da\/tips-til-turen\/","name":"Tips til turen - OhMyGreenland | Discover Greenland","isPartOf":{"@id":"https:\/\/ohmygreenland.com\/da\/#website"},"datePublished":"2023-06-03T18:47:51+00:00","dateModified":"2023-06-11T22:41:57+00:00","breadcrumb":{"@id":"https:\/\/ohmygreenland.com\/da\/tips-til-turen\/#breadcrumb"},"inLanguage":"da-DK","potentialAction":[{"@type":"ReadAction","target":["https:\/\/ohmygreenland.com\/da\/tips-til-turen\/"]}]},{"@type":"BreadcrumbList","@id":"https:\/\/ohmygreenland.com\/da\/tips-til-turen\/#breadcrumb","itemListElement":[{"@type":"ListItem","position":1,"name":"Home","item":"https:\/\/ohmygreenland.com\/da\/"},{"@type":"ListItem","position":2,"name":"Tips til turen"}]},{"@type":"WebSite","@id":"https:\/\/ohmygreenland.com\/da\/#website","url":"https:\/\/ohmygreenland.com\/da\/","name":"OhMyGreenland | Discover Greenland","description":"","potentialAction":[{"@type":"SearchAction","target":{"@type":"EntryPoint","urlTemplate":"https:\/\/ohmygreenland.com\/da\/?s={search_term_string}"},"query-input":{"@type":"PropertyValueSpecification","valueRequired":true,"valueName":"search_term_string"}}],"inLanguage":"da-DK"}]}},"_links":{"self":[{"href":"https:\/\/ohmygreenland.com\/da\/wp-json\/wp\/v2\/pages\/4875","targetHints":{"allow":["GET"]}}],"collection":[{"href":"https:\/\/ohmygreenland.com\/da\/wp-json\/wp\/v2\/pages"}],"about":[{"href":"https:\/\/ohmygreenland.com\/da\/wp-json\/wp\/v2\/types\/page"}],"author":[{"embeddable":true,"href":"https:\/\/ohmygreenland.com\/da\/wp-json\/wp\/v2\/users\/1"}],"replies":[{"embeddable":true,"href":"https:\/\/ohmygreenland.com\/da\/wp-json\/wp\/v2\/comments?post=4875"}],"version-history":[{"count":19,"href":"https:\/\/ohmygreenland.com\/da\/wp-json\/wp\/v2\/pages\/4875\/revisions"}],"predecessor-version":[{"id":4898,"href":"https:\/\/ohmygreenland.com\/da\/wp-json\/wp\/v2\/pages\/4875\/revisions\/4898"}],"wp:attachment":[{"href":"https:\/\/ohmygreenland.com\/da\/wp-json\/wp\/v2\/media?parent=4875"}],"wp:term":[{"taxonomy":"category","embeddable":true,"href":"https:\/\/ohmygreenland.com\/da\/wp-json\/wp\/v2\/categories?post=4875"},{"taxonomy":"post_tag","embeddable":true,"href":"https:\/\/ohmygreenland.com\/da\/wp-json\/wp\/v2\/tags?post=4875"}],"curies":[{"name":"wp","href":"https:\/\/api.w.org\/{rel}","templated":true}]}}