{"id":4921,"date":"2023-06-02T07:57:43","date_gmt":"2023-06-02T07:57:43","guid":{"rendered":"https:\/\/ohmygreenland.com\/?page_id=4921"},"modified":"2023-06-20T10:05:39","modified_gmt":"2023-06-20T10:05:39","slug":"vilkaar-og-betingelser","status":"publish","type":"page","link":"https:\/\/ohmygreenland.com\/da\/vilkaar-og-betingelser\/","title":{"rendered":"Vilk\u00e5r og betingelser"},"content":{"rendered":"\t\t<div data-elementor-type=\"wp-page\" data-elementor-id=\"4921\" class=\"elementor elementor-4921\" data-elementor-post-type=\"page\">\n\t\t\t\t\t\t<section class=\"elementor-section elementor-top-section elementor-element elementor-element-80355cd elementor-section-boxed elementor-section-height-default elementor-section-height-default\" data-id=\"80355cd\" data-element_type=\"section\" data-settings=\"{&quot;background_background&quot;:&quot;classic&quot;}\">\n\t\t\t\t\t\t<div class=\"elementor-container elementor-column-gap-default\">\n\t\t\t\t\t<div class=\"elementor-column elementor-col-100 elementor-top-column elementor-element elementor-element-1854335\" data-id=\"1854335\" data-element_type=\"column\">\n\t\t\t<div class=\"elementor-widget-wrap elementor-element-populated\">\n\t\t\t\t\t\t<section class=\"elementor-section elementor-inner-section elementor-element elementor-element-f1d6620 elementor-section-boxed elementor-section-height-default elementor-section-height-default\" data-id=\"f1d6620\" data-element_type=\"section\">\n\t\t\t\t\t\t<div class=\"elementor-container elementor-column-gap-default\">\n\t\t\t\t\t<div class=\"elementor-column elementor-col-100 elementor-inner-column elementor-element elementor-element-6e63dda\" data-id=\"6e63dda\" data-element_type=\"column\">\n\t\t\t<div class=\"elementor-widget-wrap elementor-element-populated\">\n\t\t\t\t\t\t<div class=\"elementor-element elementor-element-514cbf9 elementor-widget elementor-widget-text-editor\" data-id=\"514cbf9\" data-element_type=\"widget\" data-widget_type=\"text-editor.default\">\n\t\t\t\t<div class=\"elementor-widget-container\">\n\t\t\t\t\t\t\t<p>Vilk\u00e5r og betingelser<\/p><p>Der ydes refusion for ture, der annulleres p\u00e5 grund af vejrforhold eller tekniske problemer. Beslutningen om at aflyse ligger udelukkende hos kaptajnen. Vi vil g\u00f8re alt for at oml\u00e6gge eventuelle ture, der er booket.<\/p><p>OMG Boat Trips er ikke ansvarlig for omkostninger eller udgifter afholdt af enkeltpersoner p\u00e5 grund af aflysninger eller forsinkelser.<\/p><p>\u00a0<\/p>\t\t\t\t\t\t<\/div>\n\t\t\t\t<\/div>\n\t\t\t\t<div class=\"elementor-element elementor-element-49279a5 elementor-widget elementor-widget-text-editor\" data-id=\"49279a5\" data-element_type=\"widget\" data-widget_type=\"text-editor.default\">\n\t\t\t\t<div class=\"elementor-widget-container\">\n\t\t\t\t\t\t\t<p>AFBESTILLINGSREGLER<\/p><p>Gebyret for afbestilling foretaget 22 dage eller mere f\u00f8r aktiviteten er\u00a0 10% af den fulde pris.<br \/>Gebyret for afbestilling foretaget 21 \u2013 8 dage f\u00f8r aktiviteten er 35 % af den fulde pris.<br \/>Gebyret for afbestilling foretaget 7 \u2013 3 dage eller mindre f\u00f8r aktiviteten er 55% af den fulde pris.<\/p><p>Gebyret for afbestilling foretaget\u00a0 3 dage eller mindre f\u00f8r aktiviteten er 75% af den fulde pris.<\/p><p><strong>S\u00e5dan annullerer du:<\/strong> Du skal blot give os besked ved at kontakte os via e-mail eller telefon. Du kan kontakte os p\u00e5 <a href=\"mailto:info@ohmygreenland.com\">info@ohmygreenland.com<\/a> or <a href=\"tel:+299534211\">(+299) 264211<\/a><\/p>\t\t\t\t\t\t<\/div>\n\t\t\t\t<\/div>\n\t\t\t\t<div class=\"elementor-element elementor-element-6d775d2 elementor-widget elementor-widget-text-editor\" data-id=\"6d775d2\" data-element_type=\"widget\" data-widget_type=\"text-editor.default\">\n\t\t\t\t<div class=\"elementor-widget-container\">\n\t\t\t\t\t\t\t<p>Alle ture skal betales p\u00e5 forh\u00e5nd ved bankoverf\u00f8rsel.\u00a0 N\u00e5r betalingen er registreret, vil en endelig reservationsbekr\u00e6ftelse blive sendt til dig via e-mail.<\/p>\t\t\t\t\t\t<\/div>\n\t\t\t\t<\/div>\n\t\t\t\t<div class=\"elementor-element elementor-element-f97b3fd elementor-widget elementor-widget-image\" data-id=\"f97b3fd\" data-element_type=\"widget\" data-widget_type=\"image.default\">\n\t\t\t\t<div class=\"elementor-widget-container\">\n\t\t\t\t\t\t\t\t\t\t\t\t\t<img decoding=\"async\" src=\"https:\/\/ohmygreenland.com\/wp-content\/uploads\/elementor\/thumbs\/pay-logos-q8864lcga731hghkagm4wumjk60zxottfo5yf9k5xc.png\" title=\"pay-logos\" alt=\"pay-logos\" loading=\"lazy\" \/>\t\t\t\t\t\t\t\t\t\t\t\t\t<\/div>\n\t\t\t\t<\/div>\n\t\t\t\t\t<\/div>\n\t\t<\/div>\n\t\t\t\t\t<\/div>\n\t\t<\/section>\n\t\t\t\t\t<\/div>\n\t\t<\/div>\n\t\t\t\t\t<\/div>\n\t\t<\/section>\n\t\t\t\t<\/div>\n\t\t","protected":false},"excerpt":{"rendered":"<p>Vilk\u00e5r og betingelser Der ydes refusion for ture, der annulleres p\u00e5 grund af vejrforhold eller tekniske problemer. Beslutningen om at aflyse ligger udelukkende hos kaptajnen. Vi vil g\u00f8re alt for at oml\u00e6gge eventuelle ture, der er booket. OMG Boat Trips er ikke ansvarlig for omkostninger eller udgifter afholdt af enkeltpersoner p\u00e5 grund af aflysninger eller [&hellip;]<\/p>\n","protected":false},"author":1,"featured_media":0,"parent":0,"menu_order":0,"comment_status":"closed","ping_status":"closed","template":"","meta":{"_acf_changed":false,"footnotes":""},"categories":[],"tags":[],"class_list":["post-4921","page","type-page","status-publish","hentry"],"acf":[],"yoast_head":"<!-- This site is optimized with the Yoast SEO plugin v23.8 - https:\/\/yoast.com\/wordpress\/plugins\/seo\/ -->\n<title>Vilk\u00e5r og betingelser - OhMyGreenland | Discover Greenland<\/title>\n<meta name=\"robots\" content=\"index, follow, max-snippet:-1, max-image-preview:large, max-video-preview:-1\" \/>\n<link rel=\"canonical\" href=\"https:\/\/ohmygreenland.com\/da\/vilkaar-og-betingelser\/\" \/>\n<meta property=\"og:locale\" content=\"da_DK\" \/>\n<meta property=\"og:type\" content=\"article\" \/>\n<meta property=\"og:title\" content=\"Vilk\u00e5r og betingelser - OhMyGreenland | Discover Greenland\" \/>\n<meta property=\"og:description\" content=\"Vilk\u00e5r og betingelser Der ydes refusion for ture, der annulleres p\u00e5 grund af vejrforhold eller tekniske problemer. Beslutningen om at aflyse ligger udelukkende hos kaptajnen. Vi vil g\u00f8re alt for at oml\u00e6gge eventuelle ture, der er booket. OMG Boat Trips er ikke ansvarlig for omkostninger eller udgifter afholdt af enkeltpersoner p\u00e5 grund af aflysninger eller [&hellip;]\" \/>\n<meta property=\"og:url\" content=\"https:\/\/ohmygreenland.com\/da\/vilkaar-og-betingelser\/\" \/>\n<meta property=\"og:site_name\" content=\"OhMyGreenland | Discover Greenland\" \/>\n<meta property=\"article:modified_time\" content=\"2023-06-20T10:05:39+00:00\" \/>\n<meta property=\"og:image\" content=\"https:\/\/ohmygreenland.com\/wp-content\/uploads\/elementor\/thumbs\/pay-logos-q8864lcga731hghkagm4wumjk60zxottfo5yf9k5xc.png\" \/>\n<meta name=\"twitter:card\" content=\"summary_large_image\" \/>\n<meta name=\"twitter:label1\" content=\"Estimeret l\u00e6setid\" \/>\n\t<meta name=\"twitter:data1\" content=\"1 minut\" \/>\n<script type=\"application\/ld+json\" class=\"yoast-schema-graph\">{\"@context\":\"https:\/\/schema.org\",\"@graph\":[{\"@type\":\"WebPage\",\"@id\":\"https:\/\/ohmygreenland.com\/da\/vilkaar-og-betingelser\/\",\"url\":\"https:\/\/ohmygreenland.com\/da\/vilkaar-og-betingelser\/\",\"name\":\"Vilk\u00e5r og betingelser - OhMyGreenland | Discover Greenland\",\"isPartOf\":{\"@id\":\"https:\/\/ohmygreenland.com\/da\/#website\"},\"primaryImageOfPage\":{\"@id\":\"https:\/\/ohmygreenland.com\/da\/vilkaar-og-betingelser\/#primaryimage\"},\"image\":{\"@id\":\"https:\/\/ohmygreenland.com\/da\/vilkaar-og-betingelser\/#primaryimage\"},\"thumbnailUrl\":\"https:\/\/ohmygreenland.com\/wp-content\/uploads\/elementor\/thumbs\/pay-logos-q8864lcga731hghkagm4wumjk60zxottfo5yf9k5xc.png\",\"datePublished\":\"2023-06-02T07:57:43+00:00\",\"dateModified\":\"2023-06-20T10:05:39+00:00\",\"breadcrumb\":{\"@id\":\"https:\/\/ohmygreenland.com\/da\/vilkaar-og-betingelser\/#breadcrumb\"},\"inLanguage\":\"da-DK\",\"potentialAction\":[{\"@type\":\"ReadAction\",\"target\":[\"https:\/\/ohmygreenland.com\/da\/vilkaar-og-betingelser\/\"]}]},{\"@type\":\"ImageObject\",\"inLanguage\":\"da-DK\",\"@id\":\"https:\/\/ohmygreenland.com\/da\/vilkaar-og-betingelser\/#primaryimage\",\"url\":\"https:\/\/ohmygreenland.com\/wp-content\/uploads\/elementor\/thumbs\/pay-logos-q8864lcga731hghkagm4wumjk60zxottfo5yf9k5xc.png\",\"contentUrl\":\"https:\/\/ohmygreenland.com\/wp-content\/uploads\/elementor\/thumbs\/pay-logos-q8864lcga731hghkagm4wumjk60zxottfo5yf9k5xc.png\"},{\"@type\":\"BreadcrumbList\",\"@id\":\"https:\/\/ohmygreenland.com\/da\/vilkaar-og-betingelser\/#breadcrumb\",\"itemListElement\":[{\"@type\":\"ListItem\",\"position\":1,\"name\":\"Home\",\"item\":\"https:\/\/ohmygreenland.com\/da\/\"},{\"@type\":\"ListItem\",\"position\":2,\"name\":\"Vilk\u00e5r og betingelser\"}]},{\"@type\":\"WebSite\",\"@id\":\"https:\/\/ohmygreenland.com\/da\/#website\",\"url\":\"https:\/\/ohmygreenland.com\/da\/\",\"name\":\"OhMyGreenland | Discover Greenland\",\"description\":\"\",\"potentialAction\":[{\"@type\":\"SearchAction\",\"target\":{\"@type\":\"EntryPoint\",\"urlTemplate\":\"https:\/\/ohmygreenland.com\/da\/?s={search_term_string}\"},\"query-input\":{\"@type\":\"PropertyValueSpecification\",\"valueRequired\":true,\"valueName\":\"search_term_string\"}}],\"inLanguage\":\"da-DK\"}]}<\/script>\n<!-- \/ Yoast SEO plugin. -->","yoast_head_json":{"title":"Vilk\u00e5r og betingelser - OhMyGreenland | Discover Greenland","robots":{"index":"index","follow":"follow","max-snippet":"max-snippet:-1","max-image-preview":"max-image-preview:large","max-video-preview":"max-video-preview:-1"},"canonical":"https:\/\/ohmygreenland.com\/da\/vilkaar-og-betingelser\/","og_locale":"da_DK","og_type":"article","og_title":"Vilk\u00e5r og betingelser - OhMyGreenland | Discover Greenland","og_description":"Vilk\u00e5r og betingelser Der ydes refusion for ture, der annulleres p\u00e5 grund af vejrforhold eller tekniske problemer. Beslutningen om at aflyse ligger udelukkende hos kaptajnen. Vi vil g\u00f8re alt for at oml\u00e6gge eventuelle ture, der er booket. OMG Boat Trips er ikke ansvarlig for omkostninger eller udgifter afholdt af enkeltpersoner p\u00e5 grund af aflysninger eller [&hellip;]","og_url":"https:\/\/ohmygreenland.com\/da\/vilkaar-og-betingelser\/","og_site_name":"OhMyGreenland | Discover Greenland","article_modified_time":"2023-06-20T10:05:39+00:00","og_image":[{"url":"https:\/\/ohmygreenland.com\/wp-content\/uploads\/elementor\/thumbs\/pay-logos-q8864lcga731hghkagm4wumjk60zxottfo5yf9k5xc.png"}],"twitter_card":"summary_large_image","twitter_misc":{"Estimeret l\u00e6setid":"1 minut"},"schema":{"@context":"https:\/\/schema.org","@graph":[{"@type":"WebPage","@id":"https:\/\/ohmygreenland.com\/da\/vilkaar-og-betingelser\/","url":"https:\/\/ohmygreenland.com\/da\/vilkaar-og-betingelser\/","name":"Vilk\u00e5r og betingelser - OhMyGreenland | Discover Greenland","isPartOf":{"@id":"https:\/\/ohmygreenland.com\/da\/#website"},"primaryImageOfPage":{"@id":"https:\/\/ohmygreenland.com\/da\/vilkaar-og-betingelser\/#primaryimage"},"image":{"@id":"https:\/\/ohmygreenland.com\/da\/vilkaar-og-betingelser\/#primaryimage"},"thumbnailUrl":"https:\/\/ohmygreenland.com\/wp-content\/uploads\/elementor\/thumbs\/pay-logos-q8864lcga731hghkagm4wumjk60zxottfo5yf9k5xc.png","datePublished":"2023-06-02T07:57:43+00:00","dateModified":"2023-06-20T10:05:39+00:00","breadcrumb":{"@id":"https:\/\/ohmygreenland.com\/da\/vilkaar-og-betingelser\/#breadcrumb"},"inLanguage":"da-DK","potentialAction":[{"@type":"ReadAction","target":["https:\/\/ohmygreenland.com\/da\/vilkaar-og-betingelser\/"]}]},{"@type":"ImageObject","inLanguage":"da-DK","@id":"https:\/\/ohmygreenland.com\/da\/vilkaar-og-betingelser\/#primaryimage","url":"https:\/\/ohmygreenland.com\/wp-content\/uploads\/elementor\/thumbs\/pay-logos-q8864lcga731hghkagm4wumjk60zxottfo5yf9k5xc.png","contentUrl":"https:\/\/ohmygreenland.com\/wp-content\/uploads\/elementor\/thumbs\/pay-logos-q8864lcga731hghkagm4wumjk60zxottfo5yf9k5xc.png"},{"@type":"BreadcrumbList","@id":"https:\/\/ohmygreenland.com\/da\/vilkaar-og-betingelser\/#breadcrumb","itemListElement":[{"@type":"ListItem","position":1,"name":"Home","item":"https:\/\/ohmygreenland.com\/da\/"},{"@type":"ListItem","position":2,"name":"Vilk\u00e5r og betingelser"}]},{"@type":"WebSite","@id":"https:\/\/ohmygreenland.com\/da\/#website","url":"https:\/\/ohmygreenland.com\/da\/","name":"OhMyGreenland | Discover Greenland","description":"","potentialAction":[{"@type":"SearchAction","target":{"@type":"EntryPoint","urlTemplate":"https:\/\/ohmygreenland.com\/da\/?s={search_term_string}"},"query-input":{"@type":"PropertyValueSpecification","valueRequired":true,"valueName":"search_term_string"}}],"inLanguage":"da-DK"}]}},"_links":{"self":[{"href":"https:\/\/ohmygreenland.com\/da\/wp-json\/wp\/v2\/pages\/4921","targetHints":{"allow":["GET"]}}],"collection":[{"href":"https:\/\/ohmygreenland.com\/da\/wp-json\/wp\/v2\/pages"}],"about":[{"href":"https:\/\/ohmygreenland.com\/da\/wp-json\/wp\/v2\/types\/page"}],"author":[{"embeddable":true,"href":"https:\/\/ohmygreenland.com\/da\/wp-json\/wp\/v2\/users\/1"}],"replies":[{"embeddable":true,"href":"https:\/\/ohmygreenland.com\/da\/wp-json\/wp\/v2\/comments?post=4921"}],"version-history":[{"count":13,"href":"https:\/\/ohmygreenland.com\/da\/wp-json\/wp\/v2\/pages\/4921\/revisions"}],"predecessor-version":[{"id":5191,"href":"https:\/\/ohmygreenland.com\/da\/wp-json\/wp\/v2\/pages\/4921\/revisions\/5191"}],"wp:attachment":[{"href":"https:\/\/ohmygreenland.com\/da\/wp-json\/wp\/v2\/media?parent=4921"}],"wp:term":[{"taxonomy":"category","embeddable":true,"href":"https:\/\/ohmygreenland.com\/da\/wp-json\/wp\/v2\/categories?post=4921"},{"taxonomy":"post_tag","embeddable":true,"href":"https:\/\/ohmygreenland.com\/da\/wp-json\/wp\/v2\/tags?post=4921"}],"curies":[{"name":"wp","href":"https:\/\/api.w.org\/{rel}","templated":true}]}}