{"id":920,"date":"2023-04-27T03:44:06","date_gmt":"2023-04-27T03:44:06","guid":{"rendered":"https:\/\/ohmygreenland.com\/?page_id=920"},"modified":"2024-12-20T16:07:32","modified_gmt":"2024-12-20T16:07:32","slug":"hjem","status":"publish","type":"page","link":"https:\/\/ohmygreenland.com\/da\/","title":{"rendered":"Forside"},"content":{"rendered":"\t\t<div data-elementor-type=\"wp-page\" data-elementor-id=\"920\" class=\"elementor elementor-920\" data-elementor-post-type=\"page\">\n\t\t\t\t\t\t<section class=\"elementor-section elementor-top-section elementor-element elementor-element-15be971 elementor-section-height-full elementor-section-stretched elementor-hidden-desktop elementor-hidden-tablet elementor-hidden-mobile elementor-section-boxed elementor-section-height-default elementor-section-items-middle\" data-id=\"15be971\" data-element_type=\"section\" data-settings=\"{&quot;stretch_section&quot;:&quot;section-stretched&quot;}\">\n\t\t\t\t\t\t<div class=\"elementor-container elementor-column-gap-no\">\n\t\t\t\t\t<div class=\"elementor-column elementor-col-100 elementor-top-column elementor-element elementor-element-0113b49\" data-id=\"0113b49\" data-element_type=\"column\">\n\t\t\t<div class=\"elementor-widget-wrap elementor-element-populated\">\n\t\t\t\t\t\t<div class=\"elementor-element elementor-element-db6c56c elementor-widget elementor-widget-shortcode\" data-id=\"db6c56c\" data-element_type=\"widget\" data-widget_type=\"shortcode.default\">\n\t\t\t\t<div class=\"elementor-widget-container\">\n\t\t\t\t\t<div class=\"elementor-shortcode\"><\/div>\n\t\t\t\t<\/div>\n\t\t\t\t<\/div>\n\t\t\t\t<div class=\"elementor-element elementor-element-4eb4054 elementor-widget__width-auto elementor-absolute elementor-shape-rounded elementor-grid-0 e-grid-align-center elementor-widget elementor-widget-social-icons\" data-id=\"4eb4054\" data-element_type=\"widget\" data-settings=\"{&quot;_position&quot;:&quot;absolute&quot;}\" data-widget_type=\"social-icons.default\">\n\t\t\t\t<div class=\"elementor-widget-container\">\n\t\t\t\t\t<div class=\"elementor-social-icons-wrapper elementor-grid\">\n\t\t\t\t\t\t\t<span class=\"elementor-grid-item\">\n\t\t\t\t\t<a class=\"elementor-icon elementor-social-icon elementor-social-icon-facebook elementor-repeater-item-43a650e\" href=\"https:\/\/www.facebook.com\/OMGboattrips\" target=\"_blank\">\n\t\t\t\t\t\t<span class=\"elementor-screen-only\">Facebook<\/span>\n\t\t\t\t\t\t<i class=\"fab fa-facebook\"><\/i>\t\t\t\t\t<\/a>\n\t\t\t\t<\/span>\n\t\t\t\t\t\t\t<span class=\"elementor-grid-item\">\n\t\t\t\t\t<a class=\"elementor-icon elementor-social-icon elementor-social-icon-whatsapp elementor-repeater-item-b4bf270\" href=\"https:\/\/api.whatsapp.com\/send?phone=299264211\" target=\"_blank\">\n\t\t\t\t\t\t<span class=\"elementor-screen-only\">Whatsapp<\/span>\n\t\t\t\t\t\t<i class=\"fab fa-whatsapp\"><\/i>\t\t\t\t\t<\/a>\n\t\t\t\t<\/span>\n\t\t\t\t\t\t\t<span class=\"elementor-grid-item\">\n\t\t\t\t\t<a class=\"elementor-icon elementor-social-icon elementor-social-icon-instagram elementor-repeater-item-4c4b9f7\" href=\"https:\/\/www.instagram.com\/omgboattrips\/?igsh=MXE4YXY4ZWcxZnY1cw%3D%3D\" target=\"_blank\">\n\t\t\t\t\t\t<span class=\"elementor-screen-only\">Instagram<\/span>\n\t\t\t\t\t\t<i class=\"fab fa-instagram\"><\/i>\t\t\t\t\t<\/a>\n\t\t\t\t<\/span>\n\t\t\t\t\t<\/div>\n\t\t\t\t<\/div>\n\t\t\t\t<\/div>\n\t\t\t\t\t<\/div>\n\t\t<\/div>\n\t\t\t\t\t<\/div>\n\t\t<\/section>\n\t\t\t\t<section class=\"elementor-section elementor-top-section elementor-element elementor-element-4e1ccee elementor-section-full_width elementor-section-height-full elementor-section-height-default elementor-section-items-middle\" data-id=\"4e1ccee\" data-element_type=\"section\" data-settings=\"{&quot;background_background&quot;:&quot;classic&quot;}\">\n\t\t\t\t\t\t\t<div class=\"elementor-background-overlay\"><\/div>\n\t\t\t\t\t\t\t<div class=\"elementor-container elementor-column-gap-default\">\n\t\t\t\t\t<div class=\"elementor-column elementor-col-100 elementor-top-column elementor-element elementor-element-ad07a5e\" data-id=\"ad07a5e\" data-element_type=\"column\">\n\t\t\t<div class=\"elementor-widget-wrap elementor-element-populated\">\n\t\t\t\t\t\t<section class=\"elementor-section elementor-inner-section elementor-element elementor-element-589b2b7 elementor-section-boxed elementor-section-height-default elementor-section-height-default\" data-id=\"589b2b7\" data-element_type=\"section\">\n\t\t\t\t\t\t<div class=\"elementor-container elementor-column-gap-default\">\n\t\t\t\t\t<div data-ra-element-link=\"{&quot;url&quot;:&quot;https:\\\/\\\/ohmygreenland.com\\\/da\\\/category\\\/by-til-by\\\/&quot;,&quot;is_external&quot;:&quot;&quot;,&quot;nofollow&quot;:&quot;&quot;,&quot;custom_attributes&quot;:&quot;&quot;}\" style=\"cursor: pointer\" target=\"_self\" onClick=\"window.open(&#039;https:\/\/ohmygreenland.com\/da\/category\/by-til-by\/&#039;, &#039;_self&#039;)\" class=\"elementor-column elementor-col-50 elementor-inner-column elementor-element elementor-element-99f626d\" data-id=\"99f626d\" data-element_type=\"column\">\n\t\t\t<div class=\"elementor-widget-wrap elementor-element-populated\">\n\t\t\t\t\t\t<div class=\"elementor-element elementor-element-71ee456 premium-header-inline elementor-widget elementor-widget-premium-addon-dual-header\" data-id=\"71ee456\" data-element_type=\"widget\" data-widget_type=\"premium-addon-dual-header.default\">\n\t\t\t\t<div class=\"elementor-widget-container\">\n\t\t\t\n\t\t\t\t<a href=\"https:\/\/ohmygreenland.com\/da\/dagsture1\/\">\n\t\t\t\t\t<h2 class=\"premium-dual-header-first-header \"><span class=\"premium-dual-header-first-span\">Dagsture <\/span><\/h2> \t\t\t\t<\/a>\n\t\t\n\t\t\t\t<\/div>\n\t\t\t\t<\/div>\n\t\t\t\t\t<\/div>\n\t\t<\/div>\n\t\t\t\t<div data-ra-element-link=\"{&quot;url&quot;:&quot;https:\\\/\\\/ohmygreenland.com\\\/da\\\/category\\\/endagsture\\\/&quot;,&quot;is_external&quot;:&quot;&quot;,&quot;nofollow&quot;:&quot;&quot;,&quot;custom_attributes&quot;:&quot;&quot;}\" style=\"cursor: pointer\" target=\"_self\" onClick=\"window.open(&#039;https:\/\/ohmygreenland.com\/da\/category\/endagsture\/&#039;, &#039;_self&#039;)\" class=\"elementor-column elementor-col-50 elementor-inner-column elementor-element elementor-element-3934cfa\" data-id=\"3934cfa\" data-element_type=\"column\">\n\t\t\t<div class=\"elementor-widget-wrap elementor-element-populated\">\n\t\t\t\t\t\t<div class=\"elementor-element elementor-element-c09cef1 premium-header-inline elementor-widget elementor-widget-premium-addon-dual-header\" data-id=\"c09cef1\" data-element_type=\"widget\" data-widget_type=\"premium-addon-dual-header.default\">\n\t\t\t\t<div class=\"elementor-widget-container\">\n\t\t\t\n\t\t\t\t<a href=\"https:\/\/ohmygreenland.com\/da\/camping\/\">\n\t\t\t\t\t<h2 class=\"premium-dual-header-first-header \"><span class=\"premium-dual-header-first-span\">Camping\/Hytter <\/span><\/h2> \t\t\t\t<\/a>\n\t\t\n\t\t\t\t<\/div>\n\t\t\t\t<\/div>\n\t\t\t\t\t<\/div>\n\t\t<\/div>\n\t\t\t\t\t<\/div>\n\t\t<\/section>\n\t\t\t\t<section class=\"elementor-section elementor-inner-section elementor-element elementor-element-25d34db elementor-section-boxed elementor-section-height-default elementor-section-height-default\" data-id=\"25d34db\" data-element_type=\"section\">\n\t\t\t\t\t\t<div class=\"elementor-container elementor-column-gap-default\">\n\t\t\t\t\t<div data-ra-element-link=\"{&quot;url&quot;:&quot;https:\\\/\\\/ohmygreenland.com\\\/da\\\/category\\\/jagt-fiske-ture\\\/&quot;,&quot;is_external&quot;:&quot;&quot;,&quot;nofollow&quot;:&quot;&quot;,&quot;custom_attributes&quot;:&quot;&quot;}\" style=\"cursor: pointer\" target=\"_self\" onClick=\"window.open(&#039;https:\/\/ohmygreenland.com\/da\/category\/jagt-fiske-ture\/&#039;, &#039;_self&#039;)\" class=\"elementor-column elementor-col-50 elementor-inner-column elementor-element elementor-element-ce0c285\" data-id=\"ce0c285\" data-element_type=\"column\">\n\t\t\t<div class=\"elementor-widget-wrap elementor-element-populated\">\n\t\t\t\t\t\t<div class=\"elementor-element elementor-element-e7f7f01 premium-header-inline elementor-widget elementor-widget-premium-addon-dual-header\" data-id=\"e7f7f01\" data-element_type=\"widget\" data-widget_type=\"premium-addon-dual-header.default\">\n\t\t\t\t<div class=\"elementor-widget-container\">\n\t\t\t\n\t\t\t\t\t<h2 class=\"premium-dual-header-first-header \"><span class=\"premium-dual-header-first-span\">Jagt <\/span><span class=\"premium-dual-header-second-header \">\/ Fiskeri<\/span><\/h2> \t\t\n\t\t\t\t<\/div>\n\t\t\t\t<\/div>\n\t\t\t\t\t<\/div>\n\t\t<\/div>\n\t\t\t\t<div data-ra-element-link=\"{&quot;url&quot;:&quot;https:\\\/\\\/ohmygreenland.com\\\/da\\\/category\\\/charter-gruppetur\\\/&quot;,&quot;is_external&quot;:&quot;&quot;,&quot;nofollow&quot;:&quot;&quot;,&quot;custom_attributes&quot;:&quot;&quot;}\" style=\"cursor: pointer\" target=\"_self\" onClick=\"window.open(&#039;https:\/\/ohmygreenland.com\/da\/category\/charter-gruppetur\/&#039;, &#039;_self&#039;)\" class=\"elementor-column elementor-col-50 elementor-inner-column elementor-element elementor-element-098c484\" data-id=\"098c484\" data-element_type=\"column\">\n\t\t\t<div class=\"elementor-widget-wrap elementor-element-populated\">\n\t\t\t\t\t\t<div class=\"elementor-element elementor-element-4ea1fb4 premium-header-inline elementor-widget elementor-widget-premium-addon-dual-header\" data-id=\"4ea1fb4\" data-element_type=\"widget\" data-widget_type=\"premium-addon-dual-header.default\">\n\t\t\t\t<div class=\"elementor-widget-container\">\n\t\t\t\n\t\t\t\t<a href=\"https:\/\/ohmygreenland.com\/da\/charter\/\">\n\t\t\t\t\t<h2 class=\"premium-dual-header-first-header \"><span class=\"premium-dual-header-first-span\">Charter <\/span><span class=\"premium-dual-header-second-header \">\/ Grupper<\/span><\/h2> \t\t\t\t<\/a>\n\t\t\n\t\t\t\t<\/div>\n\t\t\t\t<\/div>\n\t\t\t\t\t<\/div>\n\t\t<\/div>\n\t\t\t\t\t<\/div>\n\t\t<\/section>\n\t\t\t\t<div class=\"elementor-element elementor-element-4016be0 elementor-widget__width-auto elementor-fixed elementor-shape-rounded elementor-grid-0 e-grid-align-center elementor-widget elementor-widget-social-icons\" data-id=\"4016be0\" data-element_type=\"widget\" data-settings=\"{&quot;_position&quot;:&quot;fixed&quot;}\" data-widget_type=\"social-icons.default\">\n\t\t\t\t<div class=\"elementor-widget-container\">\n\t\t\t\t\t<div class=\"elementor-social-icons-wrapper elementor-grid\">\n\t\t\t\t\t\t\t<span class=\"elementor-grid-item\">\n\t\t\t\t\t<a class=\"elementor-icon elementor-social-icon elementor-social-icon-facebook elementor-repeater-item-5473dbb\" href=\"https:\/\/www.facebook.com\/OMGboattrips\" target=\"_blank\">\n\t\t\t\t\t\t<span class=\"elementor-screen-only\">Facebook<\/span>\n\t\t\t\t\t\t<i class=\"fab fa-facebook\"><\/i>\t\t\t\t\t<\/a>\n\t\t\t\t<\/span>\n\t\t\t\t\t\t\t<span class=\"elementor-grid-item\">\n\t\t\t\t\t<a class=\"elementor-icon elementor-social-icon elementor-social-icon-whatsapp elementor-repeater-item-cfd8de3\" href=\"https:\/\/api.whatsapp.com\/send?phone=299264211\" target=\"_blank\">\n\t\t\t\t\t\t<span class=\"elementor-screen-only\">Whatsapp<\/span>\n\t\t\t\t\t\t<i class=\"fab fa-whatsapp\"><\/i>\t\t\t\t\t<\/a>\n\t\t\t\t<\/span>\n\t\t\t\t\t\t\t<span class=\"elementor-grid-item\">\n\t\t\t\t\t<a class=\"elementor-icon elementor-social-icon elementor-social-icon-instagram elementor-repeater-item-c9ff01a\" href=\"https:\/\/www.instagram.com\/omgboattrips\/?igsh=MXE4YXY4ZWcxZnY1cw%3D%3D\" target=\"_blank\">\n\t\t\t\t\t\t<span class=\"elementor-screen-only\">Instagram<\/span>\n\t\t\t\t\t\t<i class=\"fab fa-instagram\"><\/i>\t\t\t\t\t<\/a>\n\t\t\t\t<\/span>\n\t\t\t\t\t<\/div>\n\t\t\t\t<\/div>\n\t\t\t\t<\/div>\n\t\t\t\t\t<\/div>\n\t\t<\/div>\n\t\t\t\t\t<\/div>\n\t\t<\/section>\n\t\t\t\t<\/div>\n\t\t","protected":false},"excerpt":{"rendered":"<p>Oplev Nuuk fjord b\u00e5dture med de lokale. Nuuk b\u00e5dture.<\/p>\n","protected":false},"author":1,"featured_media":0,"parent":0,"menu_order":0,"comment_status":"closed","ping_status":"closed","template":"elementor_header_footer","meta":{"_acf_changed":false,"footnotes":""},"categories":[42,4,41,43],"tags":[],"class_list":["post-920","page","type-page","status-publish","hentry","category-by-til-by","category-charter-gruppetur","category-dagsture","category-jagt-fisk-ture"],"acf":[],"yoast_head":"<!-- This site is optimized with the Yoast SEO plugin v23.8 - https:\/\/yoast.com\/wordpress\/plugins\/seo\/ -->\n<title>oplev naturen i Gr\u00f8nlands hovedstad Nuuk<\/title>\n<meta name=\"description\" content=\"Slip din indre eventyrer fri. Oplev uber\u00f8rte landskaber, gletsjere og et rigt dyreliv. Begynd dit ekstraordin\u00e6re eventyr med OMG Boat Trips Nuuk\" \/>\n<meta name=\"robots\" content=\"index, follow, max-snippet:-1, max-image-preview:large, max-video-preview:-1\" \/>\n<link rel=\"canonical\" href=\"https:\/\/ohmygreenland.com\/da\/\" \/>\n<meta property=\"og:locale\" content=\"da_DK\" \/>\n<meta property=\"og:type\" content=\"article\" \/>\n<meta property=\"og:title\" content=\"Afd\u00e6kke ut\u00e6mmet sk\u00f8nhed - OMG Boat Trips\" \/>\n<meta property=\"og:description\" content=\"Slip din vandrelyst l\u00f8s i Gr\u00f8nland. Oplev uber\u00f8rte landskaber, gletsjere og et rigt dyreliv. Begynd dit ekstraordin\u00e6re eventyr med OMG Boat Trips.\" \/>\n<meta property=\"og:url\" content=\"https:\/\/ohmygreenland.com\/da\/\" \/>\n<meta property=\"og:site_name\" content=\"OhMyGreenland | Discover Greenland\" \/>\n<meta property=\"article:modified_time\" content=\"2024-12-20T16:07:32+00:00\" \/>\n<meta property=\"og:image\" content=\"https:\/\/ohmygreenland.com\/wp-content\/uploads\/2023\/05\/Forside.jpg\" \/>\n\t<meta property=\"og:image:width\" content=\"2000\" \/>\n\t<meta property=\"og:image:height\" content=\"1311\" \/>\n\t<meta property=\"og:image:type\" content=\"image\/jpeg\" \/>\n<meta name=\"twitter:card\" content=\"summary_large_image\" \/>\n<meta name=\"twitter:label1\" content=\"Estimeret l\u00e6setid\" \/>\n\t<meta name=\"twitter:data1\" content=\"1 minut\" \/>\n<script type=\"application\/ld+json\" class=\"yoast-schema-graph\">{\"@context\":\"https:\/\/schema.org\",\"@graph\":[{\"@type\":\"WebPage\",\"@id\":\"https:\/\/ohmygreenland.com\/da\/\",\"url\":\"https:\/\/ohmygreenland.com\/da\/\",\"name\":\"oplev naturen i Gr\u00f8nlands hovedstad Nuuk\",\"isPartOf\":{\"@id\":\"https:\/\/ohmygreenland.com\/da\/#website\"},\"datePublished\":\"2023-04-27T03:44:06+00:00\",\"dateModified\":\"2024-12-20T16:07:32+00:00\",\"description\":\"Slip din indre eventyrer fri. Oplev uber\u00f8rte landskaber, gletsjere og et rigt dyreliv. Begynd dit ekstraordin\u00e6re eventyr med OMG Boat Trips Nuuk\",\"breadcrumb\":{\"@id\":\"https:\/\/ohmygreenland.com\/da\/#breadcrumb\"},\"inLanguage\":\"da-DK\",\"potentialAction\":[{\"@type\":\"ReadAction\",\"target\":[\"https:\/\/ohmygreenland.com\/da\/\"]}]},{\"@type\":\"BreadcrumbList\",\"@id\":\"https:\/\/ohmygreenland.com\/da\/#breadcrumb\",\"itemListElement\":[{\"@type\":\"ListItem\",\"position\":1,\"name\":\"Home\",\"item\":\"https:\/\/ohmygreenland.com\/da\/\"},{\"@type\":\"ListItem\",\"position\":2,\"name\":\"Forside\"}]},{\"@type\":\"WebSite\",\"@id\":\"https:\/\/ohmygreenland.com\/da\/#website\",\"url\":\"https:\/\/ohmygreenland.com\/da\/\",\"name\":\"OhMyGreenland | Discover Greenland\",\"description\":\"\",\"potentialAction\":[{\"@type\":\"SearchAction\",\"target\":{\"@type\":\"EntryPoint\",\"urlTemplate\":\"https:\/\/ohmygreenland.com\/da\/?s={search_term_string}\"},\"query-input\":{\"@type\":\"PropertyValueSpecification\",\"valueRequired\":true,\"valueName\":\"search_term_string\"}}],\"inLanguage\":\"da-DK\"}]}<\/script>\n<!-- \/ Yoast SEO plugin. -->","yoast_head_json":{"title":"oplev naturen i Gr\u00f8nlands hovedstad Nuuk","description":"Slip din indre eventyrer fri. Oplev uber\u00f8rte landskaber, gletsjere og et rigt dyreliv. Begynd dit ekstraordin\u00e6re eventyr med OMG Boat Trips Nuuk","robots":{"index":"index","follow":"follow","max-snippet":"max-snippet:-1","max-image-preview":"max-image-preview:large","max-video-preview":"max-video-preview:-1"},"canonical":"https:\/\/ohmygreenland.com\/da\/","og_locale":"da_DK","og_type":"article","og_title":"Afd\u00e6kke ut\u00e6mmet sk\u00f8nhed - OMG Boat Trips","og_description":"Slip din vandrelyst l\u00f8s i Gr\u00f8nland. Oplev uber\u00f8rte landskaber, gletsjere og et rigt dyreliv. Begynd dit ekstraordin\u00e6re eventyr med OMG Boat Trips.","og_url":"https:\/\/ohmygreenland.com\/da\/","og_site_name":"OhMyGreenland | Discover Greenland","article_modified_time":"2024-12-20T16:07:32+00:00","og_image":[{"width":2000,"height":1311,"url":"https:\/\/ohmygreenland.com\/wp-content\/uploads\/2023\/05\/Forside.jpg","type":"image\/jpeg"}],"twitter_card":"summary_large_image","twitter_misc":{"Estimeret l\u00e6setid":"1 minut"},"schema":{"@context":"https:\/\/schema.org","@graph":[{"@type":"WebPage","@id":"https:\/\/ohmygreenland.com\/da\/","url":"https:\/\/ohmygreenland.com\/da\/","name":"oplev naturen i Gr\u00f8nlands hovedstad Nuuk","isPartOf":{"@id":"https:\/\/ohmygreenland.com\/da\/#website"},"datePublished":"2023-04-27T03:44:06+00:00","dateModified":"2024-12-20T16:07:32+00:00","description":"Slip din indre eventyrer fri. Oplev uber\u00f8rte landskaber, gletsjere og et rigt dyreliv. Begynd dit ekstraordin\u00e6re eventyr med OMG Boat Trips Nuuk","breadcrumb":{"@id":"https:\/\/ohmygreenland.com\/da\/#breadcrumb"},"inLanguage":"da-DK","potentialAction":[{"@type":"ReadAction","target":["https:\/\/ohmygreenland.com\/da\/"]}]},{"@type":"BreadcrumbList","@id":"https:\/\/ohmygreenland.com\/da\/#breadcrumb","itemListElement":[{"@type":"ListItem","position":1,"name":"Home","item":"https:\/\/ohmygreenland.com\/da\/"},{"@type":"ListItem","position":2,"name":"Forside"}]},{"@type":"WebSite","@id":"https:\/\/ohmygreenland.com\/da\/#website","url":"https:\/\/ohmygreenland.com\/da\/","name":"OhMyGreenland | Discover Greenland","description":"","potentialAction":[{"@type":"SearchAction","target":{"@type":"EntryPoint","urlTemplate":"https:\/\/ohmygreenland.com\/da\/?s={search_term_string}"},"query-input":{"@type":"PropertyValueSpecification","valueRequired":true,"valueName":"search_term_string"}}],"inLanguage":"da-DK"}]}},"_links":{"self":[{"href":"https:\/\/ohmygreenland.com\/da\/wp-json\/wp\/v2\/pages\/920","targetHints":{"allow":["GET"]}}],"collection":[{"href":"https:\/\/ohmygreenland.com\/da\/wp-json\/wp\/v2\/pages"}],"about":[{"href":"https:\/\/ohmygreenland.com\/da\/wp-json\/wp\/v2\/types\/page"}],"author":[{"embeddable":true,"href":"https:\/\/ohmygreenland.com\/da\/wp-json\/wp\/v2\/users\/1"}],"replies":[{"embeddable":true,"href":"https:\/\/ohmygreenland.com\/da\/wp-json\/wp\/v2\/comments?post=920"}],"version-history":[{"count":86,"href":"https:\/\/ohmygreenland.com\/da\/wp-json\/wp\/v2\/pages\/920\/revisions"}],"predecessor-version":[{"id":9519,"href":"https:\/\/ohmygreenland.com\/da\/wp-json\/wp\/v2\/pages\/920\/revisions\/9519"}],"wp:attachment":[{"href":"https:\/\/ohmygreenland.com\/da\/wp-json\/wp\/v2\/media?parent=920"}],"wp:term":[{"taxonomy":"category","embeddable":true,"href":"https:\/\/ohmygreenland.com\/da\/wp-json\/wp\/v2\/categories?post=920"},{"taxonomy":"post_tag","embeddable":true,"href":"https:\/\/ohmygreenland.com\/da\/wp-json\/wp\/v2\/tags?post=920"}],"curies":[{"name":"wp","href":"https:\/\/api.w.org\/{rel}","templated":true}]}}