{"id":922,"date":"2023-05-04T07:51:48","date_gmt":"2023-05-04T07:51:48","guid":{"rendered":"https:\/\/ohmygreenland.com\/?page_id=922"},"modified":"2023-08-19T10:08:04","modified_gmt":"2023-08-19T10:08:04","slug":"vigtig-information","status":"publish","type":"page","link":"https:\/\/ohmygreenland.com\/da\/vigtig-information\/","title":{"rendered":"FAQ"},"content":{"rendered":"\t\t<div data-elementor-type=\"wp-page\" data-elementor-id=\"922\" class=\"elementor elementor-922\" data-elementor-post-type=\"page\">\n\t\t\t\t\t\t<section class=\"elementor-section elementor-top-section elementor-element elementor-element-8c20c1e elementor-section-boxed elementor-section-height-default elementor-section-height-default\" data-id=\"8c20c1e\" data-element_type=\"section\" data-settings=\"{&quot;background_background&quot;:&quot;classic&quot;}\">\n\t\t\t\t\t\t<div class=\"elementor-container elementor-column-gap-default\">\n\t\t\t\t\t<div class=\"elementor-column elementor-col-100 elementor-top-column elementor-element elementor-element-d1974d0\" data-id=\"d1974d0\" data-element_type=\"column\">\n\t\t\t<div class=\"elementor-widget-wrap elementor-element-populated\">\n\t\t\t\t\t\t<div class=\"elementor-element elementor-element-e03a35d elementor-widget elementor-widget-text-editor\" data-id=\"e03a35d\" data-element_type=\"widget\" data-widget_type=\"text-editor.default\">\n\t\t\t\t<div class=\"elementor-widget-container\">\n\t\t\t\t\t\t\tBooking\t\t\t\t\t\t<\/div>\n\t\t\t\t<\/div>\n\t\t\t\t<div class=\"elementor-element elementor-element-b936cd0 elementor-widget elementor-widget-text-editor\" data-id=\"b936cd0\" data-element_type=\"widget\" data-widget_type=\"text-editor.default\">\n\t\t\t\t<div class=\"elementor-widget-container\">\n\t\t\t\t\t\t\t<p>Nem nemmeste m\u00e5de er at g\u00e5 online p\u00e5 vores hjemmeside og\/-eller\u00a0 skrive direkte med os.<\/p><p>Brug lidt tid p\u00e5 at finde den tur der passer dig bedst. Vi har mange valgmuligheder, men begr\u00e6nser os ikke til disse. Har du specielle \u00f8nsker &#8211; kontakt os gerne.\u00a0<\/p>\t\t\t\t\t\t<\/div>\n\t\t\t\t<\/div>\n\t\t\t\t<div class=\"elementor-element elementor-element-55dcf9c elementor-widget elementor-widget-text-editor\" data-id=\"55dcf9c\" data-element_type=\"widget\" data-widget_type=\"text-editor.default\">\n\t\t\t\t<div class=\"elementor-widget-container\">\n\t\t\t\t\t\t\t<p>Vi i OMG Boat Trips er op mod 12% billigere fra andre selskaber, der tilbyder lignende ture.*\u00a0<\/p><p>Ikke alene er vi op mod 12% billigere men vores ture varer ligeledes op mod 12% l\u00e6ngere.*<\/p><p>S\u00e5 husk, at der ofte kan v\u00e6re stor forskel p\u00e5, hvad du f\u00e5r for pengene.<\/p>\t\t\t\t\t\t<\/div>\n\t\t\t\t<\/div>\n\t\t\t\t<div class=\"elementor-element elementor-element-e4c4797 gallery-spacing-custom elementor-widget elementor-widget-image-gallery\" data-id=\"e4c4797\" data-element_type=\"widget\" data-widget_type=\"image-gallery.default\">\n\t\t\t\t<div class=\"elementor-widget-container\">\n\t\t\t\t\t<div class=\"elementor-image-gallery\">\n\t\t\t<div id='gallery-1' class='gallery galleryid-922 gallery-columns-3 gallery-size-full'><figure class='gallery-item'>\n\t\t\t<div class='gallery-icon landscape'>\n\t\t\t\t<a data-elementor-open-lightbox=\"yes\" data-elementor-lightbox-slideshow=\"e4c4797\" data-elementor-lightbox-title=\"P8_2\" data-e-action-hash=\"#elementor-action%3Aaction%3Dlightbox%26settings%3DeyJpZCI6MTgxNCwidXJsIjoiaHR0cHM6XC9cL29obXlncmVlbmxhbmQuY29tXC93cC1jb250ZW50XC91cGxvYWRzXC8yMDIzXC8wNVwvUDhfMi5qcGciLCJzbGlkZXNob3ciOiJlNGM0Nzk3In0%3D\" href='https:\/\/ohmygreenland.com\/wp-content\/uploads\/2023\/05\/P8_2.jpg'><img fetchpriority=\"high\" decoding=\"async\" width=\"600\" height=\"338\" src=\"https:\/\/ohmygreenland.com\/wp-content\/uploads\/2023\/05\/P8_2.jpg\" class=\"attachment-full size-full\" alt=\"\" srcset=\"https:\/\/ohmygreenland.com\/wp-content\/uploads\/2023\/05\/P8_2.jpg 600w, https:\/\/ohmygreenland.com\/wp-content\/uploads\/2023\/05\/P8_2-300x169.jpg 300w\" sizes=\"(max-width: 600px) 100vw, 600px\" \/><\/a>\n\t\t\t<\/div><\/figure>\n\t\t<\/div>\n\t\t<\/div>\n\t\t\t\t<\/div>\n\t\t\t\t<\/div>\n\t\t\t\t<div class=\"elementor-element elementor-element-ae3d83e elementor-widget elementor-widget-text-editor\" data-id=\"ae3d83e\" data-element_type=\"widget\" data-widget_type=\"text-editor.default\">\n\t\t\t\t<div class=\"elementor-widget-container\">\n\t\t\t\t\t\t\t<p>M\u00f8dested<\/p>\t\t\t\t\t\t<\/div>\n\t\t\t\t<\/div>\n\t\t\t\t<div class=\"elementor-element elementor-element-d455293 elementor-widget elementor-widget-text-editor\" data-id=\"d455293\" data-element_type=\"widget\" data-widget_type=\"text-editor.default\">\n\t\t\t\t<div class=\"elementor-widget-container\">\n\t\t\t\t\t\t\t<p>Vi har et par faste m\u00f8desteder\u00a0<\/p><p>1. Tidevandstrappen &#8211; I den gamle havn, bagved Hotel S\u00f8ma. (r\u00f8d pil markerer stedet)<\/p><p>2. Iggiaanut bro F &#8211; Lystb\u00e5dehavnen ved Iggiaa ved Nasiffik (r\u00f8d pil markerer stedet)<\/p>\t\t\t\t\t\t<\/div>\n\t\t\t\t<\/div>\n\t\t\t\t<div class=\"elementor-element elementor-element-5bab404 elementor-widget elementor-widget-image-gallery\" data-id=\"5bab404\" data-element_type=\"widget\" data-widget_type=\"image-gallery.default\">\n\t\t\t\t<div class=\"elementor-widget-container\">\n\t\t\t\t\t<div class=\"elementor-image-gallery\">\n\t\t\t<div id='gallery-2' class='gallery galleryid-922 gallery-columns-2 gallery-size-thumbnail'><figure class='gallery-item'>\n\t\t\t<div class='gallery-icon portrait'>\n\t\t\t\t<a data-elementor-open-lightbox=\"yes\" data-elementor-lightbox-slideshow=\"5bab404\" data-elementor-lightbox-title=\"Screenshot_20230815_163126_Maps\" data-e-action-hash=\"#elementor-action%3Aaction%3Dlightbox%26settings%3DeyJpZCI6NTkyOSwidXJsIjoiaHR0cHM6XC9cL29obXlncmVlbmxhbmQuY29tXC93cC1jb250ZW50XC91cGxvYWRzXC8yMDIzXC8wOFwvU2NyZWVuc2hvdF8yMDIzMDgxNV8xNjMxMjZfTWFwcy5qcGciLCJzbGlkZXNob3ciOiI1YmFiNDA0In0%3D\" href='https:\/\/ohmygreenland.com\/wp-content\/uploads\/2023\/08\/Screenshot_20230815_163126_Maps.jpg'><img decoding=\"async\" width=\"150\" height=\"150\" src=\"https:\/\/ohmygreenland.com\/wp-content\/uploads\/2023\/08\/Screenshot_20230815_163126_Maps-150x150.jpg\" class=\"attachment-thumbnail size-thumbnail\" alt=\"\" srcset=\"https:\/\/ohmygreenland.com\/wp-content\/uploads\/2023\/08\/Screenshot_20230815_163126_Maps-150x150.jpg 150w, https:\/\/ohmygreenland.com\/wp-content\/uploads\/2023\/08\/Screenshot_20230815_163126_Maps-300x300.jpg 300w, https:\/\/ohmygreenland.com\/wp-content\/uploads\/2023\/08\/Screenshot_20230815_163126_Maps-100x100.jpg 100w\" sizes=\"(max-width: 150px) 100vw, 150px\" \/><\/a>\n\t\t\t<\/div><\/figure><figure class='gallery-item'>\n\t\t\t<div class='gallery-icon portrait'>\n\t\t\t\t<a data-elementor-open-lightbox=\"yes\" data-elementor-lightbox-slideshow=\"5bab404\" data-elementor-lightbox-title=\"Screenshot_20230815_170141_Maps\" data-e-action-hash=\"#elementor-action%3Aaction%3Dlightbox%26settings%3DeyJpZCI6NTk0MCwidXJsIjoiaHR0cHM6XC9cL29obXlncmVlbmxhbmQuY29tXC93cC1jb250ZW50XC91cGxvYWRzXC8yMDIzXC8wOFwvU2NyZWVuc2hvdF8yMDIzMDgxNV8xNzAxNDFfTWFwcy5qcGciLCJzbGlkZXNob3ciOiI1YmFiNDA0In0%3D\" href='https:\/\/ohmygreenland.com\/wp-content\/uploads\/2023\/08\/Screenshot_20230815_170141_Maps.jpg'><img decoding=\"async\" width=\"150\" height=\"150\" src=\"https:\/\/ohmygreenland.com\/wp-content\/uploads\/2023\/08\/Screenshot_20230815_170141_Maps-150x150.jpg\" class=\"attachment-thumbnail size-thumbnail\" alt=\"\" srcset=\"https:\/\/ohmygreenland.com\/wp-content\/uploads\/2023\/08\/Screenshot_20230815_170141_Maps-150x150.jpg 150w, https:\/\/ohmygreenland.com\/wp-content\/uploads\/2023\/08\/Screenshot_20230815_170141_Maps-300x300.jpg 300w, https:\/\/ohmygreenland.com\/wp-content\/uploads\/2023\/08\/Screenshot_20230815_170141_Maps-100x100.jpg 100w\" sizes=\"(max-width: 150px) 100vw, 150px\" \/><\/a>\n\t\t\t<\/div><\/figure>\n\t\t<\/div>\n\t\t<\/div>\n\t\t\t\t<\/div>\n\t\t\t\t<\/div>\n\t\t\t\t<div class=\"elementor-element elementor-element-33757dd elementor-widget elementor-widget-text-editor\" data-id=\"33757dd\" data-element_type=\"widget\" data-widget_type=\"text-editor.default\">\n\t\t\t\t<div class=\"elementor-widget-container\">\n\t\t\t\t\t\t\t\u00c6ndringer og afbestillingsgebyrer\t\t\t\t\t\t<\/div>\n\t\t\t\t<\/div>\n\t\t\t\t<div class=\"elementor-element elementor-element-f75043f elementor-widget elementor-widget-text-editor\" data-id=\"f75043f\" data-element_type=\"widget\" data-widget_type=\"text-editor.default\">\n\t\t\t\t<div class=\"elementor-widget-container\">\n\t\t\t\t\t\t\t<p>Gebyret for afbestilling foretaget 22 dage eller mere f\u00f8r aktiviteten er\u00a0 10% af den fulde pris.<\/p><p>Gebyret for afbestilling foretaget 21 \u2013 8 dage f\u00f8r aktiviteten er 35 % af den fulde pris.<br \/>Gebyret for afbestilling foretaget 7 &#8211; 3 dage eller mindre f\u00f8r aktiviteten er 55% af den fulde pris.<\/p><p>Gebyret for afbestilling foretaget\u00a0 3 dage eller mindre f\u00f8r aktiviteten er 75% af den fulde pris.<\/p><p><strong>Hvordan afmelder jeg en tur<\/strong>: Venligst send os en besked via mail p\u00e5: <span style=\"text-decoration: underline;\">info@ohmygreenland.com<\/span> eller send os sms p\u00e5: <span style=\"text-decoration: underline;\">+299 264211<\/span><\/p>\t\t\t\t\t\t<\/div>\n\t\t\t\t<\/div>\n\t\t\t\t<div class=\"elementor-element elementor-element-967d31d elementor-widget elementor-widget-text-editor\" data-id=\"967d31d\" data-element_type=\"widget\" data-widget_type=\"text-editor.default\">\n\t\t\t\t<div class=\"elementor-widget-container\">\n\t\t\t\t\t\t\tDroner\t\t\t\t\t\t<\/div>\n\t\t\t\t<\/div>\n\t\t\t\t<div class=\"elementor-element elementor-element-243c302 elementor-widget elementor-widget-text-editor\" data-id=\"243c302\" data-element_type=\"widget\" data-widget_type=\"text-editor.default\">\n\t\t\t\t<div class=\"elementor-widget-container\">\n\t\t\t\t\t\t\t<p>I vores daglige aktiviteter kan vi ikke tillade vores g\u00e6ster at flyve med deres droner, da det kan p\u00e5virke privatlivet for andre personer i gruppen.<\/p><p>Vi vil acceptere droner p\u00e5 vores private ture, men der er nogle begr\u00e6nsninger:<\/p><p>\u2013 Du kan ikke flyve en drone, hvis vi er i n\u00e6rv\u00e6r af andre mennesker eller grupper.<br \/>\u2013 At flyve t\u00e6ttere end 5 km fra en lufthavn er ikke tilladt, hvis du ikke har tilladelse fra Nuuk Lufthavn og\/eller af myndighederne heraf.<\/p><p>\u2013 Du m\u00e5 ikke betjene en drone t\u00e6t p\u00e5 noget dyreliv, medmindre vi giver tilladelse hertil og\/eller du har tilladelse fra myndighederne.<br \/>\u2013 Al flyvning vil blive godkendt og overv\u00e5get af vores guide. Du skal altid respektere vores guides beslutninger.<\/p><p>For mere information om droneflyvning i Sermersooq, bes\u00f8g venligst:<\/p><p><a href=\"https:\/\/www.droneregler.dk\/droneflyvning-i-groenland-og-faeroeerne\/droneflyvning-i-groenland-og-faeroeerne\">Droneflyvning i Gr\u00f8nland og F\u00e6r\u00f8erne (droneregler.dk)<\/a><\/p>\t\t\t\t\t\t<\/div>\n\t\t\t\t<\/div>\n\t\t\t\t<div class=\"elementor-element elementor-element-8493a31 elementor-widget-divider--view-line elementor-widget elementor-widget-divider\" data-id=\"8493a31\" data-element_type=\"widget\" data-widget_type=\"divider.default\">\n\t\t\t\t<div class=\"elementor-widget-container\">\n\t\t\t\t\t<div class=\"elementor-divider\">\n\t\t\t<span class=\"elementor-divider-separator\">\n\t\t\t\t\t\t<\/span>\n\t\t<\/div>\n\t\t\t\t<\/div>\n\t\t\t\t<\/div>\n\t\t\t\t<div class=\"elementor-element elementor-element-03b8dd0 elementor-widget elementor-widget-text-editor\" data-id=\"03b8dd0\" data-element_type=\"widget\" data-widget_type=\"text-editor.default\">\n\t\t\t\t<div class=\"elementor-widget-container\">\n\t\t\t\t\t\t\t<p>Kl\u00e6d dig p\u00e5 til turen<\/p>\t\t\t\t\t\t<\/div>\n\t\t\t\t<\/div>\n\t\t\t\t<div class=\"elementor-element elementor-element-01cb139 elementor-widget elementor-widget-text-editor\" data-id=\"01cb139\" data-element_type=\"widget\" data-widget_type=\"text-editor.default\">\n\t\t\t\t<div class=\"elementor-widget-container\">\n\t\t\t\t\t\t\t<p>Vejret kan v\u00e6re omskifteligt heroppe.<\/p><p>Vi anbefaler derfor, at du er forberedt p\u00e5, at vejret kan skifte under turen.<\/p><p>Din forberedelse kan v\u00e6re, at du medbringer ekstra t\u00f8j &#8211; varmt t\u00f8j, s\u00e5som tykke sokker, ekstra tr\u00f8je\/jakke.<\/p><p>Venligt s\u00f8rg for, at dine medbragte tasker er pakket anvarligt og gerne vandt\u00e6t.<\/p><p>Hvis turen omfatter lands\u00e6tning og dermed g\u00e5ture, s\u00e5 brug gerne gode vandrest\u00f8vler som er g\u00e5et til.\u00a0<\/p>\t\t\t\t\t\t<\/div>\n\t\t\t\t<\/div>\n\t\t\t\t<div class=\"elementor-element elementor-element-1de7fc4 elementor-widget elementor-widget-image-gallery\" data-id=\"1de7fc4\" data-element_type=\"widget\" data-widget_type=\"image-gallery.default\">\n\t\t\t\t<div class=\"elementor-widget-container\">\n\t\t\t\t\t<div class=\"elementor-image-gallery\">\n\t\t\t<div id='gallery-3' class='gallery galleryid-922 gallery-columns-3 gallery-size-2048x2048'><figure class='gallery-item'>\n\t\t\t<div class='gallery-icon landscape'>\n\t\t\t\t<a data-elementor-open-lightbox=\"yes\" data-elementor-lightbox-slideshow=\"1de7fc4\" data-elementor-lightbox-title=\"P8_1\" data-e-action-hash=\"#elementor-action%3Aaction%3Dlightbox%26settings%3DeyJpZCI6MTgyMSwidXJsIjoiaHR0cHM6XC9cL29obXlncmVlbmxhbmQuY29tXC93cC1jb250ZW50XC91cGxvYWRzXC8yMDIzXC8wNVwvUDhfMS5qcGciLCJzbGlkZXNob3ciOiIxZGU3ZmM0In0%3D\" href='https:\/\/ohmygreenland.com\/wp-content\/uploads\/2023\/05\/P8_1.jpg'><img loading=\"lazy\" decoding=\"async\" width=\"319\" height=\"179\" src=\"https:\/\/ohmygreenland.com\/wp-content\/uploads\/2023\/05\/P8_1.jpg\" class=\"attachment-2048x2048 size-2048x2048\" alt=\"\" srcset=\"https:\/\/ohmygreenland.com\/wp-content\/uploads\/2023\/05\/P8_1.jpg 319w, https:\/\/ohmygreenland.com\/wp-content\/uploads\/2023\/05\/P8_1-300x168.jpg 300w\" sizes=\"(max-width: 319px) 100vw, 319px\" \/><\/a>\n\t\t\t<\/div><\/figure>\n\t\t<\/div>\n\t\t<\/div>\n\t\t\t\t<\/div>\n\t\t\t\t<\/div>\n\t\t\t\t<div class=\"elementor-element elementor-element-cf199a2 elementor-widget elementor-widget-text-editor\" data-id=\"cf199a2\" data-element_type=\"widget\" data-widget_type=\"text-editor.default\">\n\t\t\t\t<div class=\"elementor-widget-container\">\n\t\t\t\t\t\t\t<p>B\u00e5dture<\/p>\t\t\t\t\t\t<\/div>\n\t\t\t\t<\/div>\n\t\t\t\t<div class=\"elementor-element elementor-element-77c1590 elementor-widget elementor-widget-text-editor\" data-id=\"77c1590\" data-element_type=\"widget\" data-widget_type=\"text-editor.default\">\n\t\t\t\t<div class=\"elementor-widget-container\">\n\t\t\t\t\t\t\t<p>Vores b\u00e5de har lukkede styrehuse som er opvarmet. Under turen er der ogs\u00e5 mulighed for at komme p\u00e5 agterd\u00e6kket.<\/p><p>Vi sejler typisk med 25-27 knob<\/p><p>B\u00e5dene er udstyret med usb opladere (medbring egen kabel\/ledning)<\/p><p>\u00a0<\/p>\t\t\t\t\t\t<\/div>\n\t\t\t\t<\/div>\n\t\t\t\t<div class=\"elementor-element elementor-element-459903d elementor-widget elementor-widget-text-editor\" data-id=\"459903d\" data-element_type=\"widget\" data-widget_type=\"text-editor.default\">\n\t\t\t\t<div class=\"elementor-widget-container\">\n\t\t\t\t\t\t\t<p>Vandreture<\/p>\t\t\t\t\t\t<\/div>\n\t\t\t\t<\/div>\n\t\t\t\t<div class=\"elementor-element elementor-element-69c5b19 elementor-widget elementor-widget-text-editor\" data-id=\"69c5b19\" data-element_type=\"widget\" data-widget_type=\"text-editor.default\">\n\t\t\t\t<div class=\"elementor-widget-container\">\n\t\t\t\t\t\t\t<p>Vi anbefaler at have flere lag varmt og vindt\u00e6t t\u00f8j p\u00e5. Vandresko eller andet vandt\u00e6tte st\u00f8vler. Medbring gerne en lille rygs\u00e6k p\u00e5 vandreturen.\u00a0<\/p>\t\t\t\t\t\t<\/div>\n\t\t\t\t<\/div>\n\t\t\t\t<div class=\"elementor-element elementor-element-f988fe4 elementor-widget elementor-widget-text-editor\" data-id=\"f988fe4\" data-element_type=\"widget\" data-widget_type=\"text-editor.default\">\n\t\t\t\t<div class=\"elementor-widget-container\">\n\t\t\t\t\t\t\t<p>Hav Kajak<\/p>\t\t\t\t\t\t<\/div>\n\t\t\t\t<\/div>\n\t\t\t\t<div class=\"elementor-element elementor-element-1845704 elementor-widget elementor-widget-text-editor\" data-id=\"1845704\" data-element_type=\"widget\" data-widget_type=\"text-editor.default\">\n\t\t\t\t<div class=\"elementor-widget-container\">\n\t\t\t\t\t\t\t<p>Udover kajakudstyret vil OMG Boat Trips give alle g\u00e6ster en redningsvest og padlehandsker til turen. Vi anbefaler, at du b\u00e6rer et eller to varme bundlag (helst lavet af uld), varme sokker og en hue. Vi vil give dig t\u00f8rre poser til noget personligt udstyr under kajaksejladsen.\u00a0<\/p>\t\t\t\t\t\t<\/div>\n\t\t\t\t<\/div>\n\t\t\t\t<div class=\"elementor-element elementor-element-b7191f0 elementor-widget elementor-widget-text-editor\" data-id=\"b7191f0\" data-element_type=\"widget\" data-widget_type=\"text-editor.default\">\n\t\t\t\t<div class=\"elementor-widget-container\">\n\t\t\t\t\t\t\t<p>Alkohol og Camp<\/p>\t\t\t\t\t\t<\/div>\n\t\t\t\t<\/div>\n\t\t\t\t<div class=\"elementor-element elementor-element-9b613e3 elementor-widget elementor-widget-text-editor\" data-id=\"9b613e3\" data-element_type=\"widget\" data-widget_type=\"text-editor.default\">\n\t\t\t\t<div class=\"elementor-widget-container\">\n\t\t\t\t\t\t\t<p>Vi oprerer med nultolerance for p\u00e5virkning af alkohol, n\u00e5r man opholder sig i campen.<\/p><p>Hvis dette ikke respekteres, s\u00e5 kan du desv\u00e6rre ikke overnatte p\u00e5 vores camp.<\/p>\t\t\t\t\t\t<\/div>\n\t\t\t\t<\/div>\n\t\t\t\t<div class=\"elementor-element elementor-element-a9b6639 elementor-widget elementor-widget-text-editor\" data-id=\"a9b6639\" data-element_type=\"widget\" data-widget_type=\"text-editor.default\">\n\t\t\t\t<div class=\"elementor-widget-container\">\n\t\t\t\t\t\t\t<p>Har du stadig nogle sp\u00f8rgsm\u00e5l?\u00a0 Send gerne en e-mail til info@ohmygreenland.com<\/p>\t\t\t\t\t\t<\/div>\n\t\t\t\t<\/div>\n\t\t\t\t\t<\/div>\n\t\t<\/div>\n\t\t\t\t\t<\/div>\n\t\t<\/section>\n\t\t\t\t<\/div>\n\t\t","protected":false},"excerpt":{"rendered":"<p>Booking Nem nemmeste m\u00e5de er at g\u00e5 online p\u00e5 vores hjemmeside og\/-eller\u00a0 skrive direkte med os. Brug lidt tid p\u00e5 at finde den tur der passer dig bedst. Vi har mange valgmuligheder, men begr\u00e6nser os ikke til disse. Har du specielle \u00f8nsker &#8211; kontakt os gerne.\u00a0 Vi i OMG Boat Trips er op mod 12% [&hellip;]<\/p>\n","protected":false},"author":1,"featured_media":0,"parent":0,"menu_order":0,"comment_status":"closed","ping_status":"closed","template":"","meta":{"_acf_changed":false,"footnotes":""},"categories":[],"tags":[],"class_list":["post-922","page","type-page","status-publish","hentry"],"acf":[],"yoast_head":"<!-- This site is optimized with the Yoast SEO plugin v23.8 - https:\/\/yoast.com\/wordpress\/plugins\/seo\/ -->\n<title>FAQ - OhMyGreenland | Discover Greenland<\/title>\n<meta name=\"robots\" content=\"index, follow, max-snippet:-1, max-image-preview:large, max-video-preview:-1\" \/>\n<link rel=\"canonical\" href=\"https:\/\/ohmygreenland.com\/da\/vigtig-information\/\" \/>\n<meta property=\"og:locale\" content=\"da_DK\" \/>\n<meta property=\"og:type\" content=\"article\" \/>\n<meta property=\"og:title\" content=\"FAQ - OhMyGreenland | Discover Greenland\" \/>\n<meta property=\"og:description\" content=\"Booking Nem nemmeste m\u00e5de er at g\u00e5 online p\u00e5 vores hjemmeside og\/-eller\u00a0 skrive direkte med os. Brug lidt tid p\u00e5 at finde den tur der passer dig bedst. Vi har mange valgmuligheder, men begr\u00e6nser os ikke til disse. Har du specielle \u00f8nsker &#8211; kontakt os gerne.\u00a0 Vi i OMG Boat Trips er op mod 12% [&hellip;]\" \/>\n<meta property=\"og:url\" content=\"https:\/\/ohmygreenland.com\/da\/vigtig-information\/\" \/>\n<meta property=\"og:site_name\" content=\"OhMyGreenland | Discover Greenland\" \/>\n<meta property=\"article:modified_time\" content=\"2023-08-19T10:08:04+00:00\" \/>\n<meta property=\"og:image\" content=\"https:\/\/ohmygreenland.com\/wp-content\/uploads\/2023\/05\/P8_2.jpg\" \/>\n<meta name=\"twitter:card\" content=\"summary_large_image\" \/>\n<meta name=\"twitter:label1\" content=\"Estimeret l\u00e6setid\" \/>\n\t<meta name=\"twitter:data1\" content=\"4 minutter\" \/>\n<script type=\"application\/ld+json\" class=\"yoast-schema-graph\">{\"@context\":\"https:\/\/schema.org\",\"@graph\":[{\"@type\":\"WebPage\",\"@id\":\"https:\/\/ohmygreenland.com\/da\/vigtig-information\/\",\"url\":\"https:\/\/ohmygreenland.com\/da\/vigtig-information\/\",\"name\":\"FAQ - OhMyGreenland | Discover Greenland\",\"isPartOf\":{\"@id\":\"https:\/\/ohmygreenland.com\/da\/#website\"},\"primaryImageOfPage\":{\"@id\":\"https:\/\/ohmygreenland.com\/da\/vigtig-information\/#primaryimage\"},\"image\":{\"@id\":\"https:\/\/ohmygreenland.com\/da\/vigtig-information\/#primaryimage\"},\"thumbnailUrl\":\"https:\/\/ohmygreenland.com\/wp-content\/uploads\/2023\/05\/P8_2.jpg\",\"datePublished\":\"2023-05-04T07:51:48+00:00\",\"dateModified\":\"2023-08-19T10:08:04+00:00\",\"breadcrumb\":{\"@id\":\"https:\/\/ohmygreenland.com\/da\/vigtig-information\/#breadcrumb\"},\"inLanguage\":\"da-DK\",\"potentialAction\":[{\"@type\":\"ReadAction\",\"target\":[\"https:\/\/ohmygreenland.com\/da\/vigtig-information\/\"]}]},{\"@type\":\"ImageObject\",\"inLanguage\":\"da-DK\",\"@id\":\"https:\/\/ohmygreenland.com\/da\/vigtig-information\/#primaryimage\",\"url\":\"https:\/\/ohmygreenland.com\/wp-content\/uploads\/2023\/05\/P8_2.jpg\",\"contentUrl\":\"https:\/\/ohmygreenland.com\/wp-content\/uploads\/2023\/05\/P8_2.jpg\"},{\"@type\":\"BreadcrumbList\",\"@id\":\"https:\/\/ohmygreenland.com\/da\/vigtig-information\/#breadcrumb\",\"itemListElement\":[{\"@type\":\"ListItem\",\"position\":1,\"name\":\"Home\",\"item\":\"https:\/\/ohmygreenland.com\/da\/\"},{\"@type\":\"ListItem\",\"position\":2,\"name\":\"FAQ\"}]},{\"@type\":\"WebSite\",\"@id\":\"https:\/\/ohmygreenland.com\/da\/#website\",\"url\":\"https:\/\/ohmygreenland.com\/da\/\",\"name\":\"OhMyGreenland | Discover Greenland\",\"description\":\"\",\"potentialAction\":[{\"@type\":\"SearchAction\",\"target\":{\"@type\":\"EntryPoint\",\"urlTemplate\":\"https:\/\/ohmygreenland.com\/da\/?s={search_term_string}\"},\"query-input\":{\"@type\":\"PropertyValueSpecification\",\"valueRequired\":true,\"valueName\":\"search_term_string\"}}],\"inLanguage\":\"da-DK\"}]}<\/script>\n<!-- \/ Yoast SEO plugin. -->","yoast_head_json":{"title":"FAQ - OhMyGreenland | Discover Greenland","robots":{"index":"index","follow":"follow","max-snippet":"max-snippet:-1","max-image-preview":"max-image-preview:large","max-video-preview":"max-video-preview:-1"},"canonical":"https:\/\/ohmygreenland.com\/da\/vigtig-information\/","og_locale":"da_DK","og_type":"article","og_title":"FAQ - OhMyGreenland | Discover Greenland","og_description":"Booking Nem nemmeste m\u00e5de er at g\u00e5 online p\u00e5 vores hjemmeside og\/-eller\u00a0 skrive direkte med os. Brug lidt tid p\u00e5 at finde den tur der passer dig bedst. Vi har mange valgmuligheder, men begr\u00e6nser os ikke til disse. Har du specielle \u00f8nsker &#8211; kontakt os gerne.\u00a0 Vi i OMG Boat Trips er op mod 12% [&hellip;]","og_url":"https:\/\/ohmygreenland.com\/da\/vigtig-information\/","og_site_name":"OhMyGreenland | Discover Greenland","article_modified_time":"2023-08-19T10:08:04+00:00","og_image":[{"url":"https:\/\/ohmygreenland.com\/wp-content\/uploads\/2023\/05\/P8_2.jpg"}],"twitter_card":"summary_large_image","twitter_misc":{"Estimeret l\u00e6setid":"4 minutter"},"schema":{"@context":"https:\/\/schema.org","@graph":[{"@type":"WebPage","@id":"https:\/\/ohmygreenland.com\/da\/vigtig-information\/","url":"https:\/\/ohmygreenland.com\/da\/vigtig-information\/","name":"FAQ - OhMyGreenland | Discover Greenland","isPartOf":{"@id":"https:\/\/ohmygreenland.com\/da\/#website"},"primaryImageOfPage":{"@id":"https:\/\/ohmygreenland.com\/da\/vigtig-information\/#primaryimage"},"image":{"@id":"https:\/\/ohmygreenland.com\/da\/vigtig-information\/#primaryimage"},"thumbnailUrl":"https:\/\/ohmygreenland.com\/wp-content\/uploads\/2023\/05\/P8_2.jpg","datePublished":"2023-05-04T07:51:48+00:00","dateModified":"2023-08-19T10:08:04+00:00","breadcrumb":{"@id":"https:\/\/ohmygreenland.com\/da\/vigtig-information\/#breadcrumb"},"inLanguage":"da-DK","potentialAction":[{"@type":"ReadAction","target":["https:\/\/ohmygreenland.com\/da\/vigtig-information\/"]}]},{"@type":"ImageObject","inLanguage":"da-DK","@id":"https:\/\/ohmygreenland.com\/da\/vigtig-information\/#primaryimage","url":"https:\/\/ohmygreenland.com\/wp-content\/uploads\/2023\/05\/P8_2.jpg","contentUrl":"https:\/\/ohmygreenland.com\/wp-content\/uploads\/2023\/05\/P8_2.jpg"},{"@type":"BreadcrumbList","@id":"https:\/\/ohmygreenland.com\/da\/vigtig-information\/#breadcrumb","itemListElement":[{"@type":"ListItem","position":1,"name":"Home","item":"https:\/\/ohmygreenland.com\/da\/"},{"@type":"ListItem","position":2,"name":"FAQ"}]},{"@type":"WebSite","@id":"https:\/\/ohmygreenland.com\/da\/#website","url":"https:\/\/ohmygreenland.com\/da\/","name":"OhMyGreenland | Discover Greenland","description":"","potentialAction":[{"@type":"SearchAction","target":{"@type":"EntryPoint","urlTemplate":"https:\/\/ohmygreenland.com\/da\/?s={search_term_string}"},"query-input":{"@type":"PropertyValueSpecification","valueRequired":true,"valueName":"search_term_string"}}],"inLanguage":"da-DK"}]}},"_links":{"self":[{"href":"https:\/\/ohmygreenland.com\/da\/wp-json\/wp\/v2\/pages\/922","targetHints":{"allow":["GET"]}}],"collection":[{"href":"https:\/\/ohmygreenland.com\/da\/wp-json\/wp\/v2\/pages"}],"about":[{"href":"https:\/\/ohmygreenland.com\/da\/wp-json\/wp\/v2\/types\/page"}],"author":[{"embeddable":true,"href":"https:\/\/ohmygreenland.com\/da\/wp-json\/wp\/v2\/users\/1"}],"replies":[{"embeddable":true,"href":"https:\/\/ohmygreenland.com\/da\/wp-json\/wp\/v2\/comments?post=922"}],"version-history":[{"count":117,"href":"https:\/\/ohmygreenland.com\/da\/wp-json\/wp\/v2\/pages\/922\/revisions"}],"predecessor-version":[{"id":6337,"href":"https:\/\/ohmygreenland.com\/da\/wp-json\/wp\/v2\/pages\/922\/revisions\/6337"}],"wp:attachment":[{"href":"https:\/\/ohmygreenland.com\/da\/wp-json\/wp\/v2\/media?parent=922"}],"wp:term":[{"taxonomy":"category","embeddable":true,"href":"https:\/\/ohmygreenland.com\/da\/wp-json\/wp\/v2\/categories?post=922"},{"taxonomy":"post_tag","embeddable":true,"href":"https:\/\/ohmygreenland.com\/da\/wp-json\/wp\/v2\/tags?post=922"}],"curies":[{"name":"wp","href":"https:\/\/api.w.org\/{rel}","templated":true}]}}