{"id":939,"date":"2023-05-03T04:35:35","date_gmt":"2023-05-03T04:35:35","guid":{"rendered":"https:\/\/ohmygreenland.com\/?page_id=939"},"modified":"2024-12-20T16:02:55","modified_gmt":"2024-12-20T16:02:55","slug":"charter","status":"publish","type":"page","link":"https:\/\/ohmygreenland.com\/da\/charter\/","title":{"rendered":"Charter"},"content":{"rendered":"\t\t<div data-elementor-type=\"wp-page\" data-elementor-id=\"939\" class=\"elementor elementor-939\" data-elementor-post-type=\"page\">\n\t\t\t\t\t\t<section class=\"elementor-section elementor-top-section elementor-element elementor-element-6b8bbd6 elementor-section-full_width elementor-section-height-default elementor-section-height-default\" data-id=\"6b8bbd6\" data-element_type=\"section\">\n\t\t\t\t\t\t<div class=\"elementor-container elementor-column-gap-default\">\n\t\t\t\t\t<div class=\"elementor-column elementor-col-100 elementor-top-column elementor-element elementor-element-466e889\" data-id=\"466e889\" data-element_type=\"column\">\n\t\t\t<div class=\"elementor-widget-wrap elementor-element-populated\">\n\t\t\t\t\t\t<div class=\"elementor-element elementor-element-d517b65 elementor-widget elementor-widget-spacer\" data-id=\"d517b65\" data-element_type=\"widget\" data-widget_type=\"spacer.default\">\n\t\t\t\t<div class=\"elementor-widget-container\">\n\t\t\t\t\t<div class=\"elementor-spacer\">\n\t\t\t<div class=\"elementor-spacer-inner\"><\/div>\n\t\t<\/div>\n\t\t\t\t<\/div>\n\t\t\t\t<\/div>\n\t\t\t\t\t<\/div>\n\t\t<\/div>\n\t\t\t\t\t<\/div>\n\t\t<\/section>\n\t\t\t\t<section class=\"elementor-section elementor-top-section elementor-element elementor-element-329ca9e elementor-section-boxed elementor-section-height-default elementor-section-height-default\" data-id=\"329ca9e\" data-element_type=\"section\" data-settings=\"{&quot;background_background&quot;:&quot;classic&quot;}\">\n\t\t\t\t\t\t<div class=\"elementor-container elementor-column-gap-default\">\n\t\t\t\t\t<div class=\"elementor-column elementor-col-100 elementor-top-column elementor-element elementor-element-8bdaa7d\" data-id=\"8bdaa7d\" data-element_type=\"column\">\n\t\t\t<div class=\"elementor-widget-wrap elementor-element-populated\">\n\t\t\t\t\t\t<div class=\"elementor-element elementor-element-7ff2f52 elementor-widget elementor-widget-heading\" data-id=\"7ff2f52\" data-element_type=\"widget\" data-widget_type=\"heading.default\">\n\t\t\t\t<div class=\"elementor-widget-container\">\n\t\t\t<h2 class=\"elementor-heading-title elementor-size-default\">\u00a0N\u00e5 dit destination hurtigt, sikkert og komfortabelt.<\/h2>\t\t<\/div>\n\t\t\t\t<\/div>\n\t\t\t\t<section class=\"elementor-section elementor-inner-section elementor-element elementor-element-d0c5cdc elementor-section-boxed elementor-section-height-default elementor-section-height-default\" data-id=\"d0c5cdc\" data-element_type=\"section\">\n\t\t\t\t\t\t<div class=\"elementor-container elementor-column-gap-default\">\n\t\t\t\t\t<div class=\"elementor-column elementor-col-50 elementor-inner-column elementor-element elementor-element-9ec2a69\" data-id=\"9ec2a69\" data-element_type=\"column\">\n\t\t\t<div class=\"elementor-widget-wrap elementor-element-populated\">\n\t\t\t\t\t\t<div class=\"elementor-element elementor-element-fcd7b85 elementor-widget elementor-widget-text-editor\" data-id=\"fcd7b85\" data-element_type=\"widget\" data-widget_type=\"text-editor.default\">\n\t\t\t\t<div class=\"elementor-widget-container\">\n\t\t\t\t\t\t\t<p>\u00a0<\/p><p>OMG Boat Trips tilbyder sikkert og effektivt transport n\u00e5r du har brug for det.<\/p><p>Vi kan arrangere:<\/p><ul><li>transport til hytten\/teltpladsen.<\/li><li>fotografi\/filmhold<\/li><li>private ture<\/li><li>forskningsprojekter<\/li><li>evakueringer<\/li><li>transport af reservedele<\/li><li>og meget mere.\u00a0<\/li><\/ul>\t\t\t\t\t\t<\/div>\n\t\t\t\t<\/div>\n\t\t\t\t<div class=\"elementor-element elementor-element-8b16595 elementor-widget elementor-widget-text-editor\" data-id=\"8b16595\" data-element_type=\"widget\" data-widget_type=\"text-editor.default\">\n\t\t\t\t<div class=\"elementor-widget-container\">\n\t\t\t\t\t\t\t<p style=\"text-align: center;\">charter pris er fra kr. 1.800,- i timen.<\/p><p style=\"text-align: center;\">minimum 2 timer<\/p>\t\t\t\t\t\t<\/div>\n\t\t\t\t<\/div>\n\t\t\t\t\t<\/div>\n\t\t<\/div>\n\t\t\t\t<div class=\"elementor-column elementor-col-50 elementor-inner-column elementor-element elementor-element-993dc88\" data-id=\"993dc88\" data-element_type=\"column\">\n\t\t\t<div class=\"elementor-widget-wrap elementor-element-populated\">\n\t\t\t\t\t\t<div class=\"elementor-element elementor-element-15baf64 elementor-widget elementor-widget-image\" data-id=\"15baf64\" data-element_type=\"widget\" data-widget_type=\"image.default\">\n\t\t\t\t<div class=\"elementor-widget-container\">\n\t\t\t\t\t\t\t\t\t\t\t\t\t<img fetchpriority=\"high\" decoding=\"async\" width=\"800\" height=\"1000\" src=\"https:\/\/ohmygreenland.com\/wp-content\/uploads\/2024\/12\/IMG_20240812_165103_786-819x1024.jpg\" class=\"attachment-large size-large wp-image-9197\" alt=\"\" srcset=\"https:\/\/ohmygreenland.com\/wp-content\/uploads\/2024\/12\/IMG_20240812_165103_786-819x1024.jpg 819w, https:\/\/ohmygreenland.com\/wp-content\/uploads\/2024\/12\/IMG_20240812_165103_786-240x300.jpg 240w, https:\/\/ohmygreenland.com\/wp-content\/uploads\/2024\/12\/IMG_20240812_165103_786-768x960.jpg 768w, https:\/\/ohmygreenland.com\/wp-content\/uploads\/2024\/12\/IMG_20240812_165103_786-1229x1536.jpg 1229w, https:\/\/ohmygreenland.com\/wp-content\/uploads\/2024\/12\/IMG_20240812_165103_786-1638x2048.jpg 1638w, https:\/\/ohmygreenland.com\/wp-content\/uploads\/2024\/12\/IMG_20240812_165103_786-600x750.jpg 600w, https:\/\/ohmygreenland.com\/wp-content\/uploads\/2024\/12\/IMG_20240812_165103_786-scaled.jpg 2048w\" sizes=\"(max-width: 800px) 100vw, 800px\" \/>\t\t\t\t\t\t\t\t\t\t\t\t\t<\/div>\n\t\t\t\t<\/div>\n\t\t\t\t\t<\/div>\n\t\t<\/div>\n\t\t\t\t\t<\/div>\n\t\t<\/section>\n\t\t\t\t<section class=\"elementor-section elementor-inner-section elementor-element elementor-element-4c205d6 elementor-section-boxed elementor-section-height-default elementor-section-height-default\" data-id=\"4c205d6\" data-element_type=\"section\">\n\t\t\t\t\t\t<div class=\"elementor-container elementor-column-gap-default\">\n\t\t\t\t\t<div class=\"elementor-column elementor-col-50 elementor-inner-column elementor-element elementor-element-9814c46\" data-id=\"9814c46\" data-element_type=\"column\">\n\t\t\t<div class=\"elementor-widget-wrap elementor-element-populated\">\n\t\t\t\t\t\t<div class=\"elementor-element elementor-element-34d9a00 elementor-widget elementor-widget-text-editor\" data-id=\"34d9a00\" data-element_type=\"widget\" data-widget_type=\"text-editor.default\">\n\t\t\t\t<div class=\"elementor-widget-container\">\n\t\t\t\t\t\t\t<p>Vi har erfaring inden for det meste og kan derfor tilbyde dig og dit virksomhed skr\u00e6ddersyede l\u00f8sninger.<\/p><p>Samtlige af vores b\u00e5de, er med lukkede og opvarmede styrehuse. Ligesom der er toiletfaciliteter ombord.<\/p><p>Har i specielle \u00f8nsker, kontakt os og vi leverer l\u00f8sningen sammen med jer.<\/p><p>Vi kan flytte op til 26 personer ad gangen.<\/p><p>Vi sejler med omkring 25-27 knob.*<\/p>\t\t\t\t\t\t<\/div>\n\t\t\t\t<\/div>\n\t\t\t\t\t<\/div>\n\t\t<\/div>\n\t\t\t\t<div class=\"elementor-column elementor-col-50 elementor-inner-column elementor-element elementor-element-e13319b\" data-id=\"e13319b\" data-element_type=\"column\">\n\t\t\t<div class=\"elementor-widget-wrap elementor-element-populated\">\n\t\t\t\t\t\t<div class=\"elementor-element elementor-element-5924c27 elementor-widget elementor-widget-text-editor\" data-id=\"5924c27\" data-element_type=\"widget\" data-widget_type=\"text-editor.default\">\n\t\t\t\t<div class=\"elementor-widget-container\">\n\t\t\t\t\t\t\t<p>sms eller skriv p\u00e5 :<\/p><p>+ 299 26 4211<\/p><p>email: info@ohmygreenland.com<\/p>\t\t\t\t\t\t<\/div>\n\t\t\t\t<\/div>\n\t\t\t\t\t<\/div>\n\t\t<\/div>\n\t\t\t\t\t<\/div>\n\t\t<\/section>\n\t\t\t\t<div class=\"elementor-element elementor-element-7957a7f elementor-widget elementor-widget-text-editor\" data-id=\"7957a7f\" data-element_type=\"widget\" data-widget_type=\"text-editor.default\">\n\t\t\t\t<div class=\"elementor-widget-container\">\n\t\t\t\t\t\t\t<p>* Sejlefarten kan v\u00e6re betinget af forhold s\u00e5som vejr, str\u00f8m og isforhold.<\/p>\t\t\t\t\t\t<\/div>\n\t\t\t\t<\/div>\n\t\t\t\t\t<\/div>\n\t\t<\/div>\n\t\t\t\t\t<\/div>\n\t\t<\/section>\n\t\t\t\t<\/div>\n\t\t","protected":false},"excerpt":{"rendered":"<p>Charter vores b\u00e5d medens du er i Nuuk<\/p>\n","protected":false},"author":1,"featured_media":8727,"parent":0,"menu_order":0,"comment_status":"closed","ping_status":"closed","template":"","meta":{"_acf_changed":false,"footnotes":""},"categories":[],"tags":[],"class_list":["post-939","page","type-page","status-publish","has-post-thumbnail","hentry"],"acf":[],"yoast_head":"<!-- This site is optimized with the Yoast SEO plugin v23.8 - https:\/\/yoast.com\/wordpress\/plugins\/seo\/ -->\n<title>Vi tilbyder de bedste charterpriser i Nuuk<\/title>\n<meta name=\"description\" content=\"Nu kan du charte dit eget b\u00e5d mens du bes\u00f8ger Nuuk. Bestem selv hvor, hvorn\u00e5r og hvortil du vil sejle, s\u00e5 s\u00f8rger vi for at du n\u00e5r der.\" \/>\n<meta name=\"robots\" content=\"index, follow, max-snippet:-1, max-image-preview:large, max-video-preview:-1\" \/>\n<link rel=\"canonical\" href=\"https:\/\/ohmygreenland.com\/da\/charter\/\" \/>\n<meta property=\"og:locale\" content=\"da_DK\" \/>\n<meta property=\"og:type\" content=\"article\" \/>\n<meta property=\"og:title\" content=\"Vi tilbyder de bedste charterpriser i Nuuk\" \/>\n<meta property=\"og:description\" content=\"Nu kan du charte dit eget b\u00e5d mens du bes\u00f8ger Nuuk. Bestem selv hvor, hvorn\u00e5r og hvortil du vil sejle, s\u00e5 s\u00f8rger vi for at du n\u00e5r der.\" \/>\n<meta property=\"og:url\" content=\"https:\/\/ohmygreenland.com\/da\/charter\/\" \/>\n<meta property=\"og:site_name\" content=\"OhMyGreenland | Discover Greenland\" \/>\n<meta property=\"article:modified_time\" content=\"2024-12-20T16:02:55+00:00\" \/>\n<meta property=\"og:image\" content=\"https:\/\/ohmygreenland.com\/wp-content\/uploads\/2024\/11\/Paamiut_mod_Qeqertaq-scaled.jpg\" \/>\n\t<meta property=\"og:image:width\" content=\"2560\" \/>\n\t<meta property=\"og:image:height\" content=\"1441\" \/>\n\t<meta property=\"og:image:type\" content=\"image\/jpeg\" \/>\n<meta name=\"twitter:card\" content=\"summary_large_image\" \/>\n<meta name=\"twitter:label1\" content=\"Estimeret l\u00e6setid\" \/>\n\t<meta name=\"twitter:data1\" content=\"1 minut\" \/>\n<script type=\"application\/ld+json\" class=\"yoast-schema-graph\">{\"@context\":\"https:\/\/schema.org\",\"@graph\":[{\"@type\":\"WebPage\",\"@id\":\"https:\/\/ohmygreenland.com\/da\/charter\/\",\"url\":\"https:\/\/ohmygreenland.com\/da\/charter\/\",\"name\":\"Vi tilbyder de bedste charterpriser i Nuuk\",\"isPartOf\":{\"@id\":\"https:\/\/ohmygreenland.com\/da\/#website\"},\"primaryImageOfPage\":{\"@id\":\"https:\/\/ohmygreenland.com\/da\/charter\/#primaryimage\"},\"image\":{\"@id\":\"https:\/\/ohmygreenland.com\/da\/charter\/#primaryimage\"},\"thumbnailUrl\":\"https:\/\/ohmygreenland.com\/wp-content\/uploads\/2024\/11\/Paamiut_mod_Qeqertaq-scaled.jpg\",\"datePublished\":\"2023-05-03T04:35:35+00:00\",\"dateModified\":\"2024-12-20T16:02:55+00:00\",\"description\":\"Nu kan du charte dit eget b\u00e5d mens du bes\u00f8ger Nuuk. Bestem selv hvor, hvorn\u00e5r og hvortil du vil sejle, s\u00e5 s\u00f8rger vi for at du n\u00e5r der.\",\"breadcrumb\":{\"@id\":\"https:\/\/ohmygreenland.com\/da\/charter\/#breadcrumb\"},\"inLanguage\":\"da-DK\",\"potentialAction\":[{\"@type\":\"ReadAction\",\"target\":[\"https:\/\/ohmygreenland.com\/da\/charter\/\"]}]},{\"@type\":\"ImageObject\",\"inLanguage\":\"da-DK\",\"@id\":\"https:\/\/ohmygreenland.com\/da\/charter\/#primaryimage\",\"url\":\"https:\/\/ohmygreenland.com\/wp-content\/uploads\/2024\/11\/Paamiut_mod_Qeqertaq-scaled.jpg\",\"contentUrl\":\"https:\/\/ohmygreenland.com\/wp-content\/uploads\/2024\/11\/Paamiut_mod_Qeqertaq-scaled.jpg\",\"width\":2560,\"height\":1441},{\"@type\":\"BreadcrumbList\",\"@id\":\"https:\/\/ohmygreenland.com\/da\/charter\/#breadcrumb\",\"itemListElement\":[{\"@type\":\"ListItem\",\"position\":1,\"name\":\"Home\",\"item\":\"https:\/\/ohmygreenland.com\/da\/\"},{\"@type\":\"ListItem\",\"position\":2,\"name\":\"Charter\"}]},{\"@type\":\"WebSite\",\"@id\":\"https:\/\/ohmygreenland.com\/da\/#website\",\"url\":\"https:\/\/ohmygreenland.com\/da\/\",\"name\":\"OhMyGreenland | Discover Greenland\",\"description\":\"\",\"potentialAction\":[{\"@type\":\"SearchAction\",\"target\":{\"@type\":\"EntryPoint\",\"urlTemplate\":\"https:\/\/ohmygreenland.com\/da\/?s={search_term_string}\"},\"query-input\":{\"@type\":\"PropertyValueSpecification\",\"valueRequired\":true,\"valueName\":\"search_term_string\"}}],\"inLanguage\":\"da-DK\"}]}<\/script>\n<!-- \/ Yoast SEO plugin. -->","yoast_head_json":{"title":"Vi tilbyder de bedste charterpriser i Nuuk","description":"Nu kan du charte dit eget b\u00e5d mens du bes\u00f8ger Nuuk. Bestem selv hvor, hvorn\u00e5r og hvortil du vil sejle, s\u00e5 s\u00f8rger vi for at du n\u00e5r der.","robots":{"index":"index","follow":"follow","max-snippet":"max-snippet:-1","max-image-preview":"max-image-preview:large","max-video-preview":"max-video-preview:-1"},"canonical":"https:\/\/ohmygreenland.com\/da\/charter\/","og_locale":"da_DK","og_type":"article","og_title":"Vi tilbyder de bedste charterpriser i Nuuk","og_description":"Nu kan du charte dit eget b\u00e5d mens du bes\u00f8ger Nuuk. Bestem selv hvor, hvorn\u00e5r og hvortil du vil sejle, s\u00e5 s\u00f8rger vi for at du n\u00e5r der.","og_url":"https:\/\/ohmygreenland.com\/da\/charter\/","og_site_name":"OhMyGreenland | Discover Greenland","article_modified_time":"2024-12-20T16:02:55+00:00","og_image":[{"width":2560,"height":1441,"url":"https:\/\/ohmygreenland.com\/wp-content\/uploads\/2024\/11\/Paamiut_mod_Qeqertaq-scaled.jpg","type":"image\/jpeg"}],"twitter_card":"summary_large_image","twitter_misc":{"Estimeret l\u00e6setid":"1 minut"},"schema":{"@context":"https:\/\/schema.org","@graph":[{"@type":"WebPage","@id":"https:\/\/ohmygreenland.com\/da\/charter\/","url":"https:\/\/ohmygreenland.com\/da\/charter\/","name":"Vi tilbyder de bedste charterpriser i Nuuk","isPartOf":{"@id":"https:\/\/ohmygreenland.com\/da\/#website"},"primaryImageOfPage":{"@id":"https:\/\/ohmygreenland.com\/da\/charter\/#primaryimage"},"image":{"@id":"https:\/\/ohmygreenland.com\/da\/charter\/#primaryimage"},"thumbnailUrl":"https:\/\/ohmygreenland.com\/wp-content\/uploads\/2024\/11\/Paamiut_mod_Qeqertaq-scaled.jpg","datePublished":"2023-05-03T04:35:35+00:00","dateModified":"2024-12-20T16:02:55+00:00","description":"Nu kan du charte dit eget b\u00e5d mens du bes\u00f8ger Nuuk. Bestem selv hvor, hvorn\u00e5r og hvortil du vil sejle, s\u00e5 s\u00f8rger vi for at du n\u00e5r der.","breadcrumb":{"@id":"https:\/\/ohmygreenland.com\/da\/charter\/#breadcrumb"},"inLanguage":"da-DK","potentialAction":[{"@type":"ReadAction","target":["https:\/\/ohmygreenland.com\/da\/charter\/"]}]},{"@type":"ImageObject","inLanguage":"da-DK","@id":"https:\/\/ohmygreenland.com\/da\/charter\/#primaryimage","url":"https:\/\/ohmygreenland.com\/wp-content\/uploads\/2024\/11\/Paamiut_mod_Qeqertaq-scaled.jpg","contentUrl":"https:\/\/ohmygreenland.com\/wp-content\/uploads\/2024\/11\/Paamiut_mod_Qeqertaq-scaled.jpg","width":2560,"height":1441},{"@type":"BreadcrumbList","@id":"https:\/\/ohmygreenland.com\/da\/charter\/#breadcrumb","itemListElement":[{"@type":"ListItem","position":1,"name":"Home","item":"https:\/\/ohmygreenland.com\/da\/"},{"@type":"ListItem","position":2,"name":"Charter"}]},{"@type":"WebSite","@id":"https:\/\/ohmygreenland.com\/da\/#website","url":"https:\/\/ohmygreenland.com\/da\/","name":"OhMyGreenland | Discover Greenland","description":"","potentialAction":[{"@type":"SearchAction","target":{"@type":"EntryPoint","urlTemplate":"https:\/\/ohmygreenland.com\/da\/?s={search_term_string}"},"query-input":{"@type":"PropertyValueSpecification","valueRequired":true,"valueName":"search_term_string"}}],"inLanguage":"da-DK"}]}},"_links":{"self":[{"href":"https:\/\/ohmygreenland.com\/da\/wp-json\/wp\/v2\/pages\/939","targetHints":{"allow":["GET"]}}],"collection":[{"href":"https:\/\/ohmygreenland.com\/da\/wp-json\/wp\/v2\/pages"}],"about":[{"href":"https:\/\/ohmygreenland.com\/da\/wp-json\/wp\/v2\/types\/page"}],"author":[{"embeddable":true,"href":"https:\/\/ohmygreenland.com\/da\/wp-json\/wp\/v2\/users\/1"}],"replies":[{"embeddable":true,"href":"https:\/\/ohmygreenland.com\/da\/wp-json\/wp\/v2\/comments?post=939"}],"version-history":[{"count":120,"href":"https:\/\/ohmygreenland.com\/da\/wp-json\/wp\/v2\/pages\/939\/revisions"}],"predecessor-version":[{"id":9212,"href":"https:\/\/ohmygreenland.com\/da\/wp-json\/wp\/v2\/pages\/939\/revisions\/9212"}],"wp:featuredmedia":[{"embeddable":true,"href":"https:\/\/ohmygreenland.com\/da\/wp-json\/wp\/v2\/media\/8727"}],"wp:attachment":[{"href":"https:\/\/ohmygreenland.com\/da\/wp-json\/wp\/v2\/media?parent=939"}],"wp:term":[{"taxonomy":"category","embeddable":true,"href":"https:\/\/ohmygreenland.com\/da\/wp-json\/wp\/v2\/categories?post=939"},{"taxonomy":"post_tag","embeddable":true,"href":"https:\/\/ohmygreenland.com\/da\/wp-json\/wp\/v2\/tags?post=939"}],"curies":[{"name":"wp","href":"https:\/\/api.w.org\/{rel}","templated":true}]}}