{"id":3122,"date":"2023-05-04T07:51:48","date_gmt":"2023-05-04T07:51:48","guid":{"rendered":"https:\/\/ohmygreenland.com\/vigtig-information\/"},"modified":"2023-08-15T19:16:57","modified_gmt":"2023-08-15T19:16:57","slug":"vigtig-information","status":"publish","type":"page","link":"https:\/\/ohmygreenland.com\/de\/vigtig-information\/","title":{"rendered":"FAQ"},"content":{"rendered":"\t\t<div data-elementor-type=\"wp-page\" data-elementor-id=\"3122\" class=\"elementor elementor-3122\" data-elementor-post-type=\"page\">\n\t\t\t\t\t\t<section class=\"elementor-section elementor-top-section elementor-element elementor-element-8c20c1e elementor-section-boxed elementor-section-height-default elementor-section-height-default\" data-id=\"8c20c1e\" data-element_type=\"section\" data-settings=\"{&quot;background_background&quot;:&quot;classic&quot;}\">\n\t\t\t\t\t\t<div class=\"elementor-container elementor-column-gap-default\">\n\t\t\t\t\t<div class=\"elementor-column elementor-col-100 elementor-top-column elementor-element elementor-element-d1974d0\" data-id=\"d1974d0\" data-element_type=\"column\">\n\t\t\t<div class=\"elementor-widget-wrap elementor-element-populated\">\n\t\t\t\t\t\t<div class=\"elementor-element elementor-element-e03a35d elementor-widget elementor-widget-text-editor\" data-id=\"e03a35d\" data-element_type=\"widget\" data-widget_type=\"text-editor.default\">\n\t\t\t\t<div class=\"elementor-widget-container\">\n\t\t\t\t\t\t\t<p>Buchung<\/p>\t\t\t\t\t\t<\/div>\n\t\t\t\t<\/div>\n\t\t\t\t<div class=\"elementor-element elementor-element-b936cd0 elementor-widget elementor-widget-text-editor\" data-id=\"b936cd0\" data-element_type=\"widget\" data-widget_type=\"text-editor.default\">\n\t\t\t\t<div class=\"elementor-widget-container\">\n\t\t\t\t\t\t\t<p>Der einfachste und g\u00fcnstigste Weg, uns zu buchen, ist auf unserer Website und\/oder per E-Mail.<\/p><p>Nehmen Sie sich Zeit, um die beste Bootstour zu finden, die zu Ihnen passt.<\/p><p>Wir haben viele M\u00f6glichkeiten, aber beschr\u00e4nken wir uns nicht darauf.\u00a0<\/p><p>Wenn Sie spezielle W\u00fcnsche haben, z\u00f6gern Sie bitte nicht, uns zu kontaktieren.<\/p>\t\t\t\t\t\t<\/div>\n\t\t\t\t<\/div>\n\t\t\t\t<div class=\"elementor-element elementor-element-55dcf9c elementor-widget elementor-widget-text-editor\" data-id=\"55dcf9c\" data-element_type=\"widget\" data-widget_type=\"text-editor.default\">\n\t\t\t\t<div class=\"elementor-widget-container\">\n\t\t\t\t\t\t\t<p>OMG Boat Trips ist nicht nur bis zu 12% g\u00fcnstiger als andere Unternehmen, die \u00e4hnliche Touren anbieten*<\/p><p>Wir segeln auch bis zu 12% l\u00e4nger mit Ihnen*<\/p><p>Denken Sie also daran, dass es oft einen gro\u00dfen Unterschied geben kann, was Sie f\u00fcr Ihr Geld bekommen.<\/p>\t\t\t\t\t\t<\/div>\n\t\t\t\t<\/div>\n\t\t\t\t<div class=\"elementor-element elementor-element-e4c4797 gallery-spacing-custom elementor-widget elementor-widget-image-gallery\" data-id=\"e4c4797\" data-element_type=\"widget\" data-widget_type=\"image-gallery.default\">\n\t\t\t\t<div class=\"elementor-widget-container\">\n\t\t\t\t\t<div class=\"elementor-image-gallery\">\n\t\t\t<div id='gallery-1' class='gallery galleryid-3122 gallery-columns-3 gallery-size-full'><figure class='gallery-item'>\n\t\t\t<div class='gallery-icon landscape'>\n\t\t\t\t<a data-elementor-open-lightbox=\"yes\" data-elementor-lightbox-slideshow=\"e4c4797\" data-elementor-lightbox-title=\"P8_2\" data-e-action-hash=\"#elementor-action%3Aaction%3Dlightbox%26settings%3DeyJpZCI6MTgxNiwidXJsIjoiaHR0cHM6XC9cL29obXlncmVlbmxhbmQuY29tXC93cC1jb250ZW50XC91cGxvYWRzXC8yMDIzXC8wNVwvUDhfMi5qcGciLCJzbGlkZXNob3ciOiJlNGM0Nzk3In0%3D\" href='https:\/\/ohmygreenland.com\/wp-content\/uploads\/2023\/05\/P8_2.jpg'><img fetchpriority=\"high\" decoding=\"async\" width=\"600\" height=\"338\" src=\"https:\/\/ohmygreenland.com\/wp-content\/uploads\/2023\/05\/P8_2.jpg\" class=\"attachment-full size-full\" alt=\"\" srcset=\"https:\/\/ohmygreenland.com\/wp-content\/uploads\/2023\/05\/P8_2.jpg 600w, https:\/\/ohmygreenland.com\/wp-content\/uploads\/2023\/05\/P8_2-300x169.jpg 300w\" sizes=\"(max-width: 600px) 100vw, 600px\" \/><\/a>\n\t\t\t<\/div><\/figure>\n\t\t<\/div>\n\t\t<\/div>\n\t\t\t\t<\/div>\n\t\t\t\t<\/div>\n\t\t\t\t<div class=\"elementor-element elementor-element-ae3d83e elementor-widget elementor-widget-text-editor\" data-id=\"ae3d83e\" data-element_type=\"widget\" data-widget_type=\"text-editor.default\">\n\t\t\t\t<div class=\"elementor-widget-container\">\n\t\t\t\t\t\t\t<p>Treffpunkt<\/p>\t\t\t\t\t\t<\/div>\n\t\t\t\t<\/div>\n\t\t\t\t<div class=\"elementor-element elementor-element-d455293 elementor-widget elementor-widget-text-editor\" data-id=\"d455293\" data-element_type=\"widget\" data-widget_type=\"text-editor.default\">\n\t\t\t\t<div class=\"elementor-widget-container\">\n\t\t\t\t\t\t\t<p>Es gibt ein paar Treffpunkte, die Sie ausw\u00e4hlen k\u00f6nnen.<\/p><p>1. Gezeitentreppe, im alten Hafen hinter dem Hotel S\u00f8ma<\/p><p>2. Iggiaanut bro F \u2013 ein Yachthafen in der N\u00e4he des Pubs &#8220;Nasiffik&#8221; in Nuussuaq, einem Teil von Nuuk.<\/p>\t\t\t\t\t\t<\/div>\n\t\t\t\t<\/div>\n\t\t\t\t<div class=\"elementor-element elementor-element-93157e1 elementor-widget elementor-widget-image-gallery\" data-id=\"93157e1\" data-element_type=\"widget\" data-widget_type=\"image-gallery.default\">\n\t\t\t\t<div class=\"elementor-widget-container\">\n\t\t\t\t\t<div class=\"elementor-image-gallery\">\n\t\t\t<div id='gallery-2' class='gallery galleryid-3122 gallery-columns-2 gallery-size-thumbnail'><figure class='gallery-item'>\n\t\t\t<div class='gallery-icon portrait'>\n\t\t\t\t<a data-elementor-open-lightbox=\"yes\" data-elementor-lightbox-slideshow=\"93157e1\" data-elementor-lightbox-title=\"Screenshot_20230815_163126_Maps\" data-e-action-hash=\"#elementor-action%3Aaction%3Dlightbox%26settings%3DeyJpZCI6NTkzMSwidXJsIjoiaHR0cHM6XC9cL29obXlncmVlbmxhbmQuY29tXC93cC1jb250ZW50XC91cGxvYWRzXC8yMDIzXC8wOFwvU2NyZWVuc2hvdF8yMDIzMDgxNV8xNjMxMjZfTWFwcy5qcGciLCJzbGlkZXNob3ciOiI5MzE1N2UxIn0%3D\" href='https:\/\/ohmygreenland.com\/wp-content\/uploads\/2023\/08\/Screenshot_20230815_163126_Maps.jpg'><img decoding=\"async\" width=\"150\" height=\"150\" src=\"https:\/\/ohmygreenland.com\/wp-content\/uploads\/2023\/08\/Screenshot_20230815_163126_Maps-150x150.jpg\" class=\"attachment-thumbnail size-thumbnail\" alt=\"\" srcset=\"https:\/\/ohmygreenland.com\/wp-content\/uploads\/2023\/08\/Screenshot_20230815_163126_Maps-150x150.jpg 150w, https:\/\/ohmygreenland.com\/wp-content\/uploads\/2023\/08\/Screenshot_20230815_163126_Maps-300x300.jpg 300w, https:\/\/ohmygreenland.com\/wp-content\/uploads\/2023\/08\/Screenshot_20230815_163126_Maps-100x100.jpg 100w\" sizes=\"(max-width: 150px) 100vw, 150px\" \/><\/a>\n\t\t\t<\/div><\/figure><figure class='gallery-item'>\n\t\t\t<div class='gallery-icon portrait'>\n\t\t\t\t<a data-elementor-open-lightbox=\"yes\" data-elementor-lightbox-slideshow=\"93157e1\" data-elementor-lightbox-title=\"Screenshot_20230815_170141_Maps\" data-e-action-hash=\"#elementor-action%3Aaction%3Dlightbox%26settings%3DeyJpZCI6NTk0MiwidXJsIjoiaHR0cHM6XC9cL29obXlncmVlbmxhbmQuY29tXC93cC1jb250ZW50XC91cGxvYWRzXC8yMDIzXC8wOFwvU2NyZWVuc2hvdF8yMDIzMDgxNV8xNzAxNDFfTWFwcy5qcGciLCJzbGlkZXNob3ciOiI5MzE1N2UxIn0%3D\" href='https:\/\/ohmygreenland.com\/wp-content\/uploads\/2023\/08\/Screenshot_20230815_170141_Maps.jpg'><img decoding=\"async\" width=\"150\" height=\"150\" src=\"https:\/\/ohmygreenland.com\/wp-content\/uploads\/2023\/08\/Screenshot_20230815_170141_Maps-150x150.jpg\" class=\"attachment-thumbnail size-thumbnail\" alt=\"\" srcset=\"https:\/\/ohmygreenland.com\/wp-content\/uploads\/2023\/08\/Screenshot_20230815_170141_Maps-150x150.jpg 150w, https:\/\/ohmygreenland.com\/wp-content\/uploads\/2023\/08\/Screenshot_20230815_170141_Maps-300x300.jpg 300w, https:\/\/ohmygreenland.com\/wp-content\/uploads\/2023\/08\/Screenshot_20230815_170141_Maps-100x100.jpg 100w\" sizes=\"(max-width: 150px) 100vw, 150px\" \/><\/a>\n\t\t\t<\/div><\/figure>\n\t\t<\/div>\n\t\t<\/div>\n\t\t\t\t<\/div>\n\t\t\t\t<\/div>\n\t\t\t\t<div class=\"elementor-element elementor-element-33757dd elementor-widget elementor-widget-text-editor\" data-id=\"33757dd\" data-element_type=\"widget\" data-widget_type=\"text-editor.default\">\n\t\t\t\t<div class=\"elementor-widget-container\">\n\t\t\t\t\t\t\t<p>Stornieren und verschieben<\/p>\t\t\t\t\t\t<\/div>\n\t\t\t\t<\/div>\n\t\t\t\t<div class=\"elementor-element elementor-element-f75043f elementor-widget elementor-widget-text-editor\" data-id=\"f75043f\" data-element_type=\"widget\" data-widget_type=\"text-editor.default\">\n\t\t\t\t<div class=\"elementor-widget-container\">\n\t\t\t\t\t\t\t<p>Die Geb\u00fchr f\u00fcr eine Stornierung 22 Tage oder mehr vor der Aktivit\u00e4t betr\u00e4gt 10% des Gesamtpreises.<\/p><p>Die Stornogeb\u00fchr 21 \u2013 8 Tage vor der Aktivit\u00e4t betr\u00e4gt 35% des Gesamtpreises.<br \/>Die Stornogeb\u00fchr 7 \u2013 3 Tage vor der Aktivit\u00e4t betr\u00e4gt 55% des Gesamtpreises.<\/p><p>Die Geb\u00fchr f\u00fcr eine Stornierung 3 Tage oder weniger vor der Aktivit\u00e4t betr\u00e4gt 75% des Gesamtpreises.<\/p><p>So k\u00fcndigen Sie: Teilen Sie uns dies einfach per E-Mail oder Telefon mit. Sie erreichen uns unter <span style=\"text-decoration: underline;\">info@ohmygreenland.com<\/span> oder (+299) 264211<\/p>\t\t\t\t\t\t<\/div>\n\t\t\t\t<\/div>\n\t\t\t\t<div class=\"elementor-element elementor-element-967d31d elementor-widget elementor-widget-text-editor\" data-id=\"967d31d\" data-element_type=\"widget\" data-widget_type=\"text-editor.default\">\n\t\t\t\t<div class=\"elementor-widget-container\">\n\t\t\t\t\t\t\t<p>Drohnen<\/p>\t\t\t\t\t\t<\/div>\n\t\t\t\t<\/div>\n\t\t\t\t<div class=\"elementor-element elementor-element-243c302 elementor-widget elementor-widget-text-editor\" data-id=\"243c302\" data-element_type=\"widget\" data-widget_type=\"text-editor.default\">\n\t\t\t\t<div class=\"elementor-widget-container\">\n\t\t\t\t\t\t\t<p>Bei unseren t\u00e4glichen Aktivit\u00e4ten k\u00f6nnen wir unseren G\u00e4sten nicht erlauben, ihre Drohnen zu fliegen, da dies die Privatsph\u00e4re anderer Personen in der Gruppe beeintr\u00e4chtigen kann.<\/p><p>Wir akzeptieren Drohnen auf unseren privaten Touren, aber es gibt einige Einschr\u00e4nkungen:<\/p><p>\u2013 &#8220;Man kann keine Drohne fliegen, wenn wir uns in Anwesenheit anderer Menschen oder Gruppen befinden.<br \/>\u2013 Es ist nicht erlaubt, n\u00e4her als 5 km von einem Flughafen entfernt zu fliegen, wenn Sie keine Genehmigung des Flughafens Nuuk haben.<\/p><p>\u2013 Sie d\u00fcrfen eine Drohne nicht in der N\u00e4he von Wildtieren betreiben, es sei denn, Sie haben die Erlaubnis des Gouverneurs.<br \/>\u2013 Alle Fl\u00fcge werden von unserem Guide genehmigt und \u00fcberwacht. Sie m\u00fcssen immer die Entscheidungen unserer Guides respektieren.<\/p><p>Weitere Informationen zum Drohnenfliegen in Sermersooq finden Sie untert:<\/p><p><a href=\"https:\/\/www.droneregler.dk\/droneflyvning-i-groenland-og-faeroeerne\/droneflyvning-i-groenland-og-faeroeerne\">Droneflyvning i Gr\u00f8nland og F\u00e6r\u00f8erne (droneregler.dk)<\/a><\/p>\t\t\t\t\t\t<\/div>\n\t\t\t\t<\/div>\n\t\t\t\t<div class=\"elementor-element elementor-element-8493a31 elementor-widget-divider--view-line elementor-widget elementor-widget-divider\" data-id=\"8493a31\" data-element_type=\"widget\" data-widget_type=\"divider.default\">\n\t\t\t\t<div class=\"elementor-widget-container\">\n\t\t\t\t\t<div class=\"elementor-divider\">\n\t\t\t<span class=\"elementor-divider-separator\">\n\t\t\t\t\t\t<\/span>\n\t\t<\/div>\n\t\t\t\t<\/div>\n\t\t\t\t<\/div>\n\t\t\t\t<div class=\"elementor-element elementor-element-03b8dd0 elementor-widget elementor-widget-text-editor\" data-id=\"03b8dd0\" data-element_type=\"widget\" data-widget_type=\"text-editor.default\">\n\t\t\t\t<div class=\"elementor-widget-container\">\n\t\t\t\t\t\t\t<p>Wie man sich f\u00fcr die Bootsfahrt kleidet<\/p>\t\t\t\t\t\t<\/div>\n\t\t\t\t<\/div>\n\t\t\t\t<div class=\"elementor-element elementor-element-01cb139 elementor-widget elementor-widget-text-editor\" data-id=\"01cb139\" data-element_type=\"widget\" data-widget_type=\"text-editor.default\">\n\t\t\t\t<div class=\"elementor-widget-container\">\n\t\t\t\t\t\t\t<p>Die Eigenschaft kann hier oben ver\u00e4nderbar sein.<\/p><p>Wir empfehlen Ihnen daher, zus\u00e4tzliche Kleidung mitzubringen.<\/p><p>Bitte achten Sie darauf, dass Ihre Taschen sicher verpackt und vorzugsweise wasserdicht sind.<\/p><p>Wenn die Reise die Ausschiffung und damit das Gehen beinhaltet, dann k\u00f6nnen Sie gerne gute Wanderschuhe tragen.<\/p>\t\t\t\t\t\t<\/div>\n\t\t\t\t<\/div>\n\t\t\t\t<div class=\"elementor-element elementor-element-1de7fc4 elementor-widget elementor-widget-image-gallery\" data-id=\"1de7fc4\" data-element_type=\"widget\" data-widget_type=\"image-gallery.default\">\n\t\t\t\t<div class=\"elementor-widget-container\">\n\t\t\t\t\t<div class=\"elementor-image-gallery\">\n\t\t\t<div id='gallery-3' class='gallery galleryid-3122 gallery-columns-3 gallery-size-2048x2048'><figure class='gallery-item'>\n\t\t\t<div class='gallery-icon landscape'>\n\t\t\t\t<a data-elementor-open-lightbox=\"yes\" data-elementor-lightbox-slideshow=\"1de7fc4\" data-elementor-lightbox-title=\"P8_1\" data-e-action-hash=\"#elementor-action%3Aaction%3Dlightbox%26settings%3DeyJpZCI6MTgyMywidXJsIjoiaHR0cHM6XC9cL29obXlncmVlbmxhbmQuY29tXC93cC1jb250ZW50XC91cGxvYWRzXC8yMDIzXC8wNVwvUDhfMS5qcGciLCJzbGlkZXNob3ciOiIxZGU3ZmM0In0%3D\" href='https:\/\/ohmygreenland.com\/wp-content\/uploads\/2023\/05\/P8_1.jpg'><img loading=\"lazy\" decoding=\"async\" width=\"319\" height=\"179\" src=\"https:\/\/ohmygreenland.com\/wp-content\/uploads\/2023\/05\/P8_1.jpg\" class=\"attachment-2048x2048 size-2048x2048\" alt=\"\" srcset=\"https:\/\/ohmygreenland.com\/wp-content\/uploads\/2023\/05\/P8_1.jpg 319w, https:\/\/ohmygreenland.com\/wp-content\/uploads\/2023\/05\/P8_1-300x168.jpg 300w\" sizes=\"(max-width: 319px) 100vw, 319px\" \/><\/a>\n\t\t\t<\/div><\/figure>\n\t\t<\/div>\n\t\t<\/div>\n\t\t\t\t<\/div>\n\t\t\t\t<\/div>\n\t\t\t\t<div class=\"elementor-element elementor-element-cf199a2 elementor-widget elementor-widget-text-editor\" data-id=\"cf199a2\" data-element_type=\"widget\" data-widget_type=\"text-editor.default\">\n\t\t\t\t<div class=\"elementor-widget-container\">\n\t\t\t\t\t\t\t<p>Bootstouren<\/p>\t\t\t\t\t\t<\/div>\n\t\t\t\t<\/div>\n\t\t\t\t<div class=\"elementor-element elementor-element-77c1590 elementor-widget elementor-widget-text-editor\" data-id=\"77c1590\" data-element_type=\"widget\" data-widget_type=\"text-editor.default\">\n\t\t\t\t<div class=\"elementor-widget-container\">\n\t\t\t\t\t\t\t<p>Unsere Boote haben geschlossene Steuerh\u00e4user, die beheizt sind. W\u00e4hrend der Tour ist es auch m\u00f6glich, auf das gesch\u00fctzte Achterdeck auszusteigen.<\/p><p>Wir segeln mit 25-27 Knoten<\/p><p>Die Boote sind mit USB-Ladeger\u00e4ten ausgestattet (bringen Sie Ihr eigenes Kabel\/Kabel mit)<\/p>\t\t\t\t\t\t<\/div>\n\t\t\t\t<\/div>\n\t\t\t\t<div class=\"elementor-element elementor-element-459903d elementor-widget elementor-widget-text-editor\" data-id=\"459903d\" data-element_type=\"widget\" data-widget_type=\"text-editor.default\">\n\t\t\t\t<div class=\"elementor-widget-container\">\n\t\t\t\t\t\t\t<p>Wandern<\/p>\t\t\t\t\t\t<\/div>\n\t\t\t\t<\/div>\n\t\t\t\t<div class=\"elementor-element elementor-element-69c5b19 elementor-widget elementor-widget-text-editor\" data-id=\"69c5b19\" data-element_type=\"widget\" data-widget_type=\"text-editor.default\">\n\t\t\t\t<div class=\"elementor-widget-container\">\n\t\t\t\t\t\t\t<p>Einige der Touren beinhalten Wanderungen.<\/p><p>Wir empfehlen, mehrere Schichten warmer und winddichter Kleidung zu tragen. Wanderschuhe oder andere wasserdichte Stiefel. Gerne kannst du einen kleinen Rucksack mit auf die Wanderung nehmen.<\/p><p>\u00a0<\/p>\t\t\t\t\t\t<\/div>\n\t\t\t\t<\/div>\n\t\t\t\t<div class=\"elementor-element elementor-element-f988fe4 elementor-widget elementor-widget-text-editor\" data-id=\"f988fe4\" data-element_type=\"widget\" data-widget_type=\"text-editor.default\">\n\t\t\t\t<div class=\"elementor-widget-container\">\n\t\t\t\t\t\t\t<p>Seekajak<\/p>\t\t\t\t\t\t<\/div>\n\t\t\t\t<\/div>\n\t\t\t\t<div class=\"elementor-element elementor-element-1845704 elementor-widget elementor-widget-text-editor\" data-id=\"1845704\" data-element_type=\"widget\" data-widget_type=\"text-editor.default\">\n\t\t\t\t<div class=\"elementor-widget-container\">\n\t\t\t\t\t\t\t<p>Zus\u00e4tzlich zur Kajakausr\u00fcstung stellt OMG Boat Trips allen G\u00e4sten eine Schwimmweste und Paddelhandschuhe f\u00fcr den Ausflug zur Verf\u00fcgung. Wir empfehlen Ihnen, eine oder zwei warme untere Schichten (vorzugsweise aus Wolle), warme Socken und eine M\u00fctze zu tragen. Wir stellen Ihnen w\u00e4hrend des Kajakfahrens Trockens\u00e4cke f\u00fcr einige pers\u00f6nliche Ausr\u00fcstung zur Verf\u00fcgung.<\/p><p>\u00a0<\/p>\t\t\t\t\t\t<\/div>\n\t\t\t\t<\/div>\n\t\t\t\t<div class=\"elementor-element elementor-element-a9b6639 elementor-widget elementor-widget-text-editor\" data-id=\"a9b6639\" data-element_type=\"widget\" data-widget_type=\"text-editor.default\">\n\t\t\t\t<div class=\"elementor-widget-container\">\n\t\t\t\t\t\t\t<p>Wenn Sie noch Fragen haben, senden Sie bitte eine E-Mail an: <span style=\"text-decoration: underline;\">info@ohmygreenland.com<\/span><\/p>\t\t\t\t\t\t<\/div>\n\t\t\t\t<\/div>\n\t\t\t\t\t<\/div>\n\t\t<\/div>\n\t\t\t\t\t<\/div>\n\t\t<\/section>\n\t\t\t\t<\/div>\n\t\t","protected":false},"excerpt":{"rendered":"<p>Buchung Der einfachste und g\u00fcnstigste Weg, uns zu buchen, ist auf unserer Website und\/oder per E-Mail. Nehmen Sie sich Zeit, um die beste Bootstour zu finden, die zu Ihnen passt. Wir haben viele M\u00f6glichkeiten, aber beschr\u00e4nken wir uns nicht darauf.\u00a0 Wenn Sie spezielle W\u00fcnsche haben, z\u00f6gern Sie bitte nicht, uns zu kontaktieren. OMG Boat Trips [&hellip;]<\/p>\n","protected":false},"author":1,"featured_media":0,"parent":0,"menu_order":0,"comment_status":"closed","ping_status":"closed","template":"","meta":{"_acf_changed":false,"footnotes":""},"categories":[],"tags":[],"class_list":["post-3122","page","type-page","status-publish","hentry"],"acf":[],"yoast_head":"<!-- This site is optimized with the Yoast SEO plugin v23.8 - https:\/\/yoast.com\/wordpress\/plugins\/seo\/ -->\n<title>FAQ - OhMyGreenland | Discover Greenland<\/title>\n<meta name=\"robots\" content=\"index, follow, max-snippet:-1, max-image-preview:large, max-video-preview:-1\" \/>\n<link rel=\"canonical\" href=\"https:\/\/ohmygreenland.com\/de\/vigtig-information\/\" \/>\n<meta property=\"og:locale\" content=\"de_DE\" \/>\n<meta property=\"og:type\" content=\"article\" \/>\n<meta property=\"og:title\" content=\"FAQ - OhMyGreenland | Discover Greenland\" \/>\n<meta property=\"og:description\" content=\"Buchung Der einfachste und g\u00fcnstigste Weg, uns zu buchen, ist auf unserer Website und\/oder per E-Mail. Nehmen Sie sich Zeit, um die beste Bootstour zu finden, die zu Ihnen passt. Wir haben viele M\u00f6glichkeiten, aber beschr\u00e4nken wir uns nicht darauf.\u00a0 Wenn Sie spezielle W\u00fcnsche haben, z\u00f6gern Sie bitte nicht, uns zu kontaktieren. OMG Boat Trips [&hellip;]\" \/>\n<meta property=\"og:url\" content=\"https:\/\/ohmygreenland.com\/de\/vigtig-information\/\" \/>\n<meta property=\"og:site_name\" content=\"OhMyGreenland | Discover Greenland\" \/>\n<meta property=\"article:modified_time\" content=\"2023-08-15T19:16:57+00:00\" \/>\n<meta property=\"og:image\" content=\"https:\/\/ohmygreenland.com\/wp-content\/uploads\/2023\/05\/P8_2.jpg\" \/>\n<meta name=\"twitter:card\" content=\"summary_large_image\" \/>\n<meta name=\"twitter:label1\" content=\"Gesch\u00e4tzte Lesezeit\" \/>\n\t<meta name=\"twitter:data1\" content=\"3 Minuten\" \/>\n<script type=\"application\/ld+json\" class=\"yoast-schema-graph\">{\"@context\":\"https:\/\/schema.org\",\"@graph\":[{\"@type\":\"WebPage\",\"@id\":\"https:\/\/ohmygreenland.com\/de\/vigtig-information\/\",\"url\":\"https:\/\/ohmygreenland.com\/de\/vigtig-information\/\",\"name\":\"FAQ - OhMyGreenland | Discover Greenland\",\"isPartOf\":{\"@id\":\"https:\/\/ohmygreenland.com\/de\/#website\"},\"primaryImageOfPage\":{\"@id\":\"https:\/\/ohmygreenland.com\/de\/vigtig-information\/#primaryimage\"},\"image\":{\"@id\":\"https:\/\/ohmygreenland.com\/de\/vigtig-information\/#primaryimage\"},\"thumbnailUrl\":\"https:\/\/ohmygreenland.com\/wp-content\/uploads\/2023\/05\/P8_2.jpg\",\"datePublished\":\"2023-05-04T07:51:48+00:00\",\"dateModified\":\"2023-08-15T19:16:57+00:00\",\"breadcrumb\":{\"@id\":\"https:\/\/ohmygreenland.com\/de\/vigtig-information\/#breadcrumb\"},\"inLanguage\":\"de\",\"potentialAction\":[{\"@type\":\"ReadAction\",\"target\":[\"https:\/\/ohmygreenland.com\/de\/vigtig-information\/\"]}]},{\"@type\":\"ImageObject\",\"inLanguage\":\"de\",\"@id\":\"https:\/\/ohmygreenland.com\/de\/vigtig-information\/#primaryimage\",\"url\":\"https:\/\/ohmygreenland.com\/wp-content\/uploads\/2023\/05\/P8_2.jpg\",\"contentUrl\":\"https:\/\/ohmygreenland.com\/wp-content\/uploads\/2023\/05\/P8_2.jpg\"},{\"@type\":\"BreadcrumbList\",\"@id\":\"https:\/\/ohmygreenland.com\/de\/vigtig-information\/#breadcrumb\",\"itemListElement\":[{\"@type\":\"ListItem\",\"position\":1,\"name\":\"Home\",\"item\":\"https:\/\/ohmygreenland.com\/de\/\"},{\"@type\":\"ListItem\",\"position\":2,\"name\":\"FAQ\"}]},{\"@type\":\"WebSite\",\"@id\":\"https:\/\/ohmygreenland.com\/de\/#website\",\"url\":\"https:\/\/ohmygreenland.com\/de\/\",\"name\":\"OhMyGreenland | Discover Greenland\",\"description\":\"\",\"potentialAction\":[{\"@type\":\"SearchAction\",\"target\":{\"@type\":\"EntryPoint\",\"urlTemplate\":\"https:\/\/ohmygreenland.com\/de\/?s={search_term_string}\"},\"query-input\":{\"@type\":\"PropertyValueSpecification\",\"valueRequired\":true,\"valueName\":\"search_term_string\"}}],\"inLanguage\":\"de\"}]}<\/script>\n<!-- \/ Yoast SEO plugin. -->","yoast_head_json":{"title":"FAQ - OhMyGreenland | Discover Greenland","robots":{"index":"index","follow":"follow","max-snippet":"max-snippet:-1","max-image-preview":"max-image-preview:large","max-video-preview":"max-video-preview:-1"},"canonical":"https:\/\/ohmygreenland.com\/de\/vigtig-information\/","og_locale":"de_DE","og_type":"article","og_title":"FAQ - OhMyGreenland | Discover Greenland","og_description":"Buchung Der einfachste und g\u00fcnstigste Weg, uns zu buchen, ist auf unserer Website und\/oder per E-Mail. Nehmen Sie sich Zeit, um die beste Bootstour zu finden, die zu Ihnen passt. Wir haben viele M\u00f6glichkeiten, aber beschr\u00e4nken wir uns nicht darauf.\u00a0 Wenn Sie spezielle W\u00fcnsche haben, z\u00f6gern Sie bitte nicht, uns zu kontaktieren. OMG Boat Trips [&hellip;]","og_url":"https:\/\/ohmygreenland.com\/de\/vigtig-information\/","og_site_name":"OhMyGreenland | Discover Greenland","article_modified_time":"2023-08-15T19:16:57+00:00","og_image":[{"url":"https:\/\/ohmygreenland.com\/wp-content\/uploads\/2023\/05\/P8_2.jpg"}],"twitter_card":"summary_large_image","twitter_misc":{"Gesch\u00e4tzte Lesezeit":"3 Minuten"},"schema":{"@context":"https:\/\/schema.org","@graph":[{"@type":"WebPage","@id":"https:\/\/ohmygreenland.com\/de\/vigtig-information\/","url":"https:\/\/ohmygreenland.com\/de\/vigtig-information\/","name":"FAQ - OhMyGreenland | Discover Greenland","isPartOf":{"@id":"https:\/\/ohmygreenland.com\/de\/#website"},"primaryImageOfPage":{"@id":"https:\/\/ohmygreenland.com\/de\/vigtig-information\/#primaryimage"},"image":{"@id":"https:\/\/ohmygreenland.com\/de\/vigtig-information\/#primaryimage"},"thumbnailUrl":"https:\/\/ohmygreenland.com\/wp-content\/uploads\/2023\/05\/P8_2.jpg","datePublished":"2023-05-04T07:51:48+00:00","dateModified":"2023-08-15T19:16:57+00:00","breadcrumb":{"@id":"https:\/\/ohmygreenland.com\/de\/vigtig-information\/#breadcrumb"},"inLanguage":"de","potentialAction":[{"@type":"ReadAction","target":["https:\/\/ohmygreenland.com\/de\/vigtig-information\/"]}]},{"@type":"ImageObject","inLanguage":"de","@id":"https:\/\/ohmygreenland.com\/de\/vigtig-information\/#primaryimage","url":"https:\/\/ohmygreenland.com\/wp-content\/uploads\/2023\/05\/P8_2.jpg","contentUrl":"https:\/\/ohmygreenland.com\/wp-content\/uploads\/2023\/05\/P8_2.jpg"},{"@type":"BreadcrumbList","@id":"https:\/\/ohmygreenland.com\/de\/vigtig-information\/#breadcrumb","itemListElement":[{"@type":"ListItem","position":1,"name":"Home","item":"https:\/\/ohmygreenland.com\/de\/"},{"@type":"ListItem","position":2,"name":"FAQ"}]},{"@type":"WebSite","@id":"https:\/\/ohmygreenland.com\/de\/#website","url":"https:\/\/ohmygreenland.com\/de\/","name":"OhMyGreenland | Discover Greenland","description":"","potentialAction":[{"@type":"SearchAction","target":{"@type":"EntryPoint","urlTemplate":"https:\/\/ohmygreenland.com\/de\/?s={search_term_string}"},"query-input":{"@type":"PropertyValueSpecification","valueRequired":true,"valueName":"search_term_string"}}],"inLanguage":"de"}]}},"_links":{"self":[{"href":"https:\/\/ohmygreenland.com\/de\/wp-json\/wp\/v2\/pages\/3122","targetHints":{"allow":["GET"]}}],"collection":[{"href":"https:\/\/ohmygreenland.com\/de\/wp-json\/wp\/v2\/pages"}],"about":[{"href":"https:\/\/ohmygreenland.com\/de\/wp-json\/wp\/v2\/types\/page"}],"author":[{"embeddable":true,"href":"https:\/\/ohmygreenland.com\/de\/wp-json\/wp\/v2\/users\/1"}],"replies":[{"embeddable":true,"href":"https:\/\/ohmygreenland.com\/de\/wp-json\/wp\/v2\/comments?post=3122"}],"version-history":[{"count":40,"href":"https:\/\/ohmygreenland.com\/de\/wp-json\/wp\/v2\/pages\/3122\/revisions"}],"predecessor-version":[{"id":5961,"href":"https:\/\/ohmygreenland.com\/de\/wp-json\/wp\/v2\/pages\/3122\/revisions\/5961"}],"wp:attachment":[{"href":"https:\/\/ohmygreenland.com\/de\/wp-json\/wp\/v2\/media?parent=3122"}],"wp:term":[{"taxonomy":"category","embeddable":true,"href":"https:\/\/ohmygreenland.com\/de\/wp-json\/wp\/v2\/categories?post=3122"},{"taxonomy":"post_tag","embeddable":true,"href":"https:\/\/ohmygreenland.com\/de\/wp-json\/wp\/v2\/tags?post=3122"}],"curies":[{"name":"wp","href":"https:\/\/api.w.org\/{rel}","templated":true}]}}