{"id":3125,"date":"2023-04-27T03:44:06","date_gmt":"2023-04-27T03:44:06","guid":{"rendered":"https:\/\/ohmygreenland.com\/hjem\/"},"modified":"2024-12-20T20:52:12","modified_gmt":"2024-12-20T20:52:12","slug":"hjem","status":"publish","type":"page","link":"https:\/\/ohmygreenland.com\/de\/","title":{"rendered":"Titelseite"},"content":{"rendered":"\t\t<div data-elementor-type=\"wp-page\" data-elementor-id=\"3125\" class=\"elementor elementor-3125\" data-elementor-post-type=\"page\">\n\t\t\t\t\t\t<section class=\"elementor-section elementor-top-section elementor-element elementor-element-15be971 elementor-section-height-min-height elementor-section-stretched elementor-hidden-desktop elementor-hidden-tablet elementor-hidden-mobile elementor-section-boxed elementor-section-height-default elementor-section-items-middle\" data-id=\"15be971\" data-element_type=\"section\" data-settings=\"{&quot;stretch_section&quot;:&quot;section-stretched&quot;}\">\n\t\t\t\t\t\t<div class=\"elementor-container elementor-column-gap-no\">\n\t\t\t\t\t<div class=\"elementor-column elementor-col-100 elementor-top-column elementor-element elementor-element-0113b49\" data-id=\"0113b49\" data-element_type=\"column\">\n\t\t\t<div class=\"elementor-widget-wrap elementor-element-populated\">\n\t\t\t\t\t\t<div class=\"elementor-element elementor-element-db6c56c elementor-widget elementor-widget-shortcode\" data-id=\"db6c56c\" data-element_type=\"widget\" data-widget_type=\"shortcode.default\">\n\t\t\t\t<div class=\"elementor-widget-container\">\n\t\t\t\t\t<div class=\"elementor-shortcode\"><\/div>\n\t\t\t\t<\/div>\n\t\t\t\t<\/div>\n\t\t\t\t<div class=\"elementor-element elementor-element-b4b1a6e elementor-widget__width-auto elementor-absolute elementor-shape-rounded elementor-grid-0 e-grid-align-center elementor-widget elementor-widget-social-icons\" data-id=\"b4b1a6e\" data-element_type=\"widget\" data-settings=\"{&quot;_position&quot;:&quot;absolute&quot;}\" data-widget_type=\"social-icons.default\">\n\t\t\t\t<div class=\"elementor-widget-container\">\n\t\t\t\t\t<div class=\"elementor-social-icons-wrapper elementor-grid\">\n\t\t\t\t\t\t\t<span class=\"elementor-grid-item\">\n\t\t\t\t\t<a class=\"elementor-icon elementor-social-icon elementor-social-icon-facebook elementor-repeater-item-43a650e\" href=\"https:\/\/www.facebook.com\/OMGboattrips\" target=\"_blank\">\n\t\t\t\t\t\t<span class=\"elementor-screen-only\">Facebook<\/span>\n\t\t\t\t\t\t<i class=\"fab fa-facebook\"><\/i>\t\t\t\t\t<\/a>\n\t\t\t\t<\/span>\n\t\t\t\t\t\t\t<span class=\"elementor-grid-item\">\n\t\t\t\t\t<a class=\"elementor-icon elementor-social-icon elementor-social-icon-whatsapp elementor-repeater-item-b4bf270\" href=\"https:\/\/api.whatsapp.com\/send?phone=299264211\" target=\"_blank\">\n\t\t\t\t\t\t<span class=\"elementor-screen-only\">Whatsapp<\/span>\n\t\t\t\t\t\t<i class=\"fab fa-whatsapp\"><\/i>\t\t\t\t\t<\/a>\n\t\t\t\t<\/span>\n\t\t\t\t\t\t\t<span class=\"elementor-grid-item\">\n\t\t\t\t\t<a class=\"elementor-icon elementor-social-icon elementor-social-icon-instagram elementor-repeater-item-4c4b9f7\" href=\"https:\/\/www.instagram.com\/omgboattrips\/?igsh=MXE4YXY4ZWcxZnY1cw%3D%3D\" target=\"_blank\">\n\t\t\t\t\t\t<span class=\"elementor-screen-only\">Instagram<\/span>\n\t\t\t\t\t\t<i class=\"fab fa-instagram\"><\/i>\t\t\t\t\t<\/a>\n\t\t\t\t<\/span>\n\t\t\t\t\t<\/div>\n\t\t\t\t<\/div>\n\t\t\t\t<\/div>\n\t\t\t\t\t<\/div>\n\t\t<\/div>\n\t\t\t\t\t<\/div>\n\t\t<\/section>\n\t\t\t\t<section class=\"elementor-section elementor-top-section elementor-element elementor-element-b8ae080 elementor-section-boxed elementor-section-height-default elementor-section-height-default\" data-id=\"b8ae080\" data-element_type=\"section\" data-settings=\"{&quot;background_background&quot;:&quot;classic&quot;}\">\n\t\t\t\t\t\t\t<div class=\"elementor-background-overlay\"><\/div>\n\t\t\t\t\t\t\t<div class=\"elementor-container elementor-column-gap-default\">\n\t\t\t\t\t<div class=\"elementor-column elementor-col-100 elementor-top-column elementor-element elementor-element-a2c6342\" data-id=\"a2c6342\" data-element_type=\"column\">\n\t\t\t<div class=\"elementor-widget-wrap elementor-element-populated\">\n\t\t\t\t\t\t<section class=\"elementor-section elementor-inner-section elementor-element elementor-element-5921ea8 elementor-section-boxed elementor-section-height-default elementor-section-height-default\" data-id=\"5921ea8\" data-element_type=\"section\">\n\t\t\t\t\t\t<div class=\"elementor-container elementor-column-gap-default\">\n\t\t\t\t\t<div data-ra-element-link=\"{&quot;url&quot;:&quot;https:\\\/\\\/ohmygreenland.com\\\/de\\\/category\\\/tagestouren\\\/&quot;,&quot;is_external&quot;:&quot;&quot;,&quot;nofollow&quot;:&quot;&quot;,&quot;custom_attributes&quot;:&quot;&quot;}\" style=\"cursor: pointer\" target=\"_self\" onClick=\"window.open(&#039;https:\/\/ohmygreenland.com\/de\/category\/tagestouren\/&#039;, &#039;_self&#039;)\" class=\"elementor-column elementor-col-50 elementor-inner-column elementor-element elementor-element-e92f3e2\" data-id=\"e92f3e2\" data-element_type=\"column\">\n\t\t\t<div class=\"elementor-widget-wrap elementor-element-populated\">\n\t\t\t\t\t\t<div class=\"elementor-element elementor-element-b34d0a0 premium-header-inline elementor-widget elementor-widget-premium-addon-dual-header\" data-id=\"b34d0a0\" data-element_type=\"widget\" data-widget_type=\"premium-addon-dual-header.default\">\n\t\t\t\t<div class=\"elementor-widget-container\">\n\t\t\t\n\t\t\t\t<a href=\"https:\/\/ohmygreenland.com\/de\/tagestouren\/\">\n\t\t\t\t\t<h2 class=\"premium-dual-header-first-header \"><span class=\"premium-dual-header-first-span\">Tagestouren <\/span><\/h2> \t\t\t\t<\/a>\n\t\t\n\t\t\t\t<\/div>\n\t\t\t\t<\/div>\n\t\t\t\t\t<\/div>\n\t\t<\/div>\n\t\t\t\t<div data-ra-element-link=\"{&quot;url&quot;:&quot;https:\\\/\\\/ohmygreenland.com\\\/de\\\/category\\\/eintaegige-ausfluege\\\/&quot;,&quot;is_external&quot;:&quot;&quot;,&quot;nofollow&quot;:&quot;&quot;,&quot;custom_attributes&quot;:&quot;&quot;}\" style=\"cursor: pointer\" target=\"_self\" onClick=\"window.open(&#039;https:\/\/ohmygreenland.com\/de\/category\/eintaegige-ausfluege\/&#039;, &#039;_self&#039;)\" class=\"elementor-column elementor-col-50 elementor-inner-column elementor-element elementor-element-434b2c3\" data-id=\"434b2c3\" data-element_type=\"column\">\n\t\t\t<div class=\"elementor-widget-wrap elementor-element-populated\">\n\t\t\t\t\t\t<div class=\"elementor-element elementor-element-0fa901f premium-header-inline elementor-widget elementor-widget-premium-addon-dual-header\" data-id=\"0fa901f\" data-element_type=\"widget\" data-widget_type=\"premium-addon-dual-header.default\">\n\t\t\t\t<div class=\"elementor-widget-container\">\n\t\t\t\n\t\t\t\t<a href=\"https:\/\/ohmygreenland.com\/da\/camping\/\">\n\t\t\t\t\t<h2 class=\"premium-dual-header-first-header \"><span class=\"premium-dual-header-first-span\">Camping <\/span><\/h2> \t\t\t\t<\/a>\n\t\t\n\t\t\t\t<\/div>\n\t\t\t\t<\/div>\n\t\t\t\t\t<\/div>\n\t\t<\/div>\n\t\t\t\t\t<\/div>\n\t\t<\/section>\n\t\t\t\t<section class=\"elementor-section elementor-inner-section elementor-element elementor-element-1af9eea elementor-section-boxed elementor-section-height-default elementor-section-height-default\" data-id=\"1af9eea\" data-element_type=\"section\">\n\t\t\t\t\t\t<div class=\"elementor-container elementor-column-gap-default\">\n\t\t\t\t\t<div data-ra-element-link=\"{&quot;url&quot;:&quot;https:\\\/\\\/ohmygreenland.com\\\/de\\\/category\\\/jagen-angeln\\\/&quot;,&quot;is_external&quot;:&quot;&quot;,&quot;nofollow&quot;:&quot;&quot;,&quot;custom_attributes&quot;:&quot;&quot;}\" style=\"cursor: pointer\" target=\"_self\" onClick=\"window.open(&#039;https:\/\/ohmygreenland.com\/de\/category\/jagen-angeln\/&#039;, &#039;_self&#039;)\" class=\"elementor-column elementor-col-50 elementor-inner-column elementor-element elementor-element-d02e1d8\" data-id=\"d02e1d8\" data-element_type=\"column\">\n\t\t\t<div class=\"elementor-widget-wrap elementor-element-populated\">\n\t\t\t\t\t\t<div class=\"elementor-element elementor-element-bdeb56e premium-header-inline elementor-widget elementor-widget-premium-addon-dual-header\" data-id=\"bdeb56e\" data-element_type=\"widget\" data-widget_type=\"premium-addon-dual-header.default\">\n\t\t\t\t<div class=\"elementor-widget-container\">\n\t\t\t\n\t\t\t\t\t<h2 class=\"premium-dual-header-first-header \"><span class=\"premium-dual-header-first-span\">Jagen\/Angeln <\/span><\/h2> \t\t\n\t\t\t\t<\/div>\n\t\t\t\t<\/div>\n\t\t\t\t\t<\/div>\n\t\t<\/div>\n\t\t\t\t<div data-ra-element-link=\"{&quot;url&quot;:&quot;https:\\\/\\\/ohmygreenland.com\\\/de\\\/category\\\/charter-gruppe\\\/&quot;,&quot;is_external&quot;:&quot;&quot;,&quot;nofollow&quot;:&quot;&quot;,&quot;custom_attributes&quot;:&quot;&quot;}\" style=\"cursor: pointer\" target=\"_self\" onClick=\"window.open(&#039;https:\/\/ohmygreenland.com\/de\/category\/charter-gruppe\/&#039;, &#039;_self&#039;)\" class=\"elementor-column elementor-col-50 elementor-inner-column elementor-element elementor-element-8f9945c\" data-id=\"8f9945c\" data-element_type=\"column\">\n\t\t\t<div class=\"elementor-widget-wrap elementor-element-populated\">\n\t\t\t\t\t\t<div class=\"elementor-element elementor-element-0f3a567 premium-header-inline elementor-widget elementor-widget-premium-addon-dual-header\" data-id=\"0f3a567\" data-element_type=\"widget\" data-widget_type=\"premium-addon-dual-header.default\">\n\t\t\t\t<div class=\"elementor-widget-container\">\n\t\t\t\n\t\t\t\t<a href=\"https:\/\/ohmygreenland.com\/de\/logistik\/\">\n\t\t\t\t\t<h2 class=\"premium-dual-header-first-header \"><span class=\"premium-dual-header-first-span\">Charta <\/span><span class=\"premium-dual-header-second-header \">\/Gruppen<\/span><\/h2> \t\t\t\t<\/a>\n\t\t\n\t\t\t\t<\/div>\n\t\t\t\t<\/div>\n\t\t\t\t\t<\/div>\n\t\t<\/div>\n\t\t\t\t\t<\/div>\n\t\t<\/section>\n\t\t\t\t<div class=\"elementor-element elementor-element-8b7dc61 elementor-widget__width-auto elementor-absolute elementor-shape-rounded elementor-grid-0 e-grid-align-center elementor-widget elementor-widget-social-icons\" data-id=\"8b7dc61\" data-element_type=\"widget\" data-settings=\"{&quot;_position&quot;:&quot;absolute&quot;}\" data-widget_type=\"social-icons.default\">\n\t\t\t\t<div class=\"elementor-widget-container\">\n\t\t\t\t\t<div class=\"elementor-social-icons-wrapper elementor-grid\">\n\t\t\t\t\t\t\t<span class=\"elementor-grid-item\">\n\t\t\t\t\t<a class=\"elementor-icon elementor-social-icon elementor-social-icon-facebook elementor-repeater-item-5473dbb\" href=\"https:\/\/www.facebook.com\/OMGboattrips\" target=\"_blank\">\n\t\t\t\t\t\t<span class=\"elementor-screen-only\">Facebook<\/span>\n\t\t\t\t\t\t<i class=\"fab fa-facebook\"><\/i>\t\t\t\t\t<\/a>\n\t\t\t\t<\/span>\n\t\t\t\t\t\t\t<span class=\"elementor-grid-item\">\n\t\t\t\t\t<a class=\"elementor-icon elementor-social-icon elementor-social-icon-whatsapp elementor-repeater-item-cfd8de3\" href=\"https:\/\/api.whatsapp.com\/send?phone=299264211\" target=\"_blank\">\n\t\t\t\t\t\t<span class=\"elementor-screen-only\">Whatsapp<\/span>\n\t\t\t\t\t\t<i class=\"fab fa-whatsapp\"><\/i>\t\t\t\t\t<\/a>\n\t\t\t\t<\/span>\n\t\t\t\t\t\t\t<span class=\"elementor-grid-item\">\n\t\t\t\t\t<a class=\"elementor-icon elementor-social-icon elementor-social-icon-instagram elementor-repeater-item-c9ff01a\" href=\"https:\/\/www.instagram.com\/omgboattrips\/?igsh=MXE4YXY4ZWcxZnY1cw%3D%3D\" target=\"_blank\">\n\t\t\t\t\t\t<span class=\"elementor-screen-only\">Instagram<\/span>\n\t\t\t\t\t\t<i class=\"fab fa-instagram\"><\/i>\t\t\t\t\t<\/a>\n\t\t\t\t<\/span>\n\t\t\t\t\t<\/div>\n\t\t\t\t<\/div>\n\t\t\t\t<\/div>\n\t\t\t\t\t<\/div>\n\t\t<\/div>\n\t\t\t\t\t<\/div>\n\t\t<\/section>\n\t\t\t\t<\/div>\n\t\t","protected":false},"excerpt":{"rendered":"<p>Nuuk Bootstouren. Beginnen Sie Ihr Abenteuer mit uns<\/p>\n","protected":false},"author":1,"featured_media":0,"parent":0,"menu_order":0,"comment_status":"closed","ping_status":"closed","template":"elementor_header_footer","meta":{"_acf_changed":false,"footnotes":""},"categories":[48,49,50,5],"tags":[],"class_list":["post-3125","page","type-page","status-publish","hentry","category-charter-gruppe","category-jagen-angeln","category-stadt-zu-stadt","category-tagestouren"],"acf":[],"yoast_head":"<!-- This site is optimized with the Yoast SEO plugin v23.8 - https:\/\/yoast.com\/wordpress\/plugins\/seo\/ -->\n<title>Entdecken Sie ungez\u00e4hmte Sch\u00f6nheit | Oh mein Gr\u00f6nland<\/title>\n<meta name=\"description\" content=\"Lassen Sie Ihrer Reiselust in Gr\u00f6nland freien Lauf. Entdecken Sie unber\u00fchrte Landschaften, Gletscher und eine reiche Tierwelt. Beginnen Sie Ihr au\u00dfergew\u00f6hnliches Abenteuer mit OMG Boat Trips.\" \/>\n<meta name=\"robots\" content=\"index, follow, max-snippet:-1, max-image-preview:large, max-video-preview:-1\" \/>\n<link rel=\"canonical\" href=\"https:\/\/ohmygreenland.com\/de\/\" \/>\n<meta property=\"og:locale\" content=\"de_DE\" \/>\n<meta property=\"og:type\" content=\"article\" \/>\n<meta property=\"og:title\" content=\"Entdecken Sie ungez\u00e4hmte Sch\u00f6nheit | Oh mein Gr\u00f6nland\" \/>\n<meta property=\"og:description\" content=\"Lassen Sie Ihrer Reiselust in Gr\u00f6nland freien Lauf. Entdecken Sie unber\u00fchrte Landschaften, Gletscher und eine reiche Tierwelt. Beginnen Sie Ihr au\u00dfergew\u00f6hnliches Abenteuer mit OMG Boat Trips.\" \/>\n<meta property=\"og:url\" content=\"https:\/\/ohmygreenland.com\/de\/\" \/>\n<meta property=\"og:site_name\" content=\"OhMyGreenland | Discover Greenland\" \/>\n<meta property=\"article:modified_time\" content=\"2024-12-20T20:52:12+00:00\" \/>\n<meta property=\"og:image\" content=\"https:\/\/ohmygreenland.com\/wp-content\/uploads\/2023\/05\/Forside-1024x671.jpg\" \/>\n<meta name=\"twitter:card\" content=\"summary_large_image\" \/>\n<meta name=\"twitter:label1\" content=\"Gesch\u00e4tzte Lesezeit\" \/>\n\t<meta name=\"twitter:data1\" content=\"1 Minute\" \/>\n<script type=\"application\/ld+json\" class=\"yoast-schema-graph\">{\"@context\":\"https:\/\/schema.org\",\"@graph\":[{\"@type\":\"WebPage\",\"@id\":\"https:\/\/ohmygreenland.com\/de\/\",\"url\":\"https:\/\/ohmygreenland.com\/de\/\",\"name\":\"Entdecken Sie ungez\u00e4hmte Sch\u00f6nheit | Oh mein Gr\u00f6nland\",\"isPartOf\":{\"@id\":\"https:\/\/ohmygreenland.com\/de\/#website\"},\"datePublished\":\"2023-04-27T03:44:06+00:00\",\"dateModified\":\"2024-12-20T20:52:12+00:00\",\"description\":\"Lassen Sie Ihrer Reiselust in Gr\u00f6nland freien Lauf. Entdecken Sie unber\u00fchrte Landschaften, Gletscher und eine reiche Tierwelt. Beginnen Sie Ihr au\u00dfergew\u00f6hnliches Abenteuer mit OMG Boat Trips.\",\"breadcrumb\":{\"@id\":\"https:\/\/ohmygreenland.com\/de\/#breadcrumb\"},\"inLanguage\":\"de\",\"potentialAction\":[{\"@type\":\"ReadAction\",\"target\":[\"https:\/\/ohmygreenland.com\/de\/\"]}]},{\"@type\":\"BreadcrumbList\",\"@id\":\"https:\/\/ohmygreenland.com\/de\/#breadcrumb\",\"itemListElement\":[{\"@type\":\"ListItem\",\"position\":1,\"name\":\"Home\",\"item\":\"https:\/\/ohmygreenland.com\/de\/\"},{\"@type\":\"ListItem\",\"position\":2,\"name\":\"Titelseite\"}]},{\"@type\":\"WebSite\",\"@id\":\"https:\/\/ohmygreenland.com\/de\/#website\",\"url\":\"https:\/\/ohmygreenland.com\/de\/\",\"name\":\"OhMyGreenland | Discover Greenland\",\"description\":\"\",\"potentialAction\":[{\"@type\":\"SearchAction\",\"target\":{\"@type\":\"EntryPoint\",\"urlTemplate\":\"https:\/\/ohmygreenland.com\/de\/?s={search_term_string}\"},\"query-input\":{\"@type\":\"PropertyValueSpecification\",\"valueRequired\":true,\"valueName\":\"search_term_string\"}}],\"inLanguage\":\"de\"}]}<\/script>\n<!-- \/ Yoast SEO plugin. -->","yoast_head_json":{"title":"Entdecken Sie ungez\u00e4hmte Sch\u00f6nheit | Oh mein Gr\u00f6nland","description":"Lassen Sie Ihrer Reiselust in Gr\u00f6nland freien Lauf. Entdecken Sie unber\u00fchrte Landschaften, Gletscher und eine reiche Tierwelt. Beginnen Sie Ihr au\u00dfergew\u00f6hnliches Abenteuer mit OMG Boat Trips.","robots":{"index":"index","follow":"follow","max-snippet":"max-snippet:-1","max-image-preview":"max-image-preview:large","max-video-preview":"max-video-preview:-1"},"canonical":"https:\/\/ohmygreenland.com\/de\/","og_locale":"de_DE","og_type":"article","og_title":"Entdecken Sie ungez\u00e4hmte Sch\u00f6nheit | Oh mein Gr\u00f6nland","og_description":"Lassen Sie Ihrer Reiselust in Gr\u00f6nland freien Lauf. Entdecken Sie unber\u00fchrte Landschaften, Gletscher und eine reiche Tierwelt. Beginnen Sie Ihr au\u00dfergew\u00f6hnliches Abenteuer mit OMG Boat Trips.","og_url":"https:\/\/ohmygreenland.com\/de\/","og_site_name":"OhMyGreenland | Discover Greenland","article_modified_time":"2024-12-20T20:52:12+00:00","og_image":[{"url":"https:\/\/ohmygreenland.com\/wp-content\/uploads\/2023\/05\/Forside-1024x671.jpg"}],"twitter_card":"summary_large_image","twitter_misc":{"Gesch\u00e4tzte Lesezeit":"1 Minute"},"schema":{"@context":"https:\/\/schema.org","@graph":[{"@type":"WebPage","@id":"https:\/\/ohmygreenland.com\/de\/","url":"https:\/\/ohmygreenland.com\/de\/","name":"Entdecken Sie ungez\u00e4hmte Sch\u00f6nheit | Oh mein Gr\u00f6nland","isPartOf":{"@id":"https:\/\/ohmygreenland.com\/de\/#website"},"datePublished":"2023-04-27T03:44:06+00:00","dateModified":"2024-12-20T20:52:12+00:00","description":"Lassen Sie Ihrer Reiselust in Gr\u00f6nland freien Lauf. Entdecken Sie unber\u00fchrte Landschaften, Gletscher und eine reiche Tierwelt. Beginnen Sie Ihr au\u00dfergew\u00f6hnliches Abenteuer mit OMG Boat Trips.","breadcrumb":{"@id":"https:\/\/ohmygreenland.com\/de\/#breadcrumb"},"inLanguage":"de","potentialAction":[{"@type":"ReadAction","target":["https:\/\/ohmygreenland.com\/de\/"]}]},{"@type":"BreadcrumbList","@id":"https:\/\/ohmygreenland.com\/de\/#breadcrumb","itemListElement":[{"@type":"ListItem","position":1,"name":"Home","item":"https:\/\/ohmygreenland.com\/de\/"},{"@type":"ListItem","position":2,"name":"Titelseite"}]},{"@type":"WebSite","@id":"https:\/\/ohmygreenland.com\/de\/#website","url":"https:\/\/ohmygreenland.com\/de\/","name":"OhMyGreenland | Discover Greenland","description":"","potentialAction":[{"@type":"SearchAction","target":{"@type":"EntryPoint","urlTemplate":"https:\/\/ohmygreenland.com\/de\/?s={search_term_string}"},"query-input":{"@type":"PropertyValueSpecification","valueRequired":true,"valueName":"search_term_string"}}],"inLanguage":"de"}]}},"_links":{"self":[{"href":"https:\/\/ohmygreenland.com\/de\/wp-json\/wp\/v2\/pages\/3125","targetHints":{"allow":["GET"]}}],"collection":[{"href":"https:\/\/ohmygreenland.com\/de\/wp-json\/wp\/v2\/pages"}],"about":[{"href":"https:\/\/ohmygreenland.com\/de\/wp-json\/wp\/v2\/types\/page"}],"author":[{"embeddable":true,"href":"https:\/\/ohmygreenland.com\/de\/wp-json\/wp\/v2\/users\/1"}],"replies":[{"embeddable":true,"href":"https:\/\/ohmygreenland.com\/de\/wp-json\/wp\/v2\/comments?post=3125"}],"version-history":[{"count":39,"href":"https:\/\/ohmygreenland.com\/de\/wp-json\/wp\/v2\/pages\/3125\/revisions"}],"predecessor-version":[{"id":9549,"href":"https:\/\/ohmygreenland.com\/de\/wp-json\/wp\/v2\/pages\/3125\/revisions\/9549"}],"wp:attachment":[{"href":"https:\/\/ohmygreenland.com\/de\/wp-json\/wp\/v2\/media?parent=3125"}],"wp:term":[{"taxonomy":"category","embeddable":true,"href":"https:\/\/ohmygreenland.com\/de\/wp-json\/wp\/v2\/categories?post=3125"},{"taxonomy":"post_tag","embeddable":true,"href":"https:\/\/ohmygreenland.com\/de\/wp-json\/wp\/v2\/tags?post=3125"}],"curies":[{"name":"wp","href":"https:\/\/api.w.org\/{rel}","templated":true}]}}