{"id":4923,"date":"2023-06-02T07:57:43","date_gmt":"2023-06-02T07:57:43","guid":{"rendered":"https:\/\/ohmygreenland.com\/?page_id=4923"},"modified":"2023-06-20T10:07:08","modified_gmt":"2023-06-20T10:07:08","slug":"allgemeine-geschaeftsbedingungen","status":"publish","type":"page","link":"https:\/\/ohmygreenland.com\/de\/allgemeine-geschaeftsbedingungen\/","title":{"rendered":"Allgemeine Gesch\u00e4ftsbedingungen"},"content":{"rendered":"\t\t<div data-elementor-type=\"wp-page\" data-elementor-id=\"4923\" class=\"elementor elementor-4923\" data-elementor-post-type=\"page\">\n\t\t\t\t\t\t<section class=\"elementor-section elementor-top-section elementor-element elementor-element-80355cd elementor-section-boxed elementor-section-height-default elementor-section-height-default\" data-id=\"80355cd\" data-element_type=\"section\" data-settings=\"{&quot;background_background&quot;:&quot;classic&quot;}\">\n\t\t\t\t\t\t<div class=\"elementor-container elementor-column-gap-default\">\n\t\t\t\t\t<div class=\"elementor-column elementor-col-100 elementor-top-column elementor-element elementor-element-1854335\" data-id=\"1854335\" data-element_type=\"column\">\n\t\t\t<div class=\"elementor-widget-wrap elementor-element-populated\">\n\t\t\t\t\t\t<section class=\"elementor-section elementor-inner-section elementor-element elementor-element-f1d6620 elementor-section-boxed elementor-section-height-default elementor-section-height-default\" data-id=\"f1d6620\" data-element_type=\"section\">\n\t\t\t\t\t\t<div class=\"elementor-container elementor-column-gap-default\">\n\t\t\t\t\t<div class=\"elementor-column elementor-col-100 elementor-inner-column elementor-element elementor-element-6e63dda\" data-id=\"6e63dda\" data-element_type=\"column\">\n\t\t\t<div class=\"elementor-widget-wrap elementor-element-populated\">\n\t\t\t\t\t\t<div class=\"elementor-element elementor-element-514cbf9 elementor-widget elementor-widget-text-editor\" data-id=\"514cbf9\" data-element_type=\"widget\" data-widget_type=\"text-editor.default\">\n\t\t\t\t<div class=\"elementor-widget-container\">\n\t\t\t\t\t\t\t<p>ALLGEMEINE GESCH\u00c4FTSBEDINGUNGEN<\/p><p>F\u00fcr Touren, die aufgrund von Wetterbedingungen oder technischen Problemen abgesagt werden, werden R\u00fcckerstattungen gew\u00e4hrt. Die Entscheidung \u00fcber die Stornierung liegt allein beim Kapit\u00e4n. Wir werden uns bem\u00fchen, gebuchte Touren zu verschieben.<\/p><p>OMG Boat Trips haftet nicht f\u00fcr Kosten oder Ausgaben, die Einzelpersonen aufgrund von Stornierungen oder Versp\u00e4tungen des Dienstes entstehen.<\/p><p>\u00a0<\/p>\t\t\t\t\t\t<\/div>\n\t\t\t\t<\/div>\n\t\t\t\t<div class=\"elementor-element elementor-element-49279a5 elementor-widget elementor-widget-text-editor\" data-id=\"49279a5\" data-element_type=\"widget\" data-widget_type=\"text-editor.default\">\n\t\t\t\t<div class=\"elementor-widget-container\">\n\t\t\t\t\t\t\t<p>WIDERRUFSBELEHRUNG<\/p><p>Die Geb\u00fchr f\u00fcr Stornierungen, die 22 Tage oder mehr vor der Aktivit\u00e4t erfolgen, betr\u00e4gt 10% des Gesamtpreises.<br \/>Die Stornogeb\u00fchr 21 \u2013 8 Tage vor der Aktivit\u00e4t betr\u00e4gt 35% des Gesamtpreises.<br \/>Die Stornogeb\u00fchr 7 \u2013 3 Tage oder weniger vor der Aktivit\u00e4t betr\u00e4gt 55% des Gesamtpreises.<\/p><p>Die Geb\u00fchr f\u00fcr eine Stornierung 3 Tage oder weniger vor der Aktivit\u00e4t betr\u00e4gt 75% des Gesamtpreises.<\/p><p><strong>So k\u00fcndigen Sie<\/strong>: Teilen Sie uns dies einfach per E-Mail oder Telefon mit. Sie erreichen uns unter <a href=\"mailto:info@ohmygreenland.com\">info@ohmygreenland.com<\/a> or <a href=\"tel:+299534211\">(+299) 264211<\/a><\/p>\t\t\t\t\t\t<\/div>\n\t\t\t\t<\/div>\n\t\t\t\t<div class=\"elementor-element elementor-element-6d775d2 elementor-widget elementor-widget-text-editor\" data-id=\"6d775d2\" data-element_type=\"widget\" data-widget_type=\"text-editor.default\">\n\t\t\t\t<div class=\"elementor-widget-container\">\n\t\t\t\t\t\t\t<p>PREISPOLITIK<\/p><p>Alle Touren m\u00fcssen im Voraus per Bank\u00fcberweisung bezahlt werden. Sobald die Zahlung eingegangen ist, erhalten Sie eine endg\u00fcltige Buchungsbest\u00e4tigung per E-Mail.<\/p>\t\t\t\t\t\t<\/div>\n\t\t\t\t<\/div>\n\t\t\t\t<div class=\"elementor-element elementor-element-5e09016 elementor-widget elementor-widget-image\" data-id=\"5e09016\" data-element_type=\"widget\" data-widget_type=\"image.default\">\n\t\t\t\t<div class=\"elementor-widget-container\">\n\t\t\t\t\t\t\t\t\t\t\t\t\t<img decoding=\"async\" src=\"https:\/\/ohmygreenland.com\/wp-content\/uploads\/elementor\/thumbs\/pay-logos-q8864lcga731hghkagm4wumjk60zxottfo5yf9k5xc.png\" title=\"pay-logos\" alt=\"pay-logos\" loading=\"lazy\" \/>\t\t\t\t\t\t\t\t\t\t\t\t\t<\/div>\n\t\t\t\t<\/div>\n\t\t\t\t\t<\/div>\n\t\t<\/div>\n\t\t\t\t\t<\/div>\n\t\t<\/section>\n\t\t\t\t\t<\/div>\n\t\t<\/div>\n\t\t\t\t\t<\/div>\n\t\t<\/section>\n\t\t\t\t<\/div>\n\t\t","protected":false},"excerpt":{"rendered":"<p>ALLGEMEINE GESCH\u00c4FTSBEDINGUNGEN F\u00fcr Touren, die aufgrund von Wetterbedingungen oder technischen Problemen abgesagt werden, werden R\u00fcckerstattungen gew\u00e4hrt. Die Entscheidung \u00fcber die Stornierung liegt allein beim Kapit\u00e4n. Wir werden uns bem\u00fchen, gebuchte Touren zu verschieben. OMG Boat Trips haftet nicht f\u00fcr Kosten oder Ausgaben, die Einzelpersonen aufgrund von Stornierungen oder Versp\u00e4tungen des Dienstes entstehen. \u00a0 WIDERRUFSBELEHRUNG Die [&hellip;]<\/p>\n","protected":false},"author":1,"featured_media":0,"parent":0,"menu_order":0,"comment_status":"closed","ping_status":"closed","template":"","meta":{"_acf_changed":false,"footnotes":""},"categories":[],"tags":[],"class_list":["post-4923","page","type-page","status-publish","hentry"],"acf":[],"yoast_head":"<!-- This site is optimized with the Yoast SEO plugin v23.8 - https:\/\/yoast.com\/wordpress\/plugins\/seo\/ -->\n<title>Allgemeine Gesch\u00e4ftsbedingungen - OhMyGreenland | Discover Greenland<\/title>\n<meta name=\"robots\" content=\"index, follow, max-snippet:-1, max-image-preview:large, max-video-preview:-1\" \/>\n<link rel=\"canonical\" href=\"https:\/\/ohmygreenland.com\/de\/allgemeine-geschaeftsbedingungen\/\" \/>\n<meta property=\"og:locale\" content=\"de_DE\" \/>\n<meta property=\"og:type\" content=\"article\" \/>\n<meta property=\"og:title\" content=\"Allgemeine Gesch\u00e4ftsbedingungen - OhMyGreenland | Discover Greenland\" \/>\n<meta property=\"og:description\" content=\"ALLGEMEINE GESCH\u00c4FTSBEDINGUNGEN F\u00fcr Touren, die aufgrund von Wetterbedingungen oder technischen Problemen abgesagt werden, werden R\u00fcckerstattungen gew\u00e4hrt. Die Entscheidung \u00fcber die Stornierung liegt allein beim Kapit\u00e4n. Wir werden uns bem\u00fchen, gebuchte Touren zu verschieben. OMG Boat Trips haftet nicht f\u00fcr Kosten oder Ausgaben, die Einzelpersonen aufgrund von Stornierungen oder Versp\u00e4tungen des Dienstes entstehen. \u00a0 WIDERRUFSBELEHRUNG Die [&hellip;]\" \/>\n<meta property=\"og:url\" content=\"https:\/\/ohmygreenland.com\/de\/allgemeine-geschaeftsbedingungen\/\" \/>\n<meta property=\"og:site_name\" content=\"OhMyGreenland | Discover Greenland\" \/>\n<meta property=\"article:modified_time\" content=\"2023-06-20T10:07:08+00:00\" \/>\n<meta property=\"og:image\" content=\"https:\/\/ohmygreenland.com\/wp-content\/uploads\/elementor\/thumbs\/pay-logos-q8864lcga731hghkagm4wumjk60zxottfo5yf9k5xc.png\" \/>\n<meta name=\"twitter:card\" content=\"summary_large_image\" \/>\n<meta name=\"twitter:label1\" content=\"Gesch\u00e4tzte Lesezeit\" \/>\n\t<meta name=\"twitter:data1\" content=\"1 Minute\" \/>\n<script type=\"application\/ld+json\" class=\"yoast-schema-graph\">{\"@context\":\"https:\/\/schema.org\",\"@graph\":[{\"@type\":\"WebPage\",\"@id\":\"https:\/\/ohmygreenland.com\/de\/allgemeine-geschaeftsbedingungen\/\",\"url\":\"https:\/\/ohmygreenland.com\/de\/allgemeine-geschaeftsbedingungen\/\",\"name\":\"Allgemeine Gesch\u00e4ftsbedingungen - OhMyGreenland | Discover Greenland\",\"isPartOf\":{\"@id\":\"https:\/\/ohmygreenland.com\/de\/#website\"},\"primaryImageOfPage\":{\"@id\":\"https:\/\/ohmygreenland.com\/de\/allgemeine-geschaeftsbedingungen\/#primaryimage\"},\"image\":{\"@id\":\"https:\/\/ohmygreenland.com\/de\/allgemeine-geschaeftsbedingungen\/#primaryimage\"},\"thumbnailUrl\":\"https:\/\/ohmygreenland.com\/wp-content\/uploads\/elementor\/thumbs\/pay-logos-q8864lcga731hghkagm4wumjk60zxottfo5yf9k5xc.png\",\"datePublished\":\"2023-06-02T07:57:43+00:00\",\"dateModified\":\"2023-06-20T10:07:08+00:00\",\"breadcrumb\":{\"@id\":\"https:\/\/ohmygreenland.com\/de\/allgemeine-geschaeftsbedingungen\/#breadcrumb\"},\"inLanguage\":\"de\",\"potentialAction\":[{\"@type\":\"ReadAction\",\"target\":[\"https:\/\/ohmygreenland.com\/de\/allgemeine-geschaeftsbedingungen\/\"]}]},{\"@type\":\"ImageObject\",\"inLanguage\":\"de\",\"@id\":\"https:\/\/ohmygreenland.com\/de\/allgemeine-geschaeftsbedingungen\/#primaryimage\",\"url\":\"https:\/\/ohmygreenland.com\/wp-content\/uploads\/elementor\/thumbs\/pay-logos-q8864lcga731hghkagm4wumjk60zxottfo5yf9k5xc.png\",\"contentUrl\":\"https:\/\/ohmygreenland.com\/wp-content\/uploads\/elementor\/thumbs\/pay-logos-q8864lcga731hghkagm4wumjk60zxottfo5yf9k5xc.png\"},{\"@type\":\"BreadcrumbList\",\"@id\":\"https:\/\/ohmygreenland.com\/de\/allgemeine-geschaeftsbedingungen\/#breadcrumb\",\"itemListElement\":[{\"@type\":\"ListItem\",\"position\":1,\"name\":\"Home\",\"item\":\"https:\/\/ohmygreenland.com\/de\/\"},{\"@type\":\"ListItem\",\"position\":2,\"name\":\"Allgemeine Gesch\u00e4ftsbedingungen\"}]},{\"@type\":\"WebSite\",\"@id\":\"https:\/\/ohmygreenland.com\/de\/#website\",\"url\":\"https:\/\/ohmygreenland.com\/de\/\",\"name\":\"OhMyGreenland | Discover Greenland\",\"description\":\"\",\"potentialAction\":[{\"@type\":\"SearchAction\",\"target\":{\"@type\":\"EntryPoint\",\"urlTemplate\":\"https:\/\/ohmygreenland.com\/de\/?s={search_term_string}\"},\"query-input\":{\"@type\":\"PropertyValueSpecification\",\"valueRequired\":true,\"valueName\":\"search_term_string\"}}],\"inLanguage\":\"de\"}]}<\/script>\n<!-- \/ Yoast SEO plugin. -->","yoast_head_json":{"title":"Allgemeine Gesch\u00e4ftsbedingungen - OhMyGreenland | Discover Greenland","robots":{"index":"index","follow":"follow","max-snippet":"max-snippet:-1","max-image-preview":"max-image-preview:large","max-video-preview":"max-video-preview:-1"},"canonical":"https:\/\/ohmygreenland.com\/de\/allgemeine-geschaeftsbedingungen\/","og_locale":"de_DE","og_type":"article","og_title":"Allgemeine Gesch\u00e4ftsbedingungen - OhMyGreenland | Discover Greenland","og_description":"ALLGEMEINE GESCH\u00c4FTSBEDINGUNGEN F\u00fcr Touren, die aufgrund von Wetterbedingungen oder technischen Problemen abgesagt werden, werden R\u00fcckerstattungen gew\u00e4hrt. Die Entscheidung \u00fcber die Stornierung liegt allein beim Kapit\u00e4n. Wir werden uns bem\u00fchen, gebuchte Touren zu verschieben. OMG Boat Trips haftet nicht f\u00fcr Kosten oder Ausgaben, die Einzelpersonen aufgrund von Stornierungen oder Versp\u00e4tungen des Dienstes entstehen. \u00a0 WIDERRUFSBELEHRUNG Die [&hellip;]","og_url":"https:\/\/ohmygreenland.com\/de\/allgemeine-geschaeftsbedingungen\/","og_site_name":"OhMyGreenland | Discover Greenland","article_modified_time":"2023-06-20T10:07:08+00:00","og_image":[{"url":"https:\/\/ohmygreenland.com\/wp-content\/uploads\/elementor\/thumbs\/pay-logos-q8864lcga731hghkagm4wumjk60zxottfo5yf9k5xc.png"}],"twitter_card":"summary_large_image","twitter_misc":{"Gesch\u00e4tzte Lesezeit":"1 Minute"},"schema":{"@context":"https:\/\/schema.org","@graph":[{"@type":"WebPage","@id":"https:\/\/ohmygreenland.com\/de\/allgemeine-geschaeftsbedingungen\/","url":"https:\/\/ohmygreenland.com\/de\/allgemeine-geschaeftsbedingungen\/","name":"Allgemeine Gesch\u00e4ftsbedingungen - OhMyGreenland | Discover Greenland","isPartOf":{"@id":"https:\/\/ohmygreenland.com\/de\/#website"},"primaryImageOfPage":{"@id":"https:\/\/ohmygreenland.com\/de\/allgemeine-geschaeftsbedingungen\/#primaryimage"},"image":{"@id":"https:\/\/ohmygreenland.com\/de\/allgemeine-geschaeftsbedingungen\/#primaryimage"},"thumbnailUrl":"https:\/\/ohmygreenland.com\/wp-content\/uploads\/elementor\/thumbs\/pay-logos-q8864lcga731hghkagm4wumjk60zxottfo5yf9k5xc.png","datePublished":"2023-06-02T07:57:43+00:00","dateModified":"2023-06-20T10:07:08+00:00","breadcrumb":{"@id":"https:\/\/ohmygreenland.com\/de\/allgemeine-geschaeftsbedingungen\/#breadcrumb"},"inLanguage":"de","potentialAction":[{"@type":"ReadAction","target":["https:\/\/ohmygreenland.com\/de\/allgemeine-geschaeftsbedingungen\/"]}]},{"@type":"ImageObject","inLanguage":"de","@id":"https:\/\/ohmygreenland.com\/de\/allgemeine-geschaeftsbedingungen\/#primaryimage","url":"https:\/\/ohmygreenland.com\/wp-content\/uploads\/elementor\/thumbs\/pay-logos-q8864lcga731hghkagm4wumjk60zxottfo5yf9k5xc.png","contentUrl":"https:\/\/ohmygreenland.com\/wp-content\/uploads\/elementor\/thumbs\/pay-logos-q8864lcga731hghkagm4wumjk60zxottfo5yf9k5xc.png"},{"@type":"BreadcrumbList","@id":"https:\/\/ohmygreenland.com\/de\/allgemeine-geschaeftsbedingungen\/#breadcrumb","itemListElement":[{"@type":"ListItem","position":1,"name":"Home","item":"https:\/\/ohmygreenland.com\/de\/"},{"@type":"ListItem","position":2,"name":"Allgemeine Gesch\u00e4ftsbedingungen"}]},{"@type":"WebSite","@id":"https:\/\/ohmygreenland.com\/de\/#website","url":"https:\/\/ohmygreenland.com\/de\/","name":"OhMyGreenland | Discover Greenland","description":"","potentialAction":[{"@type":"SearchAction","target":{"@type":"EntryPoint","urlTemplate":"https:\/\/ohmygreenland.com\/de\/?s={search_term_string}"},"query-input":{"@type":"PropertyValueSpecification","valueRequired":true,"valueName":"search_term_string"}}],"inLanguage":"de"}]}},"_links":{"self":[{"href":"https:\/\/ohmygreenland.com\/de\/wp-json\/wp\/v2\/pages\/4923","targetHints":{"allow":["GET"]}}],"collection":[{"href":"https:\/\/ohmygreenland.com\/de\/wp-json\/wp\/v2\/pages"}],"about":[{"href":"https:\/\/ohmygreenland.com\/de\/wp-json\/wp\/v2\/types\/page"}],"author":[{"embeddable":true,"href":"https:\/\/ohmygreenland.com\/de\/wp-json\/wp\/v2\/users\/1"}],"replies":[{"embeddable":true,"href":"https:\/\/ohmygreenland.com\/de\/wp-json\/wp\/v2\/comments?post=4923"}],"version-history":[{"count":13,"href":"https:\/\/ohmygreenland.com\/de\/wp-json\/wp\/v2\/pages\/4923\/revisions"}],"predecessor-version":[{"id":5197,"href":"https:\/\/ohmygreenland.com\/de\/wp-json\/wp\/v2\/pages\/4923\/revisions\/5197"}],"wp:attachment":[{"href":"https:\/\/ohmygreenland.com\/de\/wp-json\/wp\/v2\/media?parent=4923"}],"wp:term":[{"taxonomy":"category","embeddable":true,"href":"https:\/\/ohmygreenland.com\/de\/wp-json\/wp\/v2\/categories?post=4923"},{"taxonomy":"post_tag","embeddable":true,"href":"https:\/\/ohmygreenland.com\/de\/wp-json\/wp\/v2\/tags?post=4923"}],"curies":[{"name":"wp","href":"https:\/\/api.w.org\/{rel}","templated":true}]}}