{"id":3168,"date":"2023-05-04T07:51:48","date_gmt":"2023-05-04T07:51:48","guid":{"rendered":"https:\/\/ohmygreenland.com\/vigtig-information\/"},"modified":"2023-08-19T10:17:06","modified_gmt":"2023-08-19T10:17:06","slug":"vigtig-information","status":"publish","type":"page","link":"https:\/\/ohmygreenland.com\/kl-gl\/vigtig-information\/","title":{"rendered":"FAQ"},"content":{"rendered":"\t\t<div data-elementor-type=\"wp-page\" data-elementor-id=\"3168\" class=\"elementor elementor-3168\" data-elementor-post-type=\"page\">\n\t\t\t\t\t\t<section class=\"elementor-section elementor-top-section elementor-element elementor-element-8c20c1e elementor-section-boxed elementor-section-height-default elementor-section-height-default\" data-id=\"8c20c1e\" data-element_type=\"section\" data-settings=\"{&quot;background_background&quot;:&quot;classic&quot;}\">\n\t\t\t\t\t\t<div class=\"elementor-container elementor-column-gap-default\">\n\t\t\t\t\t<div class=\"elementor-column elementor-col-100 elementor-top-column elementor-element elementor-element-d1974d0\" data-id=\"d1974d0\" data-element_type=\"column\">\n\t\t\t<div class=\"elementor-widget-wrap elementor-element-populated\">\n\t\t\t\t\t\t<div class=\"elementor-element elementor-element-e03a35d elementor-widget elementor-widget-text-editor\" data-id=\"e03a35d\" data-element_type=\"widget\" data-widget_type=\"text-editor.default\">\n\t\t\t\t<div class=\"elementor-widget-container\">\n\t\t\t\t\t\t\t<p>Inniminniineq<\/p>\t\t\t\t\t\t<\/div>\n\t\t\t\t<\/div>\n\t\t\t\t<div class=\"elementor-element elementor-element-b936cd0 elementor-widget elementor-widget-text-editor\" data-id=\"b936cd0\" data-element_type=\"widget\" data-widget_type=\"text-editor.default\">\n\t\t\t\t<div class=\"elementor-widget-container\">\n\t\t\t\t\t\t\t<p>Inniminniissagaanni pisariinnerpaavoq, akikinnerpaallunilu, toqqaannartumik nittartakkakkut inniminniiguit.<\/p><p>Misigissallugit pileriginerusatit\u00a0 ujartukkit.\u00a0<\/p><p>Angallassisartunut allanut naleqqiulluta 12% angullugu akikinneruvugut*<\/p><p>Akikinneruinnarnata aamma 12% angullugu sivisunerusumik misigisassaqartitsivugut*<\/p>\t\t\t\t\t\t<\/div>\n\t\t\t\t<\/div>\n\t\t\t\t<div class=\"elementor-element elementor-element-e4c4797 gallery-spacing-custom elementor-widget elementor-widget-image-gallery\" data-id=\"e4c4797\" data-element_type=\"widget\" data-widget_type=\"image-gallery.default\">\n\t\t\t\t<div class=\"elementor-widget-container\">\n\t\t\t\t\t<div class=\"elementor-image-gallery\">\n\t\t\t<div id='gallery-1' class='gallery galleryid-3168 gallery-columns-3 gallery-size-full'><figure class='gallery-item'>\n\t\t\t<div class='gallery-icon landscape'>\n\t\t\t\t<a data-elementor-open-lightbox=\"yes\" data-elementor-lightbox-slideshow=\"e4c4797\" data-elementor-lightbox-title=\"P8_2\" data-e-action-hash=\"#elementor-action%3Aaction%3Dlightbox%26settings%3DeyJpZCI6MTgxNywidXJsIjoiaHR0cHM6XC9cL29obXlncmVlbmxhbmQuY29tXC93cC1jb250ZW50XC91cGxvYWRzXC8yMDIzXC8wNVwvUDhfMi5qcGciLCJzbGlkZXNob3ciOiJlNGM0Nzk3In0%3D\" href='https:\/\/ohmygreenland.com\/wp-content\/uploads\/2023\/05\/P8_2.jpg'><img fetchpriority=\"high\" decoding=\"async\" width=\"600\" height=\"338\" src=\"https:\/\/ohmygreenland.com\/wp-content\/uploads\/2023\/05\/P8_2.jpg\" class=\"attachment-full size-full\" alt=\"\" srcset=\"https:\/\/ohmygreenland.com\/wp-content\/uploads\/2023\/05\/P8_2.jpg 600w, https:\/\/ohmygreenland.com\/wp-content\/uploads\/2023\/05\/P8_2-300x169.jpg 300w\" sizes=\"(max-width: 600px) 100vw, 600px\" \/><\/a>\n\t\t\t<\/div><\/figure>\n\t\t<\/div>\n\t\t<\/div>\n\t\t\t\t<\/div>\n\t\t\t\t<\/div>\n\t\t\t\t<div class=\"elementor-element elementor-element-ae3d83e elementor-widget elementor-widget-text-editor\" data-id=\"ae3d83e\" data-element_type=\"widget\" data-widget_type=\"text-editor.default\">\n\t\t\t\t<div class=\"elementor-widget-container\">\n\t\t\t\t\t\t\t<p>Sumut ikiartussaagut?\u00a0<\/p>\t\t\t\t\t\t<\/div>\n\t\t\t\t<\/div>\n\t\t\t\t<div class=\"elementor-element elementor-element-d455293 elementor-widget elementor-widget-text-editor\" data-id=\"d455293\" data-element_type=\"widget\" data-widget_type=\"text-editor.default\">\n\t\t\t\t<div class=\"elementor-widget-container\">\n\t\t\t\t\t\t\t<p>Umiatsiamut ikiartorfissat periarfissat marluupput:\u00a0<\/p><p>1. Tidevandstrappen &#8211; Umiarsualivitoqqami umiatsiaaqqat talittarfeeraat, Hotel S\u00f8ma\u00b4p tunuaniittoq.\u00a0<\/p><p>2. Iggiaanut bro F &#8211; Umiatsiaaqqat puttasuini Nasiffiup eqqaaniittumi.\u00a0<\/p>\t\t\t\t\t\t<\/div>\n\t\t\t\t<\/div>\n\t\t\t\t<div class=\"elementor-element elementor-element-66253c4 elementor-widget elementor-widget-image-gallery\" data-id=\"66253c4\" data-element_type=\"widget\" data-widget_type=\"image-gallery.default\">\n\t\t\t\t<div class=\"elementor-widget-container\">\n\t\t\t\t\t<div class=\"elementor-image-gallery\">\n\t\t\t<div id='gallery-2' class='gallery galleryid-3168 gallery-columns-2 gallery-size-thumbnail'><figure class='gallery-item'>\n\t\t\t<div class='gallery-icon portrait'>\n\t\t\t\t<a data-elementor-open-lightbox=\"yes\" data-elementor-lightbox-slideshow=\"66253c4\" data-elementor-lightbox-title=\"Screenshot_20230815_163126_Maps\" data-e-action-hash=\"#elementor-action%3Aaction%3Dlightbox%26settings%3DeyJpZCI6NTkzMiwidXJsIjoiaHR0cHM6XC9cL29obXlncmVlbmxhbmQuY29tXC93cC1jb250ZW50XC91cGxvYWRzXC8yMDIzXC8wOFwvU2NyZWVuc2hvdF8yMDIzMDgxNV8xNjMxMjZfTWFwcy5qcGciLCJzbGlkZXNob3ciOiI2NjI1M2M0In0%3D\" href='https:\/\/ohmygreenland.com\/wp-content\/uploads\/2023\/08\/Screenshot_20230815_163126_Maps.jpg'><img decoding=\"async\" width=\"150\" height=\"150\" src=\"https:\/\/ohmygreenland.com\/wp-content\/uploads\/2023\/08\/Screenshot_20230815_163126_Maps-150x150.jpg\" class=\"attachment-thumbnail size-thumbnail\" alt=\"\" srcset=\"https:\/\/ohmygreenland.com\/wp-content\/uploads\/2023\/08\/Screenshot_20230815_163126_Maps-150x150.jpg 150w, https:\/\/ohmygreenland.com\/wp-content\/uploads\/2023\/08\/Screenshot_20230815_163126_Maps-300x300.jpg 300w, https:\/\/ohmygreenland.com\/wp-content\/uploads\/2023\/08\/Screenshot_20230815_163126_Maps-100x100.jpg 100w\" sizes=\"(max-width: 150px) 100vw, 150px\" \/><\/a>\n\t\t\t<\/div><\/figure><figure class='gallery-item'>\n\t\t\t<div class='gallery-icon portrait'>\n\t\t\t\t<a data-elementor-open-lightbox=\"yes\" data-elementor-lightbox-slideshow=\"66253c4\" data-elementor-lightbox-title=\"Screenshot_20230815_170141_Maps\" data-e-action-hash=\"#elementor-action%3Aaction%3Dlightbox%26settings%3DeyJpZCI6NTk0MywidXJsIjoiaHR0cHM6XC9cL29obXlncmVlbmxhbmQuY29tXC93cC1jb250ZW50XC91cGxvYWRzXC8yMDIzXC8wOFwvU2NyZWVuc2hvdF8yMDIzMDgxNV8xNzAxNDFfTWFwcy5qcGciLCJzbGlkZXNob3ciOiI2NjI1M2M0In0%3D\" href='https:\/\/ohmygreenland.com\/wp-content\/uploads\/2023\/08\/Screenshot_20230815_170141_Maps.jpg'><img decoding=\"async\" width=\"150\" height=\"150\" src=\"https:\/\/ohmygreenland.com\/wp-content\/uploads\/2023\/08\/Screenshot_20230815_170141_Maps-150x150.jpg\" class=\"attachment-thumbnail size-thumbnail\" alt=\"\" srcset=\"https:\/\/ohmygreenland.com\/wp-content\/uploads\/2023\/08\/Screenshot_20230815_170141_Maps-150x150.jpg 150w, https:\/\/ohmygreenland.com\/wp-content\/uploads\/2023\/08\/Screenshot_20230815_170141_Maps-300x300.jpg 300w, https:\/\/ohmygreenland.com\/wp-content\/uploads\/2023\/08\/Screenshot_20230815_170141_Maps-100x100.jpg 100w\" sizes=\"(max-width: 150px) 100vw, 150px\" \/><\/a>\n\t\t\t<\/div><\/figure>\n\t\t<\/div>\n\t\t<\/div>\n\t\t\t\t<\/div>\n\t\t\t\t<\/div>\n\t\t\t\t<div class=\"elementor-element elementor-element-33757dd elementor-widget elementor-widget-text-editor\" data-id=\"33757dd\" data-element_type=\"widget\" data-widget_type=\"text-editor.default\">\n\t\t\t\t<div class=\"elementor-widget-container\">\n\t\t\t\t\t\t\t<p>Angalanissamik allannguineq\u00a0 aammalu taamaatitsiinnarneq<\/p>\t\t\t\t\t\t<\/div>\n\t\t\t\t<\/div>\n\t\t\t\t<div class=\"elementor-element elementor-element-f75043f elementor-widget elementor-widget-text-editor\" data-id=\"f75043f\" data-element_type=\"widget\" data-widget_type=\"text-editor.default\">\n\t\t\t\t<div class=\"elementor-widget-container\">\n\t\t\t\t\t\t\t<p>Angalanissamik inniminneriikkamik, allannguitinnak aajuku eqqumaffigisassatit.<\/p><p>Angalanissaq ullut 22 sioqqullugit allannguineq\/taamaatitsiinnarneq &#8211; angalanerup akiata 10%-ia akilerneqassaaq.<\/p><p>Angalanissaq ullut 21-8 sioqqullugit allannguineq\/taamaatitsiinnarneq &#8211; angalanerup akiata 35%-ia akilerneqassaaq.<\/p><p>Angalanissaq ullut 7-3 sioqqullugit allannguineq\/taamaatitsiinnarneq &#8211; angalanerup akiata 55%-ia akilerneqassaaq.\u00a0<\/p><p>Angalanissaq ullut 3-it sioqqullugit allannguineq\/taamaatitsiinnarneq &#8211; angalanerup akiata 75%-ia akilerneqassaaq.<\/p><p><strong>Qanoq taamaatitsiinnassaanga:<\/strong> Allaffigitigut email-kut imaluunniit sms-mik nassissigit. email: ohmygreenland.com sms +299 264211<\/p>\t\t\t\t\t\t<\/div>\n\t\t\t\t<\/div>\n\t\t\t\t<div class=\"elementor-element elementor-element-967d31d elementor-widget elementor-widget-text-editor\" data-id=\"967d31d\" data-element_type=\"widget\" data-widget_type=\"text-editor.default\">\n\t\t\t\t<div class=\"elementor-widget-container\">\n\t\t\t\t\t\t\t<p>Drone-t<\/p>\t\t\t\t\t\t<\/div>\n\t\t\t\t<\/div>\n\t\t\t\t<div class=\"elementor-element elementor-element-243c302 elementor-widget elementor-widget-text-editor\" data-id=\"243c302\" data-element_type=\"widget\" data-widget_type=\"text-editor.default\">\n\t\t\t\t<div class=\"elementor-widget-container\">\n\t\t\t\t\t\t\t<p>OMG Boat Trip-imi angallassitilluta drone-it assigisaallu atorneqarsinnaanngillat.<\/p><p>Tamanna ilaasut allat eqqarsaatigalugit aaliangigaavoq.<\/p><p>Immikkut angallat attartorsimatillugu drone-nerneq akuerisinnaavarput ataani pineqartut unioqqutinngippata.<\/p><ul><li>inuit angalasullu allat eqqaani drone-rneq inerteqqutaavoq.<\/li><li>Immikkut pisortaniik akuersissuteqanngikkuit mittarfeqarfik minnerpaamik 5 km ungasitsigigutsigu atsaat drone-rsinnaavutit<\/li><li>Immikkut akuersissuteqanngikkuitdrone-q uumasunut qanillattortinneqassanngilaq, aamma uumasut\/timmissallu ineqarfii qanillattoqqusaanngillat<\/li><li>Angallatip aquttuata aaliangiinera tamatigut malinneqassaaq.<\/li><\/ul><p>Nuup eqqaanilu drone-rnermi malittarisassat paasisaqarfiginerorusukkukkit una alakkaruk:<\/p><p><a href=\"https:\/\/www.droneregler.dk\/droneflyvning-i-groenland-og-faeroeerne\/droneflyvning-i-groenland-og-faeroeerne\">Droneflyvning i Gr\u00f8nland og F\u00e6r\u00f8erne (droneregler.dk)<\/a><\/p>\t\t\t\t\t\t<\/div>\n\t\t\t\t<\/div>\n\t\t\t\t<div class=\"elementor-element elementor-element-8493a31 elementor-widget-divider--view-line elementor-widget elementor-widget-divider\" data-id=\"8493a31\" data-element_type=\"widget\" data-widget_type=\"divider.default\">\n\t\t\t\t<div class=\"elementor-widget-container\">\n\t\t\t\t\t<div class=\"elementor-divider\">\n\t\t\t<span class=\"elementor-divider-separator\">\n\t\t\t\t\t\t<\/span>\n\t\t<\/div>\n\t\t\t\t<\/div>\n\t\t\t\t<\/div>\n\t\t\t\t<div class=\"elementor-element elementor-element-03b8dd0 elementor-widget elementor-widget-text-editor\" data-id=\"03b8dd0\" data-element_type=\"widget\" data-widget_type=\"text-editor.default\">\n\t\t\t\t<div class=\"elementor-widget-container\">\n\t\t\t\t\t\t\t<p>Angalanermi<\/p>\t\t\t\t\t\t<\/div>\n\t\t\t\t<\/div>\n\t\t\t\t<div class=\"elementor-element elementor-element-01cb139 elementor-widget elementor-widget-text-editor\" data-id=\"01cb139\" data-element_type=\"widget\" data-widget_type=\"text-editor.default\">\n\t\t\t\t<div class=\"elementor-widget-container\">\n\t\t\t\t\t\t\t<p>Umiatsiagut matoqqasuullutillu kiassagaagaluartut makku maluginiaqquagut.<\/p><p>&#8211; Nunatta silaa allanngoriataallaqqissuuvoq. Taamaammat qaleriinnik atisaqarnissaq innersuussutigaarput.\u00a0<\/p><p>&#8211; Atisassamaatinik oqorsaatinillu nassataqarnissaq innersuussutigaarput.<\/p><p>&#8211; Seqinersiutit, creme assigisaallu aamma nassassallugit isumatusaarnerussaaq.<\/p>\t\t\t\t\t\t<\/div>\n\t\t\t\t<\/div>\n\t\t\t\t<div class=\"elementor-element elementor-element-1de7fc4 elementor-widget elementor-widget-image-gallery\" data-id=\"1de7fc4\" data-element_type=\"widget\" data-widget_type=\"image-gallery.default\">\n\t\t\t\t<div class=\"elementor-widget-container\">\n\t\t\t\t\t<div class=\"elementor-image-gallery\">\n\t\t\t<div id='gallery-3' class='gallery galleryid-3168 gallery-columns-3 gallery-size-2048x2048'><figure class='gallery-item'>\n\t\t\t<div class='gallery-icon landscape'>\n\t\t\t\t<a data-elementor-open-lightbox=\"yes\" data-elementor-lightbox-slideshow=\"1de7fc4\" data-elementor-lightbox-title=\"P8_1\" data-e-action-hash=\"#elementor-action%3Aaction%3Dlightbox%26settings%3DeyJpZCI6MTgyNCwidXJsIjoiaHR0cHM6XC9cL29obXlncmVlbmxhbmQuY29tXC93cC1jb250ZW50XC91cGxvYWRzXC8yMDIzXC8wNVwvUDhfMS5qcGciLCJzbGlkZXNob3ciOiIxZGU3ZmM0In0%3D\" href='https:\/\/ohmygreenland.com\/wp-content\/uploads\/2023\/05\/P8_1.jpg'><img loading=\"lazy\" decoding=\"async\" width=\"319\" height=\"179\" src=\"https:\/\/ohmygreenland.com\/wp-content\/uploads\/2023\/05\/P8_1.jpg\" class=\"attachment-2048x2048 size-2048x2048\" alt=\"\" srcset=\"https:\/\/ohmygreenland.com\/wp-content\/uploads\/2023\/05\/P8_1.jpg 319w, https:\/\/ohmygreenland.com\/wp-content\/uploads\/2023\/05\/P8_1-300x168.jpg 300w\" sizes=\"(max-width: 319px) 100vw, 319px\" \/><\/a>\n\t\t\t<\/div><\/figure>\n\t\t<\/div>\n\t\t<\/div>\n\t\t\t\t<\/div>\n\t\t\t\t<\/div>\n\t\t\t\t<div class=\"elementor-element elementor-element-459903d elementor-widget elementor-widget-text-editor\" data-id=\"459903d\" data-element_type=\"widget\" data-widget_type=\"text-editor.default\">\n\t\t\t\t<div class=\"elementor-widget-container\">\n\t\t\t\t\t\t\t<p>Pisuttuarnerit<\/p>\t\t\t\t\t\t<\/div>\n\t\t\t\t<\/div>\n\t\t\t\t<div class=\"elementor-element elementor-element-69c5b19 elementor-widget elementor-widget-text-editor\" data-id=\"69c5b19\" data-element_type=\"widget\" data-widget_type=\"text-editor.default\">\n\t\t\t\t<div class=\"elementor-widget-container\">\n\t\t\t\t\t\t\t<p>Angalaneq pisuttuarnertaqarpat, siunnersuutigaarput, qaleriinnik atisaqarnissaq. Pisuutinik kamippaqarnissaq sapinngisamillu nammattagannguamik nassarnissaq.\u00a0<\/p>\t\t\t\t\t\t<\/div>\n\t\t\t\t<\/div>\n\t\t\t\t<div class=\"elementor-element elementor-element-f988fe4 elementor-widget elementor-widget-text-editor\" data-id=\"f988fe4\" data-element_type=\"widget\" data-widget_type=\"text-editor.default\">\n\t\t\t\t<div class=\"elementor-widget-container\">\n\t\t\t\t\t\t\t<p>Qajarissat<\/p>\t\t\t\t\t\t<\/div>\n\t\t\t\t<\/div>\n\t\t\t\t<div class=\"elementor-element elementor-element-1845704 elementor-widget elementor-widget-text-editor\" data-id=\"1845704\" data-element_type=\"widget\" data-widget_type=\"text-editor.default\">\n\t\t\t\t<div class=\"elementor-widget-container\">\n\t\t\t\t\t\t\t<p>Qajariassatilluni, annanniuteqarnissaq aammalu aaqqateqarnissaq pisariaqarpoq. Taakkua tuperfimmi qajariassatilluni tunniunneqartarput.<\/p><p>Imarput nillersukasiusinnaasarmat qajariassatilluni qaleriinnik oqorsarsimanissaq innersuussutigaarput<\/p>\t\t\t\t\t\t<\/div>\n\t\t\t\t<\/div>\n\t\t\t\t<div class=\"elementor-element elementor-element-b7191f0 elementor-widget elementor-widget-text-editor\" data-id=\"b7191f0\" data-element_type=\"widget\" data-widget_type=\"text-editor.default\">\n\t\t\t\t<div class=\"elementor-widget-container\">\n\t\t\t\t\t\t\t<p>Aallaarsimaarfitsinni imigassartorneq.<\/p>\t\t\t\t\t\t<\/div>\n\t\t\t\t<\/div>\n\t\t\t\t<div class=\"elementor-element elementor-element-9b613e3 elementor-widget elementor-widget-text-editor\" data-id=\"9b613e3\" data-element_type=\"widget\" data-widget_type=\"text-editor.default\">\n\t\t\t\t<div class=\"elementor-widget-container\">\n\t\t\t\t\t\t\t<p>Unnuiartortunut, imigassartorsimannginnissaq, unnuinermilu imigassartunnginnissaq piumasaqaataavoq.<\/p>\t\t\t\t\t\t<\/div>\n\t\t\t\t<\/div>\n\t\t\t\t<div class=\"elementor-element elementor-element-a9b6639 elementor-widget elementor-widget-text-editor\" data-id=\"a9b6639\" data-element_type=\"widget\" data-widget_type=\"text-editor.default\">\n\t\t\t\t<div class=\"elementor-widget-container\">\n\t\t\t\t\t\t\t<p>Allanik apeqqutissaqaruit uunga attavigisinnaavatsigut &#8211;\u00a0 info@ohmygreenland.com<\/p>\t\t\t\t\t\t<\/div>\n\t\t\t\t<\/div>\n\t\t\t\t\t<\/div>\n\t\t<\/div>\n\t\t\t\t\t<\/div>\n\t\t<\/section>\n\t\t\t\t<\/div>\n\t\t","protected":false},"excerpt":{"rendered":"<p>Inniminniineq Inniminniissagaanni pisariinnerpaavoq, akikinnerpaallunilu, toqqaannartumik nittartakkakkut inniminniiguit. Misigissallugit pileriginerusatit\u00a0 ujartukkit.\u00a0 Angallassisartunut allanut naleqqiulluta 12% angullugu akikinneruvugut* Akikinneruinnarnata aamma 12% angullugu sivisunerusumik misigisassaqartitsivugut* Sumut ikiartussaagut?\u00a0 Umiatsiamut ikiartorfissat periarfissat marluupput:\u00a0 1. Tidevandstrappen &#8211; Umiarsualivitoqqami umiatsiaaqqat talittarfeeraat, Hotel S\u00f8ma\u00b4p tunuaniittoq.\u00a0 2. Iggiaanut bro F &#8211; Umiatsiaaqqat puttasuini Nasiffiup eqqaaniittumi.\u00a0 Angalanissamik allannguineq\u00a0 aammalu taamaatitsiinnarneq Angalanissamik inniminneriikkamik, allannguitinnak aajuku eqqumaffigisassatit. [&hellip;]<\/p>\n","protected":false},"author":1,"featured_media":0,"parent":0,"menu_order":0,"comment_status":"closed","ping_status":"closed","template":"","meta":{"_acf_changed":false,"footnotes":""},"categories":[],"tags":[],"class_list":["post-3168","page","type-page","status-publish","hentry"],"acf":[],"yoast_head":"<!-- This site is optimized with the Yoast SEO plugin v23.8 - https:\/\/yoast.com\/wordpress\/plugins\/seo\/ -->\n<title>FAQ - OhMyGreenland | Discover Greenland<\/title>\n<meta name=\"robots\" content=\"index, follow, max-snippet:-1, max-image-preview:large, max-video-preview:-1\" \/>\n<link rel=\"canonical\" href=\"https:\/\/ohmygreenland.com\/kl-gl\/vigtig-information\/\" \/>\n<meta property=\"og:locale\" content=\"en_US\" \/>\n<meta property=\"og:type\" content=\"article\" \/>\n<meta property=\"og:title\" content=\"FAQ - OhMyGreenland | Discover Greenland\" \/>\n<meta property=\"og:description\" content=\"Inniminniineq Inniminniissagaanni pisariinnerpaavoq, akikinnerpaallunilu, toqqaannartumik nittartakkakkut inniminniiguit. Misigissallugit pileriginerusatit\u00a0 ujartukkit.\u00a0 Angallassisartunut allanut naleqqiulluta 12% angullugu akikinneruvugut* Akikinneruinnarnata aamma 12% angullugu sivisunerusumik misigisassaqartitsivugut* Sumut ikiartussaagut?\u00a0 Umiatsiamut ikiartorfissat periarfissat marluupput:\u00a0 1. Tidevandstrappen &#8211; Umiarsualivitoqqami umiatsiaaqqat talittarfeeraat, Hotel S\u00f8ma\u00b4p tunuaniittoq.\u00a0 2. Iggiaanut bro F &#8211; Umiatsiaaqqat puttasuini Nasiffiup eqqaaniittumi.\u00a0 Angalanissamik allannguineq\u00a0 aammalu taamaatitsiinnarneq Angalanissamik inniminneriikkamik, allannguitinnak aajuku eqqumaffigisassatit. [&hellip;]\" \/>\n<meta property=\"og:url\" content=\"https:\/\/ohmygreenland.com\/kl-gl\/vigtig-information\/\" \/>\n<meta property=\"og:site_name\" content=\"OhMyGreenland | Discover Greenland\" \/>\n<meta property=\"article:modified_time\" content=\"2023-08-19T10:17:06+00:00\" \/>\n<meta property=\"og:image\" content=\"https:\/\/ohmygreenland.com\/wp-content\/uploads\/2023\/05\/P8_2.jpg\" \/>\n<meta name=\"twitter:card\" content=\"summary_large_image\" \/>\n<meta name=\"twitter:label1\" content=\"Est. reading time\" \/>\n\t<meta name=\"twitter:data1\" content=\"2 minutes\" \/>\n<script type=\"application\/ld+json\" class=\"yoast-schema-graph\">{\"@context\":\"https:\/\/schema.org\",\"@graph\":[{\"@type\":\"WebPage\",\"@id\":\"https:\/\/ohmygreenland.com\/kl-gl\/vigtig-information\/\",\"url\":\"https:\/\/ohmygreenland.com\/kl-gl\/vigtig-information\/\",\"name\":\"FAQ - OhMyGreenland | Discover Greenland\",\"isPartOf\":{\"@id\":\"https:\/\/ohmygreenland.com\/kl-gl\/#website\"},\"primaryImageOfPage\":{\"@id\":\"https:\/\/ohmygreenland.com\/kl-gl\/vigtig-information\/#primaryimage\"},\"image\":{\"@id\":\"https:\/\/ohmygreenland.com\/kl-gl\/vigtig-information\/#primaryimage\"},\"thumbnailUrl\":\"https:\/\/ohmygreenland.com\/wp-content\/uploads\/2023\/05\/P8_2.jpg\",\"datePublished\":\"2023-05-04T07:51:48+00:00\",\"dateModified\":\"2023-08-19T10:17:06+00:00\",\"breadcrumb\":{\"@id\":\"https:\/\/ohmygreenland.com\/kl-gl\/vigtig-information\/#breadcrumb\"},\"inLanguage\":\"kl-GL\",\"potentialAction\":[{\"@type\":\"ReadAction\",\"target\":[\"https:\/\/ohmygreenland.com\/kl-gl\/vigtig-information\/\"]}]},{\"@type\":\"ImageObject\",\"inLanguage\":\"kl-GL\",\"@id\":\"https:\/\/ohmygreenland.com\/kl-gl\/vigtig-information\/#primaryimage\",\"url\":\"https:\/\/ohmygreenland.com\/wp-content\/uploads\/2023\/05\/P8_2.jpg\",\"contentUrl\":\"https:\/\/ohmygreenland.com\/wp-content\/uploads\/2023\/05\/P8_2.jpg\"},{\"@type\":\"BreadcrumbList\",\"@id\":\"https:\/\/ohmygreenland.com\/kl-gl\/vigtig-information\/#breadcrumb\",\"itemListElement\":[{\"@type\":\"ListItem\",\"position\":1,\"name\":\"Home\",\"item\":\"https:\/\/ohmygreenland.com\/kl-gl\/hjem\/\"},{\"@type\":\"ListItem\",\"position\":2,\"name\":\"FAQ\"}]},{\"@type\":\"WebSite\",\"@id\":\"https:\/\/ohmygreenland.com\/kl-gl\/#website\",\"url\":\"https:\/\/ohmygreenland.com\/kl-gl\/\",\"name\":\"OhMyGreenland | Discover Greenland\",\"description\":\"\",\"potentialAction\":[{\"@type\":\"SearchAction\",\"target\":{\"@type\":\"EntryPoint\",\"urlTemplate\":\"https:\/\/ohmygreenland.com\/kl-gl\/?s={search_term_string}\"},\"query-input\":{\"@type\":\"PropertyValueSpecification\",\"valueRequired\":true,\"valueName\":\"search_term_string\"}}],\"inLanguage\":\"kl-GL\"}]}<\/script>\n<!-- \/ Yoast SEO plugin. -->","yoast_head_json":{"title":"FAQ - OhMyGreenland | Discover Greenland","robots":{"index":"index","follow":"follow","max-snippet":"max-snippet:-1","max-image-preview":"max-image-preview:large","max-video-preview":"max-video-preview:-1"},"canonical":"https:\/\/ohmygreenland.com\/kl-gl\/vigtig-information\/","og_locale":"en_US","og_type":"article","og_title":"FAQ - OhMyGreenland | Discover Greenland","og_description":"Inniminniineq Inniminniissagaanni pisariinnerpaavoq, akikinnerpaallunilu, toqqaannartumik nittartakkakkut inniminniiguit. Misigissallugit pileriginerusatit\u00a0 ujartukkit.\u00a0 Angallassisartunut allanut naleqqiulluta 12% angullugu akikinneruvugut* Akikinneruinnarnata aamma 12% angullugu sivisunerusumik misigisassaqartitsivugut* Sumut ikiartussaagut?\u00a0 Umiatsiamut ikiartorfissat periarfissat marluupput:\u00a0 1. Tidevandstrappen &#8211; Umiarsualivitoqqami umiatsiaaqqat talittarfeeraat, Hotel S\u00f8ma\u00b4p tunuaniittoq.\u00a0 2. Iggiaanut bro F &#8211; Umiatsiaaqqat puttasuini Nasiffiup eqqaaniittumi.\u00a0 Angalanissamik allannguineq\u00a0 aammalu taamaatitsiinnarneq Angalanissamik inniminneriikkamik, allannguitinnak aajuku eqqumaffigisassatit. [&hellip;]","og_url":"https:\/\/ohmygreenland.com\/kl-gl\/vigtig-information\/","og_site_name":"OhMyGreenland | Discover Greenland","article_modified_time":"2023-08-19T10:17:06+00:00","og_image":[{"url":"https:\/\/ohmygreenland.com\/wp-content\/uploads\/2023\/05\/P8_2.jpg"}],"twitter_card":"summary_large_image","twitter_misc":{"Est. reading time":"2 minutes"},"schema":{"@context":"https:\/\/schema.org","@graph":[{"@type":"WebPage","@id":"https:\/\/ohmygreenland.com\/kl-gl\/vigtig-information\/","url":"https:\/\/ohmygreenland.com\/kl-gl\/vigtig-information\/","name":"FAQ - OhMyGreenland | Discover Greenland","isPartOf":{"@id":"https:\/\/ohmygreenland.com\/kl-gl\/#website"},"primaryImageOfPage":{"@id":"https:\/\/ohmygreenland.com\/kl-gl\/vigtig-information\/#primaryimage"},"image":{"@id":"https:\/\/ohmygreenland.com\/kl-gl\/vigtig-information\/#primaryimage"},"thumbnailUrl":"https:\/\/ohmygreenland.com\/wp-content\/uploads\/2023\/05\/P8_2.jpg","datePublished":"2023-05-04T07:51:48+00:00","dateModified":"2023-08-19T10:17:06+00:00","breadcrumb":{"@id":"https:\/\/ohmygreenland.com\/kl-gl\/vigtig-information\/#breadcrumb"},"inLanguage":"kl-GL","potentialAction":[{"@type":"ReadAction","target":["https:\/\/ohmygreenland.com\/kl-gl\/vigtig-information\/"]}]},{"@type":"ImageObject","inLanguage":"kl-GL","@id":"https:\/\/ohmygreenland.com\/kl-gl\/vigtig-information\/#primaryimage","url":"https:\/\/ohmygreenland.com\/wp-content\/uploads\/2023\/05\/P8_2.jpg","contentUrl":"https:\/\/ohmygreenland.com\/wp-content\/uploads\/2023\/05\/P8_2.jpg"},{"@type":"BreadcrumbList","@id":"https:\/\/ohmygreenland.com\/kl-gl\/vigtig-information\/#breadcrumb","itemListElement":[{"@type":"ListItem","position":1,"name":"Home","item":"https:\/\/ohmygreenland.com\/kl-gl\/hjem\/"},{"@type":"ListItem","position":2,"name":"FAQ"}]},{"@type":"WebSite","@id":"https:\/\/ohmygreenland.com\/kl-gl\/#website","url":"https:\/\/ohmygreenland.com\/kl-gl\/","name":"OhMyGreenland | Discover Greenland","description":"","potentialAction":[{"@type":"SearchAction","target":{"@type":"EntryPoint","urlTemplate":"https:\/\/ohmygreenland.com\/kl-gl\/?s={search_term_string}"},"query-input":{"@type":"PropertyValueSpecification","valueRequired":true,"valueName":"search_term_string"}}],"inLanguage":"kl-GL"}]}},"_links":{"self":[{"href":"https:\/\/ohmygreenland.com\/kl-gl\/wp-json\/wp\/v2\/pages\/3168","targetHints":{"allow":["GET"]}}],"collection":[{"href":"https:\/\/ohmygreenland.com\/kl-gl\/wp-json\/wp\/v2\/pages"}],"about":[{"href":"https:\/\/ohmygreenland.com\/kl-gl\/wp-json\/wp\/v2\/types\/page"}],"author":[{"embeddable":true,"href":"https:\/\/ohmygreenland.com\/kl-gl\/wp-json\/wp\/v2\/users\/1"}],"replies":[{"embeddable":true,"href":"https:\/\/ohmygreenland.com\/kl-gl\/wp-json\/wp\/v2\/comments?post=3168"}],"version-history":[{"count":43,"href":"https:\/\/ohmygreenland.com\/kl-gl\/wp-json\/wp\/v2\/pages\/3168\/revisions"}],"predecessor-version":[{"id":6340,"href":"https:\/\/ohmygreenland.com\/kl-gl\/wp-json\/wp\/v2\/pages\/3168\/revisions\/6340"}],"wp:attachment":[{"href":"https:\/\/ohmygreenland.com\/kl-gl\/wp-json\/wp\/v2\/media?parent=3168"}],"wp:term":[{"taxonomy":"category","embeddable":true,"href":"https:\/\/ohmygreenland.com\/kl-gl\/wp-json\/wp\/v2\/categories?post=3168"},{"taxonomy":"post_tag","embeddable":true,"href":"https:\/\/ohmygreenland.com\/kl-gl\/wp-json\/wp\/v2\/tags?post=3168"}],"curies":[{"name":"wp","href":"https:\/\/api.w.org\/{rel}","templated":true}]}}